{"id":2592,"date":"2023-07-20T21:53:09","date_gmt":"2023-07-20T21:53:09","guid":{"rendered":"https:\/\/goncalo.com.pt\/2026\/politica-de-privacidade\/"},"modified":"2023-09-05T19:26:36","modified_gmt":"2023-09-05T19:26:36","slug":"datenschutzrichtlinie","status":"publish","type":"page","link":"https:\/\/goncalo.com.pt\/2026\/de\/datenschutzrichtlinie\/","title":{"rendered":"Datenschutzrichtlinie"},"content":{"rendered":"<div class=\"wpb-content-wrapper\"><p>[vc_row][vc_column][vc_column_text]<\/p>\n<div class=\"page-content \">\n<div class=\"page-content-wrap\">\n<div id=\"post-11656\" class=\"post-11656 page type-page status-publish hentry\">\n<div class=\"entry-content\">\n<article id=\"post-7565\" class=\"post-7565 page type-page status-publish hentry\">\n<div class=\"entry-content\">\n<div class=\"entry-content\">\n<div class=\"entry-content\">\n<p><strong>DATENSCHUTZRICHTLINIE<\/strong><\/p>\n<p>Bei Gon\u00e7alo Confe\u00e7\u00f5es, Lda tragen wir eine wichtige Verantwortung und Verpflichtung hinsichtlich der Sicherheit unserer Website und dem Schutz der Daten unserer Kunden und Besucher.<\/p>\n<p>Nachfolgend finden Sie unsere Datenschutzbestimmungen. Alle \u00c4nderungen dieser Richtlinie werden hier in dieser Erkl\u00e4rung ver\u00f6ffentlicht.<\/p>\n<p><strong>Welche Informationen sammeln wir?<\/strong><\/p>\n<p>Bei Gon\u00e7alo Confe\u00e7\u00f5es, Lda erfassen wir den Namen, die Telefonnummer, die Postanschrift, die E-Mail-Adresse und das Alter des Kunden zur Verwendung in Marketingkampagnen, Preisen und Newslettern. Dar\u00fcber hinaus erheben wir bei einem Einkauf auf unserer Website auch Informationen \u00fcber die Lieferadresse und Zahlungsdetails sowie ggf. die Steueridentifikationsnummer.<\/p>\n<p>M\u00f6glicherweise erfassen wir auch andere Informationen \u00fcber das Kundenerlebnis auf unserer Website, die zur Verbesserung unseres Service beitragen.<\/p>\n<p><strong>Zu welchem \u200b\u200bZweck werden die erhobenen Daten verwendet?<\/strong><\/p>\n<p>Mithilfe der Kundendaten k\u00f6nnen unsere Mitarbeiter Ihre Bestellungen bearbeiten, Sie \u00fcber wichtige \u00c4nderungen der Website-Funktionalit\u00e4t informieren, Umfragen durchf\u00fchren und Informationen f\u00fcr statistische Zwecke einholen.<\/p>\n<p>Wir k\u00f6nnen Ihnen auch regelm\u00e4\u00dfig Informationen \u00fcber Produkte und Dienstleistungen, Kampagnen, Werbeaktionen und Sonderangebote per E-Mail zusenden. Wenn der Kunde keine Kontaktaufnahme zu diesen Zwecken w\u00fcnscht, kann er den Newsletter in seinem pers\u00f6nlichen Konto abbestellen.<\/p>\n<p>Durch die Zusammenarbeit im Team und um den besten Service und die beste Betreuung zu bieten, k\u00f6nnen die Fachleute von Gon\u00e7alo Confe\u00e7\u00f5es, Lda die erfassten personenbezogenen Daten untereinander weitergeben.<\/p>\n<p>Unter Ber\u00fccksichtigung der T\u00e4tigkeit, die Gon\u00e7alo Confe\u00e7\u00f5es, Lda aus\u00fcbt, kann sie jedoch bestimmte Informationen an \u00f6ffentliche Stellen, Lieferanten und andere Partner wie Transportunternehmen, CTT und Chronopost weitergeben, mit dem Ziel, die Lieferzeit mitzuteilen und \u00fcber \u00c4nderungen im Versand zu informieren und verpflichtet sich zum Schutz der Kundendaten. Bei der Bearbeitung der Bestellung eines Kunden ist es m\u00f6glich, dass dessen Daten, wie z. B. Adresse und Postleitzahl, zum Zwecke der Betrugspr\u00e4vention und -aufdeckung weitergegeben werden.<\/p>\n<p><strong>Was sind Cookies und wozu dienen sie?<\/strong><\/p>\n<p>Klicken Sie hier, um unsere Cookie-Richtlinie anzuzeigen.<\/p>\n<p>Ein Cookie ist eine kleine Datei, die an den Computer des Kunden gesendet und auf dessen Festplatte gespeichert wird.<\/p>\n<p>Beim Anlegen eines Kontos auf unserer Website wird auf dem Computer des Kunden ein Cookie gespeichert, das eine automatische Identifizierung erm\u00f6glicht, wenn er unsere Website erneut besucht.<\/p>\n<p>Cookies werden auch verwendet, damit unser System die Schritte des Kunden w\u00e4hrend einer Kaufsitzung verfolgen kann. Wenn der Kunde die Verwendung von Cookies nicht akzeptiert, kann er diese Website nicht nutzen<\/p>\n<p><strong>KUNDENDATEN AKTUALISIEREN<\/strong><\/p>\n<p>Wenn der Kunde die von ihm an Gon\u00e7alo Confe\u00e7\u00f5es, Lda \u00fcbermittelten Daten \u00fcberpr\u00fcfen m\u00f6chte, kann er dies in seinem pers\u00f6nlichen Konto tun.<\/p>\n<p>Der Kunde muss die Zugangsdaten zu seinem Konto sicher aufbewahren, da alle \u00fcber sein Konto vorgenommenen Aktionen oder Anfragen in seiner Verantwortung liegen.<\/p>\n<p>Wir empfehlen Ihnen, Ihr Passwort nicht in Ihrem Browser zu speichern, da jemand anderes mit Zugriff auf Ihren Computer Ihre pers\u00f6nlichen Daten sehen und verwenden kann.<\/p>\n<p>Wir erinnern Sie daran, dass Sie als betroffene Person das Recht haben, Ihre Einwilligung zur Verarbeitung personenbezogener Daten zu widerrufen; der weiteren Datenverarbeitung zu widersprechen; Zugriff auf Daten, Einsichtnahme in die Daten, Berichtigung, L\u00f6schung oder Einschr\u00e4nkung der Verarbeitung zu verlangen; das Recht auf Vergessenwerden zu fordern; die Daten\u00fcbertragbarkeit zu beantragen und im Falle einer rechtswidrigen Verarbeitung personenbezogener Daten eine Beschwerde bei der Nationalen Datenschutzkommission einzureichen.<\/p>\n<p>Alle Anfragen, Klarstellungen oder Angelegenheiten, die Sie f\u00fcr angemessen halten, m\u00fcssen schriftlich an unseren Datenschutzbeauftragten gerichtet werden, indem Sie eine E-Mail an geral@goncalo.com.t senden<\/p>\n<p><strong>SICHERHEIT<\/strong><\/p>\n<p>Gon\u00e7alo Confe\u00e7\u00f5es, Lda nutzt eines der sichersten Online-Bestellsysteme \u00fcberhaupt und verbessert seine Software st\u00e4ndig, um seinen Kunden gr\u00f6\u00dftm\u00f6gliche Sicherheit zu bieten.<\/p>\n<p>Wir nutzen ein Serverzertifikat, auch digitales Zertifikat genannt, das unsere Identit\u00e4t sichert, sowie eine SSL-Verschl\u00fcsselung (Secure Sockets Layer) der \u00fcbertragenen Daten.<\/p>\n<p><strong>GEISTIGES EIGENTUM UND INHALTE<\/strong><\/p>\n<p>Alle geistigen Eigentumsrechte an Software und Inhalten, die \u00fcber diese Website verf\u00fcgbar sind, sind Eigentum von Gon\u00e7alo Confe\u00e7\u00f5es, Lda und werden durch Gesetze und Vertr\u00e4ge auf der ganzen Welt lizenziert und gesch\u00fctzt. Alle diese Rechte sind Gon\u00e7alo Confe\u00e7\u00f5es, Lda und seinen Lieferanten vorbehalten.<\/p>\n<p>Der Kunde darf die Inhalte dieser Website ausschlie\u00dflich f\u00fcr den pers\u00f6nlichen Gebrauch speichern, ausdrucken oder anzeigen.<\/p>\n<p>Die Ver\u00f6ffentlichung, Manipulation, Verbreitung oder Vervielf\u00e4ltigung jeglicher Inhalte dieser Website in jeglichem Format ist nicht gestattet, ebenso ist es nicht gestattet, sie mit einem Unternehmen oder Unternehmen zu verkn\u00fcpfen.<\/p>\n<\/div>\n<\/div>\n<\/div>\n<\/article>\n<\/div>\n<\/div>\n<\/div>\n<\/div>\n<p>[\/vc_column_text][\/vc_column][\/vc_row]<\/p>\n<\/div>","protected":false},"excerpt":{"rendered":"<p>[vc_row][vc_column][vc_column_text] DATENSCHUTZRICHTLINIE Bei Gon\u00e7alo Confe\u00e7\u00f5es, Lda tragen wir eine wichtige Verantwortung und Verpflichtung hinsichtlich der Sicherheit unserer Website und dem Schutz der Daten unserer Kunden und Besucher. Nachfolgend finden Sie unsere Datenschutzbestimmungen. Alle \u00c4nderungen dieser Richtlinie werden hier in dieser Erkl\u00e4rung ver\u00f6ffentlicht. Welche Informationen sammeln wir? Bei Gon\u00e7alo Confe\u00e7\u00f5es, Lda erfassen wir den Namen, die &hellip; <a href=\"https:\/\/goncalo.com.pt\/2026\/de\/datenschutzrichtlinie\/\" class=\"more-link\">Continue reading <span class=\"screen-reader-text\">Datenschutzrichtlinie<\/span><\/a><\/p>\n","protected":false},"author":1,"featured_media":0,"parent":0,"menu_order":0,"comment_status":"closed","ping_status":"closed","template":"","meta":{"footnotes":""},"class_list":["post-2592","page","type-page","status-publish","hentry"],"_links":{"self":[{"href":"https:\/\/goncalo.com.pt\/2026\/de\/wp-json\/wp\/v2\/pages\/2592","targetHints":{"allow":["GET"]}}],"collection":[{"href":"https:\/\/goncalo.com.pt\/2026\/de\/wp-json\/wp\/v2\/pages"}],"about":[{"href":"https:\/\/goncalo.com.pt\/2026\/de\/wp-json\/wp\/v2\/types\/page"}],"author":[{"embeddable":true,"href":"https:\/\/goncalo.com.pt\/2026\/de\/wp-json\/wp\/v2\/users\/1"}],"replies":[{"embeddable":true,"href":"https:\/\/goncalo.com.pt\/2026\/de\/wp-json\/wp\/v2\/comments?post=2592"}],"version-history":[{"count":2,"href":"https:\/\/goncalo.com.pt\/2026\/de\/wp-json\/wp\/v2\/pages\/2592\/revisions"}],"predecessor-version":[{"id":2596,"href":"https:\/\/goncalo.com.pt\/2026\/de\/wp-json\/wp\/v2\/pages\/2592\/revisions\/2596"}],"wp:attachment":[{"href":"https:\/\/goncalo.com.pt\/2026\/de\/wp-json\/wp\/v2\/media?parent=2592"}],"curies":[{"name":"wp","href":"https:\/\/api.w.org\/{rel}","templated":true}]}}