{"id":2598,"date":"2023-07-20T21:55:32","date_gmt":"2023-07-20T21:55:32","guid":{"rendered":"https:\/\/goncalo.com.pt\/2026\/cookies\/"},"modified":"2023-09-08T10:16:11","modified_gmt":"2023-09-08T10:16:11","slug":"cookies","status":"publish","type":"page","link":"https:\/\/goncalo.com.pt\/2026\/de\/cookies\/","title":{"rendered":"Cookies"},"content":{"rendered":"<div class=\"page-content \">\n<div class=\"page-content-wrap\">\n<div id=\"post-11652\" class=\"post-11652 page type-page status-publish hentry\">\n<div class=\"entry-content\">\n<p><strong>Was sind Cookies?<\/strong><\/p>\n<p>Cookies sind kleine Textdateien, die an Ihren Computer oder Ihr Mobilger\u00e4t gesendet werden, wenn Sie Websites besuchen. Mithilfe von Cookies k\u00f6nnen Websites Informationen \u00fcber Ihre Surfgewohnheiten speichern und abrufen, um das Surfen entsprechend Ihren Vorlieben zu personalisieren.<\/p>\n<p><strong>Welche Arten von Cookies verwendet www.goncalo.com.pt?<\/strong><\/p>\n<p>\u2022 Sitzungscookies: Hierbei handelt es sich um tempor\u00e4re Cookies, die in der Cookie-Datei des Browsers verbleiben, bis der Browser die Website verl\u00e4sst. Dies bedeutet, dass keine Aufzeichnungen auf der Festplatte des Benutzers zur\u00fcckbleiben. Die von diesen Cookies gesammelten Informationen werden zur Analyse der Website-Verkehrsmuster verwendet. Letztendlich k\u00f6nnen wir dadurch den Inhalt verbessern und die Benutzerfreundlichkeit der Website verbessern.<\/p>\n<p>\u2022 Analyse-Cookies: Dabei handelt es sich um Cookies, die von uns oder Dritten verarbeitet werden und es uns erm\u00f6glichen, die Anzahl der Benutzer zu quantifizieren und statistische Messungen und Analysen dar\u00fcber durchzuf\u00fchren, wie Benutzer den angebotenen Dienst nutzen. Wir untersuchen Ihre Navigation auf unserer Website mit dem Ziel, die Bereitstellung der Produkte oder Dienstleistungen, die wir Ihnen zur Verf\u00fcgung stellen, zu verbessern.<\/p>\n<p>\u2022 Werbe-Cookies: Dabei handelt es sich um Cookies, die von uns oder von Dritten gut behandelt werden und es uns erm\u00f6glichen, das Angebot an Werbefl\u00e4chen auf der Website effektiver zu verwalten, Ihre Surfgewohnheiten zu analysieren und Ihnen Werbung im Zusammenhang mit Ihrem Profil anzuzeigen Navigation,<\/p>\n<p><strong>Welche Cookies verwenden wir auf unserer Website?<\/strong><\/p>\n<p><strong>Eigene Cookies<\/strong><\/p>\n<p>sr_selected_store: Wird f\u00fcr die Store-Reservierung verwendet, um den vom Benutzer ausgew\u00e4hlten Store beizubehalten<br \/>\ne524cfbb4aad511d59e5e179d95c521b (32-Zeichen-Hash): Sitzungscookie<br \/>\nCART: Zuordnung zum Warenkorb<br \/>\nCATEGORY_INFO: Speichert Kategorieinformationen, um Seiten schneller anzuzeigen<br \/>\nVERGLEICHEN: Produkte zum Vergleich<br \/>\nW\u00e4hrung: Verwendete W\u00e4hrung<br \/>\nKUNDE: Verschl\u00fcsselte Version der Kunden-ID im Gesch\u00e4ft<br \/>\nCUSTOMER_AUTH: Zeigt an, ob Sie derzeit auf der Website angemeldet sind<br \/>\nCUSTOMER_INFO: Verschl\u00fcsselte Version der Kundengruppe, zu der Sie geh\u00f6ren<br \/>\nCUSTOMER_SEGMENT_IDS: Speichert die Kundensegment-ID<br \/>\nEXTERNAL_NO_CACHE: Gibt an, ob der Cache aktiviert ist oder nicht<br \/>\nFRONTEND: Serversitzungs-ID<br \/>\nG\u00c4STEANSICHT: Erm\u00f6glicht nicht registrierten Benutzern, ihre Anfragen zu bearbeiten<br \/>\nLAST_CATEGORY: Zuletzt angezeigte Kategorie<br \/>\nLAST_PRODUCT: Zuletzt angesehenes Produkt<br \/>\nNEWMESSAGE: Zeigt an, ob eine neue Nachricht empfangen wurde<br \/>\nNO_CACHE: Gibt an, ob Sie berechtigt sind, den Cache zu verwenden<br \/>\nPERSISTENT_SHOPPING_CART: Link zu Informationen zum Warenkorb und zur Bestellhistorie<br \/>\nPOLL: ID einer beliebigen Umfrager\u00fcckgabe<br \/>\nPOLLN: Umfrageinformationen<br \/>\nZULETZT VERGLEICHEN: Produkte verglichen<br \/>\nSTF: Informationen zu Produkten, die per E-Mail an Freunde gesendet werden<br \/>\nSTORE: Speichern oder ausgew\u00e4hlte Sprache<br \/>\nUSER_ALLOWED_SAVE_COOKIE: Gibt an, ob der Benutzer die Verwendung von Cookies autorisiert<br \/>\nVIEWED_PRODUCT_IDS: K\u00fcrzlich angesehene Produkte<br \/>\nWHISLIST: Verschl\u00fcsselte Liste der zur Wunschliste hinzugef\u00fcgten Produkte<br \/>\nWHISLIS T_CNT: Anzahl der Produkte in der Wunschliste<br \/>\nLTU: Identifiziert den Benutzer nach der Anmeldung<\/p>\n<p><strong>Cookies von Drittanbietern<\/strong><\/p>\n<p>_utma: Wird zur Unterscheidung von Benutzern und Sitzungen verwendet<br \/>\n_utmb und _utmc: Wird verwendet, um neue Besuche und Sitzungen zu ermitteln<br \/>\n_utmz: Speichert die Traffic-Quelle, um zu erkl\u00e4ren, wie der Benutzer auf die Website gelangt<br \/>\nAPISID, SID und HSID: Werden verwendet, um Benutzer zu identifizieren, die betr\u00fcgerische Verwendung von Benutzerdaten zu verhindern und Benutzerdaten vor Dritten zu sch\u00fctzen<br \/>\nNID: Wird zur Personalisierung von Werbung in Publisher-Netzwerken verwendet<br \/>\nPREF: Erm\u00f6glicht der Website, sich Browsereinstellungen, Sprache und Region zu merken<br \/>\nV1ST<br \/>\nWebanalysen und Videos<br \/>\nBestimmt, welcher Server dem Benutzer die Informationen anzeigt<br \/>\nVerfolgen Sie aktive Sitzungen<br \/>\nLegt fest, ob Cookies aktiv sind<br \/>\nMisst die Reaktionszeit des Benutzers<br \/>\nGibt an, wie oft ein Benutzer uns besucht hat, welche Produkte er gekauft hat und zu welchem \u200b\u200bPreis<br \/>\nmbox: Cookie-Ertrag<br \/>\nIS_RETURNING: Erm\u00f6glicht Ihnen zu erfahren, ob dies der erste Besuch auf der Website ist oder nicht<\/p>\n<p><strong>Was bedeutet, dass die Verwendung von Cookies nicht gestattet ist?<\/strong><\/p>\n<p>Wenn Sie keine Cookies zulassen m\u00f6chten, k\u00f6nnen Sie Cookies in dem von Ihnen verwendeten Browser deaktivieren. Beachten Sie jedoch, dass dadurch m\u00f6glicherweise die korrekte Anzeige einiger Webseiten beeintr\u00e4chtigt wird.<\/p>\n<p><strong>Wie konfiguriere ich meinen Browser?<\/strong><\/p>\n<p>Google Chrome<\/p>\n<p>Klicken Sie auf das Google Chrome-Men\u00fcsymbol.<br \/>\nEinstellungen ausw\u00e4hlen.<br \/>\nKlicken Sie unten auf der Seite auf Erweiterte Einstellungen anzeigen.<br \/>\nKlicken Sie im Abschnitt \u201eDatenschutz\u201c auf Inhaltseinstellungen.<br \/>\nCookies aktivieren oder deaktivieren:<br \/>\nUm Cookies zu aktivieren, w\u00e4hlen Sie \u201eLokale Dateneinstellung zulassen\u201c (empfohlen).<br \/>\nUm Cookies zu deaktivieren, w\u00e4hlen Sie Alle Dateneinstellungen nach Websites blockieren aus.<\/p>\n<p>Internet Explorer<\/p>\n<p>\u00d6ffnen Sie den Internet Explorer, indem Sie auf die Schaltfl\u00e4che \u201eStart\u201c und dann auf \u201eInternet Explorer\u201c klicken.<br \/>\nKlicken Sie auf die Schaltfl\u00e4che \u201eExtras\u201c und dann auf \u201eInternetoptionen\u201c.<br \/>\nKlicken Sie auf die Registerkarte \u201eDatenschutz\u201c und bewegen Sie unter \u201eEinstellungen\u201c den Schieberegler nach oben, um alle Cookies zu blockieren, oder nach unten, um alle Cookies zuzulassen.<\/p>\n<\/div>\n<\/div>\n<\/div>\n<\/div>\n","protected":false},"excerpt":{"rendered":"<p>Was sind Cookies? Cookies sind kleine Textdateien, die an Ihren Computer oder Ihr Mobilger\u00e4t gesendet werden, wenn Sie Websites besuchen. Mithilfe von Cookies k\u00f6nnen Websites Informationen \u00fcber Ihre Surfgewohnheiten speichern und abrufen, um das Surfen entsprechend Ihren Vorlieben zu personalisieren. Welche Arten von Cookies verwendet www.goncalo.com.pt? \u2022 Sitzungscookies: Hierbei handelt es sich um tempor\u00e4re Cookies, &hellip; <a href=\"https:\/\/goncalo.com.pt\/2026\/de\/cookies\/\" class=\"more-link\">Continue reading <span class=\"screen-reader-text\">Cookies<\/span><\/a><\/p>\n","protected":false},"author":1,"featured_media":0,"parent":0,"menu_order":0,"comment_status":"closed","ping_status":"closed","template":"","meta":{"footnotes":""},"class_list":["post-2598","page","type-page","status-publish","hentry"],"_links":{"self":[{"href":"https:\/\/goncalo.com.pt\/2026\/de\/wp-json\/wp\/v2\/pages\/2598","targetHints":{"allow":["GET"]}}],"collection":[{"href":"https:\/\/goncalo.com.pt\/2026\/de\/wp-json\/wp\/v2\/pages"}],"about":[{"href":"https:\/\/goncalo.com.pt\/2026\/de\/wp-json\/wp\/v2\/types\/page"}],"author":[{"embeddable":true,"href":"https:\/\/goncalo.com.pt\/2026\/de\/wp-json\/wp\/v2\/users\/1"}],"replies":[{"embeddable":true,"href":"https:\/\/goncalo.com.pt\/2026\/de\/wp-json\/wp\/v2\/comments?post=2598"}],"version-history":[{"count":3,"href":"https:\/\/goncalo.com.pt\/2026\/de\/wp-json\/wp\/v2\/pages\/2598\/revisions"}],"predecessor-version":[{"id":2709,"href":"https:\/\/goncalo.com.pt\/2026\/de\/wp-json\/wp\/v2\/pages\/2598\/revisions\/2709"}],"wp:attachment":[{"href":"https:\/\/goncalo.com.pt\/2026\/de\/wp-json\/wp\/v2\/media?parent=2598"}],"curies":[{"name":"wp","href":"https:\/\/api.w.org\/{rel}","templated":true}]}}