{"id":2612,"date":"2023-07-20T21:54:45","date_gmt":"2023-07-20T21:54:45","guid":{"rendered":"https:\/\/goncalo.com.pt\/2026\/resolucao-de-litigios\/"},"modified":"2023-09-08T10:20:44","modified_gmt":"2023-09-08T10:20:44","slug":"streitbeilegung","status":"publish","type":"page","link":"https:\/\/goncalo.com.pt\/2026\/de\/streitbeilegung\/","title":{"rendered":"Streitbeilegung"},"content":{"rendered":"<div class=\"page-content \">\n<div class=\"page-content-wrap\">\n<div id=\"post-11658\" class=\"post-11658 page type-page status-publish hentry\">\n<div class=\"entry-content\">\n<article id=\"post-7563\" class=\"post-7563 page type-page status-publish hentry\">\n<div class=\"entry-content\">\n<div class=\"entry-content\">\n<div class=\"entry-content\">\n<div class=\"entry-content\">\n<div id=\"main\" class=\"site-main clearfix\" role=\"main\">\n<p>Im Streitfall kann sich der Verbraucher an eine Verbraucherschlichtungsstelle wenden:<\/p>\n<p>&nbsp;<\/p>\n<p><strong>Verbraucherinformations-, Schlichtungs- und Schlichtungsstelle (Verbraucherschlichtungsgericht)<\/strong><br \/>\n<strong>BRAGA: Rua D Afonso Henriques, Nr. 1 (Ed Junta de Freguesia da S\u00e9)<\/strong><br \/>\n<strong>4700 \u2013 030 Braga<\/strong><\/p>\n<p>Im Falle einer Online-Verbraucherstreitigkeit kann der Verbraucher auf ein \u201eOnline\u201c-Streitbeilegungssystem (RLL), die ODR-Plattform (\u201eOnline-Streitbeilegung\u201c), zur\u00fcckgreifen, das f\u00fcr die Beilegung von Streitigkeiten im Zusammenhang mit den sich aus Kaufvertr\u00e4gen ergebenden vertraglichen Verpflichtungen zust\u00e4ndig ist oder Online-Dienste.<\/p>\n<p>Greifen Sie hier auf die Plattform zur elektronischen alternativen Streitbeilegung f\u00fcr Online-Kauf- oder Servicevertr\u00e4ge zu.<\/p>\n<p>Weitere Informationen zum Verbraucherportal (www.consumidor.pt)<\/p>\n<\/div>\n<\/div>\n<\/div>\n<\/div>\n<\/div>\n<\/article>\n<\/div>\n<\/div>\n<\/div>\n<\/div>\n","protected":false},"excerpt":{"rendered":"<p>Im Streitfall kann sich der Verbraucher an eine Verbraucherschlichtungsstelle wenden: &nbsp; Verbraucherinformations-, Schlichtungs- und Schlichtungsstelle (Verbraucherschlichtungsgericht) BRAGA: Rua D Afonso Henriques, Nr. 1 (Ed Junta de Freguesia da S\u00e9) 4700 \u2013 030 Braga Im Falle einer Online-Verbraucherstreitigkeit kann der Verbraucher auf ein \u201eOnline\u201c-Streitbeilegungssystem (RLL), die ODR-Plattform (\u201eOnline-Streitbeilegung\u201c), zur\u00fcckgreifen, das f\u00fcr die Beilegung von Streitigkeiten im &hellip; <a href=\"https:\/\/goncalo.com.pt\/2026\/de\/streitbeilegung\/\" class=\"more-link\">Continue reading <span class=\"screen-reader-text\">Streitbeilegung<\/span><\/a><\/p>\n","protected":false},"author":1,"featured_media":0,"parent":0,"menu_order":0,"comment_status":"closed","ping_status":"closed","template":"","meta":{"footnotes":""},"class_list":["post-2612","page","type-page","status-publish","hentry"],"_links":{"self":[{"href":"https:\/\/goncalo.com.pt\/2026\/de\/wp-json\/wp\/v2\/pages\/2612","targetHints":{"allow":["GET"]}}],"collection":[{"href":"https:\/\/goncalo.com.pt\/2026\/de\/wp-json\/wp\/v2\/pages"}],"about":[{"href":"https:\/\/goncalo.com.pt\/2026\/de\/wp-json\/wp\/v2\/types\/page"}],"author":[{"embeddable":true,"href":"https:\/\/goncalo.com.pt\/2026\/de\/wp-json\/wp\/v2\/users\/1"}],"replies":[{"embeddable":true,"href":"https:\/\/goncalo.com.pt\/2026\/de\/wp-json\/wp\/v2\/comments?post=2612"}],"version-history":[{"count":2,"href":"https:\/\/goncalo.com.pt\/2026\/de\/wp-json\/wp\/v2\/pages\/2612\/revisions"}],"predecessor-version":[{"id":2711,"href":"https:\/\/goncalo.com.pt\/2026\/de\/wp-json\/wp\/v2\/pages\/2612\/revisions\/2711"}],"wp:attachment":[{"href":"https:\/\/goncalo.com.pt\/2026\/de\/wp-json\/wp\/v2\/media?parent=2612"}],"curies":[{"name":"wp","href":"https:\/\/api.w.org\/{rel}","templated":true}]}}