{"id":2616,"date":"2023-07-20T21:50:52","date_gmt":"2023-07-20T21:50:52","guid":{"rendered":"https:\/\/goncalo.com.pt\/2026\/termos-de-uso\/"},"modified":"2023-09-08T09:56:05","modified_gmt":"2023-09-08T09:56:05","slug":"nutzungsbedingungen","status":"publish","type":"page","link":"https:\/\/goncalo.com.pt\/2026\/de\/nutzungsbedingungen\/","title":{"rendered":"Nutzungsbedingungen"},"content":{"rendered":"<div class=\"page-content \">\n<div class=\"page-content-wrap\">\n<div id=\"post-11654\" class=\"post-11654 page type-page status-publish hentry\">\n<div class=\"entry-content\">\n<article id=\"post-7567\" class=\"post-7567 page type-page status-publish hentry\">\n<div class=\"entry-content\">\n<div class=\"entry-content\">\n<div class=\"entry-content\">\n<div class=\"entry-content\">\n<div id=\"main\" class=\"site-main clearfix\" role=\"main\">\n<div class=\"page-content\">\n<p><strong>\u00dcBERBLICK<\/strong><\/p>\n<p>Diese Website wird von Gon\u00e7alo Confe\u00e7\u00f5es, Lda betrieben. Auf der gesamten Website beziehen sich die Begriffe \u201ewir\u201c, \u201euns\u201c und \u201eunser\u201c auf Gon\u00e7alo Confe\u00e7\u00f5es, Lda. Gon\u00e7alo Confe\u00e7\u00f5es, Lda stellt diese Website einschlie\u00dflich aller verf\u00fcgbaren Informationen, Tools und Dienste bereit von dieser Website an Sie, den Benutzer, unter der Bedingung, dass Sie alle hier aufgef\u00fchrten Bedingungen, Konditionen, Richtlinien und Hinweise akzeptieren.<\/p>\n<p>Wenn Sie unsere Website besuchen und\/oder etwas auf unserer Website kaufen, nutzen Sie unsere \u201eDienste\u201c. Dementsprechend stimmen Sie den folgenden Gesch\u00e4ftsbedingungen (\u201eNutzungsbedingungen\u201c, \u201eBedingungen\u201c) zu, einschlie\u00dflich der zus\u00e4tzlichen Gesch\u00e4ftsbedingungen und Richtlinien, auf die hierin verwiesen wird und\/oder die \u00fcber einen Hyperlink verf\u00fcgbar sind. Diese Nutzungsbedingungen gelten f\u00fcr alle Benutzer der Website, einschlie\u00dflich, aber nicht beschr\u00e4nkt auf Benutzer, die Browser, Lieferanten, Kunden, H\u00e4ndler und\/oder Mitwirkende an Inhalten sind.<\/p>\n<p>Bitte lesen Sie diese Nutzungsbedingungen sorgf\u00e4ltig durch, bevor Sie auf unsere Website zugreifen oder diese nutzen. Durch den Zugriff auf oder die Nutzung eines Teils der Website stimmen Sie den Nutzungsbedingungen zu. Wenn Sie nicht allen Bedingungen dieser Vereinbarung zustimmen, d\u00fcrfen Sie nicht auf die Website zugreifen oder Dienste nutzen. Sofern diese Nutzungsbedingungen als Angebot gelten, beschr\u00e4nkt sich die Annahme ausdr\u00fccklich auf diese Nutzungsbedingungen.<\/p>\n<p>Alle neuen Funktionen oder Tools, die dem aktuellen Store hinzugef\u00fcgt werden, unterliegen ebenfalls den Nutzungsbedingungen. Sie k\u00f6nnen die aktuellste Version der Nutzungsbedingungen jederzeit auf dieser Seite einsehen. Wir behalten uns das Recht vor, Teile dieser Nutzungsbedingungen zu aktualisieren, zu \u00e4ndern oder zu ersetzen, indem wir Aktualisierungen und\/oder \u00c4nderungen auf unserer Website ver\u00f6ffentlichen. Es liegt in Ihrer Verantwortung, diese Seite regelm\u00e4\u00dfig auf \u00c4nderungen zu \u00fcberpr\u00fcfen. Ihre fortgesetzte Nutzung oder Ihr Zugriff auf die Website nach der Ver\u00f6ffentlichung von \u00c4nderungen stellt die Annahme dieser \u00c4nderungen dar.<\/p>\n<p><strong>ABSCHNITT 1 \u2013 ONLINE-SHOP-BEDINGUNGEN<\/strong><\/p>\n<p>Indem Sie den Nutzungsbedingungen zustimmen, best\u00e4tigen Sie, dass Sie in Ihrem Wohnsitzstaat oder in der Provinz vollj\u00e4hrig sind und dass Sie uns Ihr Einverst\u00e4ndnis gegeben haben, Ihren minderj\u00e4hrigen Angeh\u00f6rigen die Nutzung dieser Website zu gestatten.<\/p>\n<p>Sie d\u00fcrfen unsere Produkte nicht f\u00fcr illegale oder unbefugte Zwecke verwenden. Sie d\u00fcrfen durch die Nutzung dieses Dienstes auch nicht gegen Gesetze in Ihrer Gerichtsbarkeit versto\u00dfen (einschlie\u00dflich, aber nicht beschr\u00e4nkt auf Urheberrechtsgesetze).<\/p>\n<p>Sie d\u00fcrfen keine Viren oder Codes zerst\u00f6rerischer Natur \u00fcbertragen.<\/p>\n<p>Ein Versto\u00df gegen eine der Bedingungen f\u00fchrt zur sofortigen K\u00fcndigung Ihrer Dienste.<\/p>\n<p><strong>ABSCHNITT 2 \u2013 ALLGEMEINE GESCH\u00c4FTSBEDINGUNGEN<\/strong><\/p>\n<p>Wir behalten uns das Recht vor, jederzeit und aus beliebigen Gr\u00fcnden den Service zu verweigern.<\/p>\n<p>Sie verstehen, dass Ihre Inhalte (einschlie\u00dflich Kreditkarteninformationen) m\u00f6glicherweise unverschl\u00fcsselt \u00fcbertragen werden und: (a) \u00fcber verschiedene Netzwerke \u00fcbertragen werden; und (b) \u00c4nderungen zur Anpassung und Anpassung an die technischen Anforderungen der Verbindungsnetzwerke oder Ger\u00e4te unterzogen werden. Kreditkarteninformationen werden bei der \u00dcbertragung zwischen Netzwerken immer verschl\u00fcsselt.<\/p>\n<p>Sie erkl\u00e4ren sich damit einverstanden, ohne unsere ausdr\u00fcckliche schriftliche Genehmigung keinen Teil des Dienstes, die Nutzung des Dienstes, den Zugriff auf den Dienst oder jeden Kontakt auf der Website, \u00fcber die der Dienst bereitgestellt wird, zu reproduzieren, zu duplizieren, zu kopieren, zu verkaufen, weiterzuverkaufen oder zu verwerten.<\/p>\n<p>Die in dieser Vereinbarung verwendeten \u00dcberschriften dienen nur der \u00dcbersichtlichkeit und schr\u00e4nken die Bedingungen weder ein noch beeinflussen sie sie anderweitig.<\/p>\n<p><strong>ABSCHNITT 3 \u2013 RICHTIGKEIT, VOLLST\u00c4NDIGKEIT UND AKTUALISIERUNG DER INFORMATIONEN<\/strong><\/p>\n<p>Wir \u00fcbernehmen keine Verantwortung f\u00fcr die auf dieser Website bereitgestellten Informationen, die nicht korrekt, vollst\u00e4ndig oder aktuell sind. Das Material auf dieser Website dient nur zu Informationszwecken und sollte nicht als alleinige Grundlage f\u00fcr Entscheidungen verwendet werden, ohne prim\u00e4re, genauere, vollst\u00e4ndigere oder aktuellere Informationsquellen zu konsultieren. Jegliche Nutzung des Materials auf dieser Website erfolgt auf Ihr eigenes Risiko.<\/p>\n<p>Diese Website kann bestimmte historische Informationen enthalten. Historische Informationen sind m\u00f6glicherweise nicht aktuell und werden nur zu Ihrer Information bereitgestellt. Wir behalten uns das Recht vor, den Inhalt dieser Website jederzeit zu \u00e4ndern, sind jedoch nicht verpflichtet, die Informationen auf unserer Website zu aktualisieren. Sie erkl\u00e4ren sich damit einverstanden, dass es in Ihrer Verantwortung liegt, \u00c4nderungen an unserer Website zu \u00fcberwachen.<\/p>\n<p><strong>ABSCHNITT 4 \u2013 \u00c4NDERUNGEN DES SERVICE UND DER PREISE<\/strong><\/p>\n<p>Die Preise unserer Produkte k\u00f6nnen ohne vorherige Ank\u00fcndigung ge\u00e4ndert werden.<\/p>\n<p>Wir behalten uns das Recht vor, den Dienst (oder Teile oder Inhalte davon) jederzeit und ohne Vorank\u00fcndigung zu \u00e4ndern oder einzustellen.<\/p>\n<p>Wir haften Ihnen oder Dritten gegen\u00fcber nicht f\u00fcr \u00c4nderungen, Preis\u00e4nderungen, Aussetzungen oder Unterbrechungen des Dienstes.<\/p>\n<p><strong>ABSCHNITT 5 \u2013 PRODUKTE ODER DIENSTLEISTUNGEN (falls zutreffend)<\/strong><\/p>\n<p>Bestimmte Produkte oder Dienstleistungen sind m\u00f6glicherweise ausschlie\u00dflich online \u00fcber die Website verf\u00fcgbar. Solche Produkte oder Dienstleistungen sind m\u00f6glicherweise nur in begrenzten Mengen erh\u00e4ltlich und k\u00f6nnen nur gem\u00e4\u00df unserer R\u00fcckgaberichtlinie zur\u00fcckgegeben oder umgetauscht werden.<\/p>\n<\/div>\n<\/div>\n<\/div>\n<\/div>\n<\/div>\n<\/div>\n<\/article>\n<\/div>\n<\/div>\n<\/div>\n<\/div>\n","protected":false},"excerpt":{"rendered":"<p>\u00dcBERBLICK Diese Website wird von Gon\u00e7alo Confe\u00e7\u00f5es, Lda betrieben. Auf der gesamten Website beziehen sich die Begriffe \u201ewir\u201c, \u201euns\u201c und \u201eunser\u201c auf Gon\u00e7alo Confe\u00e7\u00f5es, Lda. Gon\u00e7alo Confe\u00e7\u00f5es, Lda stellt diese Website einschlie\u00dflich aller verf\u00fcgbaren Informationen, Tools und Dienste bereit von dieser Website an Sie, den Benutzer, unter der Bedingung, dass Sie alle hier aufgef\u00fchrten Bedingungen, &hellip; <a href=\"https:\/\/goncalo.com.pt\/2026\/de\/nutzungsbedingungen\/\" class=\"more-link\">Continue reading <span class=\"screen-reader-text\">Nutzungsbedingungen<\/span><\/a><\/p>\n","protected":false},"author":1,"featured_media":0,"parent":0,"menu_order":0,"comment_status":"closed","ping_status":"closed","template":"","meta":{"footnotes":""},"class_list":["post-2616","page","type-page","status-publish","hentry"],"_links":{"self":[{"href":"https:\/\/goncalo.com.pt\/2026\/de\/wp-json\/wp\/v2\/pages\/2616","targetHints":{"allow":["GET"]}}],"collection":[{"href":"https:\/\/goncalo.com.pt\/2026\/de\/wp-json\/wp\/v2\/pages"}],"about":[{"href":"https:\/\/goncalo.com.pt\/2026\/de\/wp-json\/wp\/v2\/types\/page"}],"author":[{"embeddable":true,"href":"https:\/\/goncalo.com.pt\/2026\/de\/wp-json\/wp\/v2\/users\/1"}],"replies":[{"embeddable":true,"href":"https:\/\/goncalo.com.pt\/2026\/de\/wp-json\/wp\/v2\/comments?post=2616"}],"version-history":[{"count":3,"href":"https:\/\/goncalo.com.pt\/2026\/de\/wp-json\/wp\/v2\/pages\/2616\/revisions"}],"predecessor-version":[{"id":2694,"href":"https:\/\/goncalo.com.pt\/2026\/de\/wp-json\/wp\/v2\/pages\/2616\/revisions\/2694"}],"wp:attachment":[{"href":"https:\/\/goncalo.com.pt\/2026\/de\/wp-json\/wp\/v2\/media?parent=2616"}],"curies":[{"name":"wp","href":"https:\/\/api.w.org\/{rel}","templated":true}]}}