{"id":2633,"date":"2023-08-09T16:03:36","date_gmt":"2023-08-09T16:03:36","guid":{"rendered":"https:\/\/goncalo.com.pt\/2026\/servicos\/"},"modified":"2023-09-08T10:47:23","modified_gmt":"2023-09-08T10:47:23","slug":"dienstleistungen","status":"publish","type":"page","link":"https:\/\/goncalo.com.pt\/2026\/de\/dienstleistungen\/","title":{"rendered":"Dienstleistungen"},"content":{"rendered":"<div class=\"wpb-content-wrapper\"><p>[vc_row][vc_column]<div class=\"themetechmount-boxes themetechmount-boxes-service themetechmount-boxes-view-default themetechmount-boxes-col-three themetechmount-boxes-sortable-no themetechmount-boxes-textalign-center tm-cta3-rev-heading\">\n\t\t<div class=\"themetechmount-boxes-inner themetechmount-boxes-service-inner \"><div class=\"themetechmount-box-heading-wrapper tm-element-align-center\"><div class=\"tm-element-heading-wrapper tm-heading-inner tm-element-align-center tm-seperator-none tm-heading-style-vertical \"><section class=\"tm-vc_cta3-container\"><div class=\"tm-vc_general tm-vc_cta3 tm-cta3-only tm-vc_cta3-style-classic tm-vc_cta3-shape-rounded tm-vc_cta3-align-center tm-vc_cta3-color-transparent tm-vc_cta3-icon-size-md tm-vc_cta3-actions-no tm-cta3-without-desc\"><div class=\"tm-vc_cta3_content-container\"><div class=\"tm-vc_cta3-content\"><header class=\"tm-vc_cta3-content-header tm-wrap\"><div class=\"tm-vc_cta3-headers tm-wrap-cell\"><h4 class=\"tm-custom-heading \" >Von der Konzeption bis zur Lieferung.<\/h4>\n<h2 class=\"tm-custom-heading \" >Was machen wir bei der Gon\u00e7alo Group?<\/h2>\n<\/div><div class=\"heading-seperator\"><span><\/span><\/div><\/header><\/div><\/div><\/div><\/section><\/div> <!-- .tm-element-heading-wrapper container --> <\/div> <!-- .tm-element-heading-wrapper container --> \n\t\t\t\t\n\t\t\t\t<div class=\"row multi-columns-row themetechmount-boxes-row-wrapper\">\n\t\t\t\t\t<div class=\"tm-box-col-wrapper col-lg-4 col-sm-6 col-md-4 col-xs-12 design-de\"><article class=\"themetechmount-box themetechmount-box-service themetechmount-servicebox-styletwo \">\n\t<div class=\"themetechmount-post-item\">\n\t\t<div class=\"themetechmount-box-bottom-content\">\t\n\t\t\t<div class=\"tm-featured-wrapper tm-tm_service-featured-wrapper\"><a href=\"https:\/\/goncalo.com.pt\/2026\/de\/service\/materialbeschaffung-und-design\/\"><img loading=\"lazy\" decoding=\"async\" width=\"768\" height=\"512\" src=\"https:\/\/goncalo.com.pt\/2026\/wp-content\/uploads\/2021\/02\/5-min-1-768x512.jpg\" class=\"attachment-medium_large size-medium_large wp-post-image\" alt=\"\" srcset=\"https:\/\/goncalo.com.pt\/2026\/wp-content\/uploads\/2021\/02\/5-min-1-768x512.jpg 768w, https:\/\/goncalo.com.pt\/2026\/wp-content\/uploads\/2021\/02\/5-min-1-300x200.jpg 300w, https:\/\/goncalo.com.pt\/2026\/wp-content\/uploads\/2021\/02\/5-min-1-1024x683.jpg 1024w, https:\/\/goncalo.com.pt\/2026\/wp-content\/uploads\/2021\/02\/5-min-1.jpg 1200w\" sizes=\"auto, (max-width: 768px) 100vw, 768px\" data-id=\"1737\" \/><\/a><\/div>\t\t\t<div class=\"tm-servicebox-detials\">\n\t\t\t\t<div class=\"tm-box-header\">\n\t\t\t\t\t<div class=\"themetechmount-box-title\"><h4><a href=\"https:\/\/goncalo.com.pt\/2026\/de\/service\/materialbeschaffung-und-design\/\">Materialbeschaffung und Design<\/a><\/h4><\/div>\t\t\t\t\t<div class=\"tm-details-link\"><a href=\"https:\/\/goncalo.com.pt\/2026\/de\/service\/materialbeschaffung-und-design\/\"><i class=\"themifyicon ti-arrow-top-right\"><\/i><\/a><\/div>\n\t\t\t\t<\/div>\n\t\t\t\t<div class=\"themetechmount-box-desc\">\n\t\t\t\t\t\t\t\t\t\t\t<div class=\"tm-short-desc\">\n\t\t\t\t\t\t\tIn unserer Designabteilung unterst\u00fctzen wir Ihr Unternehmen bei der Konzeption Ihres Produkts!\t\t\t\t\t\t<\/div>\n\t\t\t\t\t\t\t\t\t<\/div> \n\t\t\t<\/div>\n\t\t<\/div>\n\t<\/div>\n<\/article><\/div><div class=\"tm-box-col-wrapper col-lg-4 col-sm-6 col-md-4 col-xs-12 confecao-de\"><article class=\"themetechmount-box themetechmount-box-service themetechmount-servicebox-styletwo \">\n\t<div class=\"themetechmount-post-item\">\n\t\t<div class=\"themetechmount-box-bottom-content\">\t\n\t\t\t<div class=\"tm-featured-wrapper tm-tm_service-featured-wrapper\"><a href=\"https:\/\/goncalo.com.pt\/2026\/de\/service\/digitales-modellieren-und-schneiden\/\"><img loading=\"lazy\" decoding=\"async\" width=\"768\" height=\"576\" src=\"https:\/\/goncalo.com.pt\/2026\/wp-content\/uploads\/2023\/08\/2a6e6a1d-3656-4642-9976-62a7899d9b44-768x576.jpg\" class=\"attachment-medium_large size-medium_large wp-post-image\" alt=\"\" srcset=\"https:\/\/goncalo.com.pt\/2026\/wp-content\/uploads\/2023\/08\/2a6e6a1d-3656-4642-9976-62a7899d9b44-768x576.jpg 768w, https:\/\/goncalo.com.pt\/2026\/wp-content\/uploads\/2023\/08\/2a6e6a1d-3656-4642-9976-62a7899d9b44-300x225.jpg 300w, https:\/\/goncalo.com.pt\/2026\/wp-content\/uploads\/2023\/08\/2a6e6a1d-3656-4642-9976-62a7899d9b44.jpg 1024w\" sizes=\"auto, (max-width: 768px) 100vw, 768px\" data-id=\"2582\" \/><\/a><\/div>\t\t\t<div class=\"tm-servicebox-detials\">\n\t\t\t\t<div class=\"tm-box-header\">\n\t\t\t\t\t<div class=\"themetechmount-box-title\"><h4><a href=\"https:\/\/goncalo.com.pt\/2026\/de\/service\/digitales-modellieren-und-schneiden\/\">Digitales Modellieren und Schneiden<\/a><\/h4><\/div>\t\t\t\t\t<div class=\"tm-details-link\"><a href=\"https:\/\/goncalo.com.pt\/2026\/de\/service\/digitales-modellieren-und-schneiden\/\"><i class=\"themifyicon ti-arrow-top-right\"><\/i><\/a><\/div>\n\t\t\t\t<\/div>\n\t\t\t\t<div class=\"themetechmount-box-desc\">\n\t\t\t\t\t\t\t\t\t\t\t<div class=\"tm-short-desc\">\n\t\t\t\t\t\t\tWir bieten moderne Maschinen und technologische L\u00f6sungen, die an jeden Kunden angepasst sind, und bedienen ihn schnell, qualitativ hochwertig und sorgf\u00e4ltig.\t\t\t\t\t\t<\/div>\n\t\t\t\t\t\t\t\t\t<\/div> \n\t\t\t<\/div>\n\t\t<\/div>\n\t<\/div>\n<\/article><\/div><div class=\"tm-box-col-wrapper col-lg-4 col-sm-6 col-md-4 col-xs-12 confecao-de\"><article class=\"themetechmount-box themetechmount-box-service themetechmount-servicebox-styletwo \">\n\t<div class=\"themetechmount-post-item\">\n\t\t<div class=\"themetechmount-box-bottom-content\">\t\n\t\t\t<div class=\"tm-featured-wrapper tm-tm_service-featured-wrapper\"><a href=\"https:\/\/goncalo.com.pt\/2026\/de\/service\/konfekt\/\"><img loading=\"lazy\" decoding=\"async\" width=\"768\" height=\"512\" src=\"https:\/\/goncalo.com.pt\/2026\/wp-content\/uploads\/2021\/02\/4-min-1-768x512.jpg\" class=\"attachment-medium_large size-medium_large wp-post-image\" alt=\"confe\u00e7\u00e3o Portugal\" srcset=\"https:\/\/goncalo.com.pt\/2026\/wp-content\/uploads\/2021\/02\/4-min-1-768x512.jpg 768w, https:\/\/goncalo.com.pt\/2026\/wp-content\/uploads\/2021\/02\/4-min-1-300x200.jpg 300w, https:\/\/goncalo.com.pt\/2026\/wp-content\/uploads\/2021\/02\/4-min-1-1024x683.jpg 1024w, https:\/\/goncalo.com.pt\/2026\/wp-content\/uploads\/2021\/02\/4-min-1.jpg 1200w\" sizes=\"auto, (max-width: 768px) 100vw, 768px\" data-id=\"1745\" \/><\/a><\/div>\t\t\t<div class=\"tm-servicebox-detials\">\n\t\t\t\t<div class=\"tm-box-header\">\n\t\t\t\t\t<div class=\"themetechmount-box-title\"><h4><a href=\"https:\/\/goncalo.com.pt\/2026\/de\/service\/konfekt\/\">Konfekt<\/a><\/h4><\/div>\t\t\t\t\t<div class=\"tm-details-link\"><a href=\"https:\/\/goncalo.com.pt\/2026\/de\/service\/konfekt\/\"><i class=\"themifyicon ti-arrow-top-right\"><\/i><\/a><\/div>\n\t\t\t\t<\/div>\n\t\t\t\t<div class=\"themetechmount-box-desc\">\n\t\t\t\t\t\t\t\t\t\t\t<div class=\"tm-short-desc\">\n\t\t\t\t\t\t\tMit 40 Jahren Erfahrung auf dem Markt und eigener Produktion verf\u00fcgen wir \u00fcber die entsprechende Ausr\u00fcstung, um ein Endprodukt mit Oberfl\u00e4chen zu erhalten, die den Industriestandards entsprechen.<br \/>\r\n\t\t\t\t\t\t<\/div>\n\t\t\t\t\t\t\t\t\t<\/div> \n\t\t\t<\/div>\n\t\t<\/div>\n\t<\/div>\n<\/article><\/div><div class=\"tm-box-col-wrapper col-lg-4 col-sm-6 col-md-4 col-xs-12 impressao-dtf-de\"><article class=\"themetechmount-box themetechmount-box-service themetechmount-servicebox-styletwo \">\n\t<div class=\"themetechmount-post-item\">\n\t\t<div class=\"themetechmount-box-bottom-content\">\t\n\t\t\t<div class=\"tm-featured-wrapper tm-tm_service-featured-wrapper\"><a href=\"https:\/\/goncalo.com.pt\/2026\/de\/service\/dtf-druck-ein-revolutionaerer-prozess\/\"><img loading=\"lazy\" decoding=\"async\" width=\"768\" height=\"576\" src=\"https:\/\/goncalo.com.pt\/2026\/wp-content\/uploads\/2023\/08\/976cb0fd-4f62-4829-8723-a37f94ca7132-768x576.jpg\" class=\"attachment-medium_large size-medium_large wp-post-image\" alt=\"\" srcset=\"https:\/\/goncalo.com.pt\/2026\/wp-content\/uploads\/2023\/08\/976cb0fd-4f62-4829-8723-a37f94ca7132-768x576.jpg 768w, https:\/\/goncalo.com.pt\/2026\/wp-content\/uploads\/2023\/08\/976cb0fd-4f62-4829-8723-a37f94ca7132-300x225.jpg 300w, https:\/\/goncalo.com.pt\/2026\/wp-content\/uploads\/2023\/08\/976cb0fd-4f62-4829-8723-a37f94ca7132.jpg 1024w\" sizes=\"auto, (max-width: 768px) 100vw, 768px\" data-id=\"2524\" \/><\/a><\/div>\t\t\t<div class=\"tm-servicebox-detials\">\n\t\t\t\t<div class=\"tm-box-header\">\n\t\t\t\t\t<div class=\"themetechmount-box-title\"><h4><a href=\"https:\/\/goncalo.com.pt\/2026\/de\/service\/dtf-druck-ein-revolutionaerer-prozess\/\">DTF-Druck \u2013 ein revolution\u00e4rer Prozess<\/a><\/h4><\/div>\t\t\t\t\t<div class=\"tm-details-link\"><a href=\"https:\/\/goncalo.com.pt\/2026\/de\/service\/dtf-druck-ein-revolutionaerer-prozess\/\"><i class=\"themifyicon ti-arrow-top-right\"><\/i><\/a><\/div>\n\t\t\t\t<\/div>\n\t\t\t\t<div class=\"themetechmount-box-desc\">\n\t\t\t\t\t\t\t\t\t\t\t<div class=\"tm-short-desc\">\n\t\t\t\t\t\t\tDTF ist ein Drucksystem, das aus Farbdruck auf Folie besteht, entweder als Erg\u00e4nzung zu unserer Produktion oder f\u00fcr den Direktvertrieb.\t\t\t\t\t\t<\/div>\n\t\t\t\t\t\t\t\t\t<\/div> \n\t\t\t<\/div>\n\t\t<\/div>\n\t<\/div>\n<\/article><\/div><div class=\"tm-box-col-wrapper col-lg-4 col-sm-6 col-md-4 col-xs-12 embalamento-de\"><article class=\"themetechmount-box themetechmount-box-service themetechmount-servicebox-styletwo \">\n\t<div class=\"themetechmount-post-item\">\n\t\t<div class=\"themetechmount-box-bottom-content\">\t\n\t\t\t<div class=\"tm-featured-wrapper tm-tm_service-featured-wrapper\"><a href=\"https:\/\/goncalo.com.pt\/2026\/de\/service\/verpackung-und-etikettierung\/\"><img loading=\"lazy\" decoding=\"async\" width=\"768\" height=\"576\" src=\"https:\/\/goncalo.com.pt\/2026\/wp-content\/uploads\/2023\/08\/embalagem_2-768x576.png\" class=\"attachment-medium_large size-medium_large wp-post-image\" alt=\"embalagem\" srcset=\"https:\/\/goncalo.com.pt\/2026\/wp-content\/uploads\/2023\/08\/embalagem_2-768x576.png 768w, https:\/\/goncalo.com.pt\/2026\/wp-content\/uploads\/2023\/08\/embalagem_2-300x225.png 300w, https:\/\/goncalo.com.pt\/2026\/wp-content\/uploads\/2023\/08\/embalagem_2.png 1024w\" sizes=\"auto, (max-width: 768px) 100vw, 768px\" data-id=\"3176\" \/><\/a><\/div>\t\t\t<div class=\"tm-servicebox-detials\">\n\t\t\t\t<div class=\"tm-box-header\">\n\t\t\t\t\t<div class=\"themetechmount-box-title\"><h4><a href=\"https:\/\/goncalo.com.pt\/2026\/de\/service\/verpackung-und-etikettierung\/\">Verpackung und Etikettierung<\/a><\/h4><\/div>\t\t\t\t\t<div class=\"tm-details-link\"><a href=\"https:\/\/goncalo.com.pt\/2026\/de\/service\/verpackung-und-etikettierung\/\"><i class=\"themifyicon ti-arrow-top-right\"><\/i><\/a><\/div>\n\t\t\t\t<\/div>\n\t\t\t\t<div class=\"themetechmount-box-desc\">\n\t\t\t\t\t\t\t\t\t\t\t<div class=\"tm-short-desc\">\n\t\t\t\t\t\t\tDie Ware wird nach Kundenvorgaben verpackt und an jeden beliebigen Bestimmungsort auf der Welt verschickt.\t\t\t\t\t\t<\/div>\n\t\t\t\t\t\t\t\t\t<\/div> \n\t\t\t<\/div>\n\t\t<\/div>\n\t<\/div>\n<\/article><\/div><div class=\"tm-box-col-wrapper col-lg-4 col-sm-6 col-md-4 col-xs-12 armazenamento-de\"><article class=\"themetechmount-box themetechmount-box-service themetechmount-servicebox-styletwo \">\n\t<div class=\"themetechmount-post-item\">\n\t\t<div class=\"themetechmount-box-bottom-content\">\t\n\t\t\t<div class=\"tm-featured-wrapper tm-tm_service-featured-wrapper\"><a href=\"https:\/\/goncalo.com.pt\/2026\/de\/service\/lagerung-und-versand\/\"><img loading=\"lazy\" decoding=\"async\" width=\"768\" height=\"512\" src=\"https:\/\/goncalo.com.pt\/2026\/wp-content\/uploads\/2023\/08\/young-courier-his-colleague-unloading-cardboard-boxes-from-delivery-van-768x512.jpg\" class=\"attachment-medium_large size-medium_large wp-post-image\" alt=\"\" srcset=\"https:\/\/goncalo.com.pt\/2026\/wp-content\/uploads\/2023\/08\/young-courier-his-colleague-unloading-cardboard-boxes-from-delivery-van-768x512.jpg 768w, https:\/\/goncalo.com.pt\/2026\/wp-content\/uploads\/2023\/08\/young-courier-his-colleague-unloading-cardboard-boxes-from-delivery-van-300x200.jpg 300w, https:\/\/goncalo.com.pt\/2026\/wp-content\/uploads\/2023\/08\/young-courier-his-colleague-unloading-cardboard-boxes-from-delivery-van-1024x683.jpg 1024w, https:\/\/goncalo.com.pt\/2026\/wp-content\/uploads\/2023\/08\/young-courier-his-colleague-unloading-cardboard-boxes-from-delivery-van-1536x1024.jpg 1536w, https:\/\/goncalo.com.pt\/2026\/wp-content\/uploads\/2023\/08\/young-courier-his-colleague-unloading-cardboard-boxes-from-delivery-van-2048x1365.jpg 2048w, https:\/\/goncalo.com.pt\/2026\/wp-content\/uploads\/2023\/08\/young-courier-his-colleague-unloading-cardboard-boxes-from-delivery-van-1200x800.jpg 1200w\" sizes=\"auto, (max-width: 768px) 100vw, 768px\" data-id=\"2326\" \/><\/a><\/div>\t\t\t<div class=\"tm-servicebox-detials\">\n\t\t\t\t<div class=\"tm-box-header\">\n\t\t\t\t\t<div class=\"themetechmount-box-title\"><h4><a href=\"https:\/\/goncalo.com.pt\/2026\/de\/service\/lagerung-und-versand\/\">Lagerung und Versand<\/a><\/h4><\/div>\t\t\t\t\t<div class=\"tm-details-link\"><a href=\"https:\/\/goncalo.com.pt\/2026\/de\/service\/lagerung-und-versand\/\"><i class=\"themifyicon ti-arrow-top-right\"><\/i><\/a><\/div>\n\t\t\t\t<\/div>\n\t\t\t\t<div class=\"themetechmount-box-desc\">\n\t\t\t\t\t\t\t\t\t\t\t<div class=\"tm-short-desc\">\n\t\t\t\t\t\t\tMit einem modernen, sicheren Lager in der N\u00e4he der Hauptverkehrswege k\u00f6nnen Sie sich auf Lieferungen innerhalb der vereinbarten Fristen verlassen.\t\t\t\t\t\t<\/div>\n\t\t\t\t\t\t\t\t\t<\/div> \n\t\t\t<\/div>\n\t\t<\/div>\n\t<\/div>\n<\/article><\/div>\n\t\t\t\t<\/div>\n\t\t\t<\/div><!-- .themetechmount-boxes-inner -->   <\/div><!-- .themetechmount-boxes -->  [\/vc_column][\/vc_row]<\/p>\n<\/div>","protected":false},"excerpt":{"rendered":"<p>[vc_row][vc_column][\/vc_column][\/vc_row]<\/p>\n","protected":false},"author":1,"featured_media":0,"parent":0,"menu_order":0,"comment_status":"closed","ping_status":"closed","template":"","meta":{"footnotes":""},"class_list":["post-2633","page","type-page","status-publish","hentry"],"_links":{"self":[{"href":"https:\/\/goncalo.com.pt\/2026\/de\/wp-json\/wp\/v2\/pages\/2633","targetHints":{"allow":["GET"]}}],"collection":[{"href":"https:\/\/goncalo.com.pt\/2026\/de\/wp-json\/wp\/v2\/pages"}],"about":[{"href":"https:\/\/goncalo.com.pt\/2026\/de\/wp-json\/wp\/v2\/types\/page"}],"author":[{"embeddable":true,"href":"https:\/\/goncalo.com.pt\/2026\/de\/wp-json\/wp\/v2\/users\/1"}],"replies":[{"embeddable":true,"href":"https:\/\/goncalo.com.pt\/2026\/de\/wp-json\/wp\/v2\/comments?post=2633"}],"version-history":[{"count":4,"href":"https:\/\/goncalo.com.pt\/2026\/de\/wp-json\/wp\/v2\/pages\/2633\/revisions"}],"predecessor-version":[{"id":2752,"href":"https:\/\/goncalo.com.pt\/2026\/de\/wp-json\/wp\/v2\/pages\/2633\/revisions\/2752"}],"wp:attachment":[{"href":"https:\/\/goncalo.com.pt\/2026\/de\/wp-json\/wp\/v2\/media?parent=2633"}],"curies":[{"name":"wp","href":"https:\/\/api.w.org\/{rel}","templated":true}]}}