{"id":2646,"date":"2021-03-03T08:44:36","date_gmt":"2021-03-03T08:44:36","guid":{"rendered":"https:\/\/goncalo.com.pt\/2026\/sobre-nos\/"},"modified":"2023-09-06T17:43:14","modified_gmt":"2023-09-06T17:43:14","slug":"ueber-uns","status":"publish","type":"page","link":"https:\/\/goncalo.com.pt\/2026\/de\/ueber-uns\/","title":{"rendered":"\u00dcber uns"},"content":{"rendered":"<div class=\"wpb-content-wrapper\"><p>[vc_row][vc_column]<div class=\"tm-element-heading-wrapper tm-heading-inner tm-element-align-left tm-seperator-none tm-heading-style-vertical \"><section class=\"tm-vc_cta3-container\"><div class=\"tm-vc_general tm-vc_cta3 tm-cta3-only tm-vc_cta3-style-classic tm-vc_cta3-shape-rounded tm-vc_cta3-align-left tm-vc_cta3-color-transparent tm-vc_cta3-icon-size-md tm-vc_cta3-actions-no tm-cta3-with-desc\"><div class=\"tm-vc_cta3_content-container\"><div class=\"tm-vc_cta3-content\"><header class=\"tm-vc_cta3-content-header tm-wrap\"><div class=\"tm-vc_cta3-headers tm-wrap-cell\"><h4 class=\"tm-custom-heading \" >WAS MACHT UNS AUS?<\/h4>\n<h2 class=\"tm-custom-heading \" >Betrieb seit <b>1983<\/b><\/h2>\n<\/div><div class=\"heading-seperator\"><span><\/span><\/div><\/header><div class=\"tm-cta3-content-wrapper\">\n<p class=\"Standard\">Das Unternehmen Confe\u00e7\u00f5es Gon\u00e7alo, Lda wurde 1993 gegr\u00fcndet, hat seine Wurzeln jedoch bereits in einem Jahrzehnt davor.<br \/>\nEs begann seine T\u00e4tigkeit im Jahr 1983 und wurde damals individuell von Gon\u00e7alo da Silva Freitas, dem Vater der heutigen gesch\u00e4ftsf\u00fchrenden Gesellschafter, gef\u00fchrt, dessen Name heute ein fester Bestandteil des Firmennamens und der Marke ist. Es begann mit einem halben Dutzend Maschinen, wenigen Ressourcen, aber viel Willenskraft. Mit gro\u00dfem Engagement und Siegergeist gelang es ihm, alle Barrieren zu \u00fcberwinden und alle Opfer zu \u00fcberwinden.<br \/>\nHeute ist es ein Unternehmen, das sich auf die Herstellung von Bekleidung, insbesondere Unterw\u00e4sche f\u00fcr M\u00e4nner, Frauen und Kinder, f\u00fcr den in- und ausl\u00e4ndischen Markt spezialisiert hat. Es verf\u00fcgt \u00fcber die gesamte notwendige und ausgestattete Infrastruktur zur Aus\u00fcbung seiner T\u00e4tigkeit, wobei die Artikel unter Einhaltung anspruchsvoller Qualit\u00e4ts- und Komfortstandards entwickelt, hergestellt und kontrolliert werden.<br \/>\nAngesichts der aktuellen Marktlage ist es seine Mission, die Bed\u00fcrfnisse seiner Kunden zu befriedigen und dabei sein Angebot und die technische Leistungsf\u00e4higkeit seiner Mitarbeiter kontinuierlich zu verbessern.<\/p>\n<p><\/div><\/div><\/div><\/div><\/section><\/div> <!-- .tm-element-heading-wrapper container --> [\/vc_column][\/vc_row][vc_row][vc_column width=&#8220;1\/2&#8243;][vc_separator border_width=&#8220;3&#8243;]<div class=\"themetechmount-iconbox themetechmount-iconbox-stylesix themetechmount-iconbox-style14 \">\n\t<div class=\"themetechmount-iconbox-inner tm-iconstyle-rounded\">\n\t\t<div class=\"tm-iconbox-wrapper tm-wrap\">\n\t\t\t<div class=\"themetechmount-iconbox-icon tm-wrap-cell\">\n\t\t\t\t<div class=\"tm-box-icon\"><i class=\"fa fa-check\"><\/i><\/div>\t\n\t\t\t<\/div>\n\t\t\t<div class=\"themetechmount-iconbox-heading tm-wrap-cell\">\n\t\t\t\t<div class=\"tm-vc_general tm-vc_cta3 tm-cta3-only tm-vc_cta3-style-classic tm-vc_cta3-shape-rounded tm-vc_cta3-align-left tm-vc_cta3-color-transparent tm-vc_cta3-icon-size-md tm-vc_cta3-actions-no tm-cta3-without-desc\"><div class=\"tm-vc_cta3_content-container\"><div class=\"tm-vc_cta3-content\"><header class=\"tm-vc_cta3-content-header tm-wrap\"><div class=\"tm-vc_cta3-headers tm-wrap-cell\"><h2 class=\"tm-custom-heading \">Top-Ausstattung<\/h2>\n<\/div><div class=\"heading-seperator\"><span><\/span><\/div><\/header><\/div><\/div><\/div>\t\t\t<\/div>\n\t\t<\/div>\n\t\t\t<div class=\"tm-iconbox-boxcontent\">\t\t\t\n\t\t\t<div class=\"tm-cta3-content-wrapper\">Angepasst an die Marktanforderungen.<\/div>\t\t\t\t<div class=\"themetechmount-iconbox-button\">\n\t\t\t\t\t\t\t\t\t<\/div>\n\t\t\t<\/div>\t\t\t\n\t<\/div>\t\n<\/div>\n<div class=\"themetechmount-iconbox themetechmount-iconbox-stylesix themetechmount-iconbox-style14 \">\n\t<div class=\"themetechmount-iconbox-inner tm-iconstyle-rounded\">\n\t\t<div class=\"tm-iconbox-wrapper tm-wrap\">\n\t\t\t<div class=\"themetechmount-iconbox-icon tm-wrap-cell\">\n\t\t\t\t<div class=\"tm-box-icon\"><i class=\"fa fa-check\"><\/i><\/div>\t\n\t\t\t<\/div>\n\t\t\t<div class=\"themetechmount-iconbox-heading tm-wrap-cell\">\n\t\t\t\t<div class=\"tm-vc_general tm-vc_cta3 tm-cta3-only tm-vc_cta3-style-classic tm-vc_cta3-shape-rounded tm-vc_cta3-align-left tm-vc_cta3-color-transparent tm-vc_cta3-icon-size-md tm-vc_cta3-actions-no tm-cta3-without-desc\"><div class=\"tm-vc_cta3_content-container\"><div class=\"tm-vc_cta3-content\"><header class=\"tm-vc_cta3-content-header tm-wrap\"><div class=\"tm-vc_cta3-headers tm-wrap-cell\"><h2 class=\"tm-custom-heading \">Personalwesen<\/h2>\n<\/div><div class=\"heading-seperator\"><span><\/span><\/div><\/header><\/div><\/div><\/div>\t\t\t<\/div>\n\t\t<\/div>\n\t\t\t<div class=\"tm-iconbox-boxcontent\">\t\t\t\n\t\t\t<div class=\"tm-cta3-content-wrapper\">Mit Ausbildung und jahrelanger Erfahrung<\/div>\t\t\t\t<div class=\"themetechmount-iconbox-button\">\n\t\t\t\t\t\t\t\t\t<\/div>\n\t\t\t<\/div>\t\t\t\n\t<\/div>\t\n<\/div>\n[vc_separator border_width=&#8220;3&#8243;][\/vc_column][vc_column width=&#8220;1\/2&#8243;][vc_separator border_width=&#8220;3&#8243;]<div class=\"themetechmount-iconbox themetechmount-iconbox-stylesix themetechmount-iconbox-style14 \">\n\t<div class=\"themetechmount-iconbox-inner tm-iconstyle-rounded\">\n\t\t<div class=\"tm-iconbox-wrapper tm-wrap\">\n\t\t\t<div class=\"themetechmount-iconbox-icon tm-wrap-cell\">\n\t\t\t\t<div class=\"tm-box-icon\"><i class=\"fa fa-check\"><\/i><\/div>\t\n\t\t\t<\/div>\n\t\t\t<div class=\"themetechmount-iconbox-heading tm-wrap-cell\">\n\t\t\t\t<div class=\"tm-vc_general tm-vc_cta3 tm-cta3-only tm-vc_cta3-style-classic tm-vc_cta3-shape-rounded tm-vc_cta3-align-left tm-vc_cta3-color-transparent tm-vc_cta3-icon-size-md tm-vc_cta3-actions-no tm-cta3-without-desc\"><div class=\"tm-vc_cta3_content-container\"><div class=\"tm-vc_cta3-content\"><header class=\"tm-vc_cta3-content-header tm-wrap\"><div class=\"tm-vc_cta3-headers tm-wrap-cell\"><h2 class=\"tm-custom-heading \">Moderne Maschinen<\/h2>\n<\/div><div class=\"heading-seperator\"><span><\/span><\/div><\/header><\/div><\/div><\/div>\t\t\t<\/div>\n\t\t<\/div>\n\t\t\t<div class=\"tm-iconbox-boxcontent\">\t\t\t\n\t\t\t<div class=\"tm-cta3-content-wrapper\">Verbunden mit einem geschulten und kompetenten Team.<\/div>\t\t\t\t<div class=\"themetechmount-iconbox-button\">\n\t\t\t\t\t\t\t\t\t<\/div>\n\t\t\t<\/div>\t\t\t\n\t<\/div>\t\n<\/div>\n<div class=\"themetechmount-iconbox themetechmount-iconbox-stylesix themetechmount-iconbox-style14 \">\n\t<div class=\"themetechmount-iconbox-inner tm-iconstyle-rounded\">\n\t\t<div class=\"tm-iconbox-wrapper tm-wrap\">\n\t\t\t<div class=\"themetechmount-iconbox-icon tm-wrap-cell\">\n\t\t\t\t<div class=\"tm-box-icon\"><i class=\"fa fa-check\"><\/i><\/div>\t\n\t\t\t<\/div>\n\t\t\t<div class=\"themetechmount-iconbox-heading tm-wrap-cell\">\n\t\t\t\t<div class=\"tm-vc_general tm-vc_cta3 tm-cta3-only tm-vc_cta3-style-classic tm-vc_cta3-shape-rounded tm-vc_cta3-align-left tm-vc_cta3-color-transparent tm-vc_cta3-icon-size-md tm-vc_cta3-actions-no tm-cta3-without-desc\"><div class=\"tm-vc_cta3_content-container\"><div class=\"tm-vc_cta3-content\"><header class=\"tm-vc_cta3-content-header tm-wrap\"><div class=\"tm-vc_cta3-headers tm-wrap-cell\"><h2 class=\"tm-custom-heading \">Vollst\u00e4ndiger Prozess<\/h2>\n<\/div><div class=\"heading-seperator\"><span><\/span><\/div><\/header><\/div><\/div><\/div>\t\t\t<\/div>\n\t\t<\/div>\n\t\t\t<div class=\"tm-iconbox-boxcontent\">\t\t\t\n\t\t\t<div class=\"tm-cta3-content-wrapper\">Vom Design \u00fcber die Produktion, Verpackung und Etikettierung bis hin zur Lieferung.<\/div>\t\t\t\t<div class=\"themetechmount-iconbox-button\">\n\t\t\t\t\t\t\t\t\t<\/div>\n\t\t\t<\/div>\t\t\t\n\t<\/div>\t\n<\/div>\n[vc_separator border_width=&#8220;3&#8243;][\/vc_column][\/vc_row][vc_row][vc_column]<div class=\"themetechmount-boxes themetechmount-boxes-portfolio themetechmount-boxes-view-default themetechmount-boxes-col-three themetechmount-boxes-sortable-no themetechmount-boxes-textalign-center tm-cta3-rev-heading\">\n\t\t<div class=\"themetechmount-boxes-inner themetechmount-boxes-portfolio-inner \"><div class=\"themetechmount-box-heading-wrapper tm-element-align-center\"><div class=\"tm-element-heading-wrapper tm-heading-inner tm-element-align-center tm-seperator-none tm-heading-style-vertical \"><section class=\"tm-vc_cta3-container\"><div class=\"tm-vc_general tm-vc_cta3 tm-cta3-only tm-vc_cta3-style-classic tm-vc_cta3-shape-rounded tm-vc_cta3-align-center tm-vc_cta3-color-transparent tm-vc_cta3-icon-size-md tm-vc_cta3-actions-no tm-cta3-with-desc\"><div class=\"tm-vc_cta3_content-container\"><div class=\"tm-vc_cta3-content\"><header class=\"tm-vc_cta3-content-header tm-wrap\"><div class=\"tm-vc_cta3-headers tm-wrap-cell\"><h2 class=\"tm-custom-heading \" >Einige Arbeiten<\/h2>\n<\/div><div class=\"heading-seperator\"><span><\/span><\/div><\/header><div class=\"tm-cta3-content-wrapper\"><p>Entdecken Sie einige unserer Arbeiten.<\/p><\/div><\/div><\/div><\/div><\/section><\/div> <!-- .tm-element-heading-wrapper container --> <\/div> <!-- .tm-element-heading-wrapper container --> \n\t\t\t\t\n\t\t\t\t<div class=\"row multi-columns-row themetechmount-boxes-row-wrapper tm-box-masnory\">\n\t\t\t\t\t<div class=\"tm-box-col-wrapper col-lg-4 col-sm-6 col-md-4 col-xs-12 boxers-homem-de\"><article class=\"themetechmount-box themetechmount-box-portfolio themetechmount-portfoliobox-style1 \">\n\t<div class=\"themetechmount-post-item tm-shadow-box\">\t\n\t\t<div class=\"themetechmount-post-item-inner\">\n\t\t\t<div class=\"tm-featured-wrapper tm-tm_portfolio-featured-wrapper\"><a href=\"https:\/\/goncalo.com.pt\/2026\/de\/portfolio\/herren-boxershorts-aus-100-baumwolle\/\"><img loading=\"lazy\" decoding=\"async\" width=\"768\" height=\"1024\" src=\"https:\/\/goncalo.com.pt\/2026\/wp-content\/uploads\/2023\/09\/g-gregory-boxershorts-3er-pack-verschiedenen-mustern-0001794107-768x1024.jpg\" class=\"attachment-medium_large size-medium_large wp-post-image\" alt=\"boxer homem\" srcset=\"https:\/\/goncalo.com.pt\/2026\/wp-content\/uploads\/2023\/09\/g-gregory-boxershorts-3er-pack-verschiedenen-mustern-0001794107-768x1024.jpg 768w, https:\/\/goncalo.com.pt\/2026\/wp-content\/uploads\/2023\/09\/g-gregory-boxershorts-3er-pack-verschiedenen-mustern-0001794107-225x300.jpg 225w, https:\/\/goncalo.com.pt\/2026\/wp-content\/uploads\/2023\/09\/g-gregory-boxershorts-3er-pack-verschiedenen-mustern-0001794107-1152x1536.jpg 1152w, https:\/\/goncalo.com.pt\/2026\/wp-content\/uploads\/2023\/09\/g-gregory-boxershorts-3er-pack-verschiedenen-mustern-0001794107-1536x2048.jpg 1536w, https:\/\/goncalo.com.pt\/2026\/wp-content\/uploads\/2023\/09\/g-gregory-boxershorts-3er-pack-verschiedenen-mustern-0001794107-scaled.jpg 1920w\" sizes=\"auto, (max-width: 768px) 100vw, 768px\" data-id=\"2508\" \/><\/a><\/div>\t\t\t<div class=\"themetechmount-box-content themetechmount-overlay\">\n\t\t\t\t<div class=\"themetechmount-box-content-inner\">\n\t\t\t\t\t<div class=\"themetechmount-icon-box themetechmount-media-link\"><a class=\"tm_prettyphoto\" href=\"https:\/\/goncalo.com.pt\/2026\/wp-content\/uploads\/2023\/09\/g-gregory-boxershorts-3er-pack-verschiedenen-mustern-0001794107-scaled.jpg\"><i class=\"tm-fablio-icon-search\"><\/i><\/a><a href=\" https:\/\/goncalo.com.pt\/2026\/de\/portfolio\/herren-boxershorts-aus-100-baumwolle\/\" class=\"themetechmount_pf_link\"><i class=\"tm-fablio-icon-shuffle\"><\/i><\/a><\/div>\n\t\t\t\t<\/div>\t\t\t\n\t\t\t<\/div>\n\t\t<\/div>\t\t\n\t\t<div class=\"themetechmount-box-bottom-content\">\t\t\t\t\t\t\n\t\t\t<div class=\"themetechmount-box-title\"><h4><a href=\"https:\/\/goncalo.com.pt\/2026\/de\/portfolio\/herren-boxershorts-aus-100-baumwolle\/\">Herren-Boxershorts aus 100 % Baumwolle<\/a><\/h4><\/div>\t\t\t<div class=\"themetechmount-box-desc\">\n\t\t\t\t<p>Herren-Boxershorts aus 100 % Baumwolle mit Knopfleiste und Knopf vorne. Elastischer und gef\u00fctterter Bund.<\/p>\n\t\t\t<\/div>\n\t\t<\/div>\n\t<\/div>\n<\/article><\/div><div class=\"tm-box-col-wrapper col-lg-4 col-sm-6 col-md-4 col-xs-12 \"><article class=\"themetechmount-box themetechmount-box-portfolio themetechmount-portfoliobox-style1 \">\n\t<div class=\"themetechmount-post-item tm-shadow-box\">\t\n\t\t<div class=\"themetechmount-post-item-inner\">\n\t\t\t<div class=\"tm-featured-wrapper tm-tm_portfolio-featured-wrapper\"><a href=\"https:\/\/goncalo.com.pt\/2026\/de\/portfolio\/herren-t-shirt\/\"><img loading=\"lazy\" decoding=\"async\" width=\"568\" height=\"738\" src=\"https:\/\/goncalo.com.pt\/2026\/wp-content\/uploads\/2023\/09\/Capturarc.png\" class=\"attachment-medium_large size-medium_large wp-post-image\" alt=\"t-shirt interior Homem\" srcset=\"https:\/\/goncalo.com.pt\/2026\/wp-content\/uploads\/2023\/09\/Capturarc.png 568w, https:\/\/goncalo.com.pt\/2026\/wp-content\/uploads\/2023\/09\/Capturarc-231x300.png 231w\" sizes=\"auto, (max-width: 568px) 100vw, 568px\" data-id=\"2502\" \/><\/a><\/div>\t\t\t<div class=\"themetechmount-box-content themetechmount-overlay\">\n\t\t\t\t<div class=\"themetechmount-box-content-inner\">\n\t\t\t\t\t<div class=\"themetechmount-icon-box themetechmount-media-link\"><a class=\"tm_prettyphoto\" href=\"https:\/\/goncalo.com.pt\/2026\/wp-content\/uploads\/2023\/09\/Capturarc.png\"><i class=\"tm-fablio-icon-search\"><\/i><\/a><a href=\" https:\/\/goncalo.com.pt\/2026\/de\/portfolio\/herren-t-shirt\/\" class=\"themetechmount_pf_link\"><i class=\"tm-fablio-icon-shuffle\"><\/i><\/a><\/div>\n\t\t\t\t<\/div>\t\t\t\n\t\t\t<\/div>\n\t\t<\/div>\t\t\n\t\t<div class=\"themetechmount-box-bottom-content\">\t\t\t\t\t\t\n\t\t\t<div class=\"themetechmount-box-title\"><h4><a href=\"https:\/\/goncalo.com.pt\/2026\/de\/portfolio\/herren-t-shirt\/\">Herren-T-Shirt<\/a><\/h4><\/div>\t\t\t<div class=\"themetechmount-box-desc\">\n\t\t\t\t<p>Herren-Indoor-T-Shirt aus 95 % Baumwolle, 5 % Elasthan mit Rundhalsausschnitt.<\/p>\n\t\t\t<\/div>\n\t\t<\/div>\n\t<\/div>\n<\/article><\/div><div class=\"tm-box-col-wrapper col-lg-4 col-sm-6 col-md-4 col-xs-12 cueca-senhora-de\"><article class=\"themetechmount-box themetechmount-box-portfolio themetechmount-portfoliobox-style1 \">\n\t<div class=\"themetechmount-post-item tm-shadow-box\">\t\n\t\t<div class=\"themetechmount-post-item-inner\">\n\t\t\t<div class=\"tm-featured-wrapper tm-tm_portfolio-featured-wrapper\"><a href=\"https:\/\/goncalo.com.pt\/2026\/de\/portfolio\/cueca-senhora-estampado-digital\/\"><img loading=\"lazy\" decoding=\"async\" width=\"768\" height=\"576\" src=\"https:\/\/goncalo.com.pt\/2026\/wp-content\/uploads\/2023\/09\/aa05f212-fedb-4441-81a6-8571d7cc2684-768x576.jpg\" class=\"attachment-medium_large size-medium_large wp-post-image\" alt=\"cueca adalga\u00e7ante senhora\" srcset=\"https:\/\/goncalo.com.pt\/2026\/wp-content\/uploads\/2023\/09\/aa05f212-fedb-4441-81a6-8571d7cc2684-768x576.jpg 768w, https:\/\/goncalo.com.pt\/2026\/wp-content\/uploads\/2023\/09\/aa05f212-fedb-4441-81a6-8571d7cc2684-300x225.jpg 300w, https:\/\/goncalo.com.pt\/2026\/wp-content\/uploads\/2023\/09\/aa05f212-fedb-4441-81a6-8571d7cc2684-1024x768.jpg 1024w, https:\/\/goncalo.com.pt\/2026\/wp-content\/uploads\/2023\/09\/aa05f212-fedb-4441-81a6-8571d7cc2684-1536x1152.jpg 1536w, https:\/\/goncalo.com.pt\/2026\/wp-content\/uploads\/2023\/09\/aa05f212-fedb-4441-81a6-8571d7cc2684.jpg 2048w\" sizes=\"auto, (max-width: 768px) 100vw, 768px\" data-id=\"2495\" \/><\/a><\/div>\t\t\t<div class=\"themetechmount-box-content themetechmount-overlay\">\n\t\t\t\t<div class=\"themetechmount-box-content-inner\">\n\t\t\t\t\t<div class=\"themetechmount-icon-box themetechmount-media-link\"><a class=\"tm_prettyphoto\" href=\"https:\/\/goncalo.com.pt\/2026\/wp-content\/uploads\/2023\/09\/aa05f212-fedb-4441-81a6-8571d7cc2684.jpg\"><i class=\"tm-fablio-icon-search\"><\/i><\/a><a href=\" https:\/\/goncalo.com.pt\/2026\/de\/portfolio\/cueca-senhora-estampado-digital\/\" class=\"themetechmount_pf_link\"><i class=\"tm-fablio-icon-shuffle\"><\/i><\/a><\/div>\n\t\t\t\t<\/div>\t\t\t\n\t\t\t<\/div>\n\t\t<\/div>\t\t\n\t\t<div class=\"themetechmount-box-bottom-content\">\t\t\t\t\t\t\n\t\t\t<div class=\"themetechmount-box-title\"><h4><a href=\"https:\/\/goncalo.com.pt\/2026\/de\/portfolio\/cueca-senhora-estampado-digital\/\">Cueca Senhora Estampado Digital<\/a><\/h4><\/div>\t\t\t<div class=\"themetechmount-box-desc\">\n\t\t\t\t<p>Cueca senhora com estampado digital, 95% Algod\u00e3o 5% Elastano e encaixes laterais de mesh tulle 100% Polyester. Cintura e cava da perna el\u00e1stica. Refor\u00e7o na parte frontal.<\/p>\n\t\t\t<\/div>\n\t\t<\/div>\n\t<\/div>\n<\/article><\/div>\n\t\t\t\t<\/div>\n\t\t\t<\/div><!-- .themetechmount-boxes-inner -->   <\/div><!-- .themetechmount-boxes -->  [\/vc_column][\/vc_row][vc_row][vc_column width=&#8220;1\/2&#8243;][\/vc_column][vc_column width=&#8220;1\/2&#8243;][\/vc_column][\/vc_row]<\/p>\n<\/div>","protected":false},"excerpt":{"rendered":"<p>[vc_row][vc_column][\/vc_column][\/vc_row][vc_row][vc_column width=&#8220;1\/2&#8243;][vc_separator border_width=&#8220;3&#8243;][vc_separator border_width=&#8220;3&#8243;][\/vc_column][vc_column width=&#8220;1\/2&#8243;][vc_separator border_width=&#8220;3&#8243;][vc_separator border_width=&#8220;3&#8243;][\/vc_column][\/vc_row][vc_row][vc_column][\/vc_column][\/vc_row][vc_row][vc_column width=&#8220;1\/2&#8243;][\/vc_column][vc_column width=&#8220;1\/2&#8243;][\/vc_column][\/vc_row]<\/p>\n","protected":false},"author":1,"featured_media":0,"parent":0,"menu_order":0,"comment_status":"closed","ping_status":"closed","template":"","meta":{"footnotes":""},"class_list":["post-2646","page","type-page","status-publish","hentry"],"_links":{"self":[{"href":"https:\/\/goncalo.com.pt\/2026\/de\/wp-json\/wp\/v2\/pages\/2646","targetHints":{"allow":["GET"]}}],"collection":[{"href":"https:\/\/goncalo.com.pt\/2026\/de\/wp-json\/wp\/v2\/pages"}],"about":[{"href":"https:\/\/goncalo.com.pt\/2026\/de\/wp-json\/wp\/v2\/types\/page"}],"author":[{"embeddable":true,"href":"https:\/\/goncalo.com.pt\/2026\/de\/wp-json\/wp\/v2\/users\/1"}],"replies":[{"embeddable":true,"href":"https:\/\/goncalo.com.pt\/2026\/de\/wp-json\/wp\/v2\/comments?post=2646"}],"version-history":[{"count":3,"href":"https:\/\/goncalo.com.pt\/2026\/de\/wp-json\/wp\/v2\/pages\/2646\/revisions"}],"predecessor-version":[{"id":2660,"href":"https:\/\/goncalo.com.pt\/2026\/de\/wp-json\/wp\/v2\/pages\/2646\/revisions\/2660"}],"wp:attachment":[{"href":"https:\/\/goncalo.com.pt\/2026\/de\/wp-json\/wp\/v2\/media?parent=2646"}],"curies":[{"name":"wp","href":"https:\/\/api.w.org\/{rel}","templated":true}]}}