{"id":2421,"date":"2021-03-04T11:41:53","date_gmt":"2021-03-04T11:41:53","guid":{"rendered":"https:\/\/goncalo.com.pt\/2026\/contatos\/"},"modified":"2023-09-06T14:26:04","modified_gmt":"2023-09-06T14:26:04","slug":"contacts","status":"publish","type":"page","link":"https:\/\/goncalo.com.pt\/2026\/en\/contacts\/","title":{"rendered":"Contacts"},"content":{"rendered":"<div class=\"wpb-content-wrapper\"><p>[vc_row tm_bgimagefixed=&#8221;&#8221; full_width=&#8221;stretch_row&#8221; css=&#8221;.vc_custom_1616504718821{padding-top: 0px !important;padding-bottom: 90px !important;}&#8221; tm_responsive_css=&#8221;11023922|colbreak_no|||||||||colbreak_no|||||45px||55px||colbreak_no||||||||||colbreak_no|||||||||&#8221;][vc_column tm_bgcolor=&#8221;white&#8221; tm_shadow=&#8221;yes&#8221; css=&#8221;.vc_custom_1616580667165{margin-top: -170px !important;padding-top: 40px !important;padding-right: 50px !important;padding-bottom: 50px !important;padding-left: 50px !important;}&#8221; tm_responsive_css=&#8221;12408977|colbreak_no|||||||||colbreak_no|-45px||||30px|30px|45px|30px|colbreak_no||||||||||colbreak_no|||||||||&#8221;]<div class=\"tm-element-heading-wrapper tm-heading-inner tm-element-align-center tm-seperator-none tm-heading-style-vertical \"><section class=\"tm-vc_cta3-container\"><div class=\"tm-vc_general tm-vc_cta3 tm-cta3-only tm-vc_cta3-style-classic tm-vc_cta3-shape-rounded tm-vc_cta3-align-center tm-vc_cta3-color-transparent tm-vc_cta3-icon-size-md tm-vc_cta3-actions-no tm-cta3-without-desc\"><div class=\"tm-vc_cta3_content-container\"><div class=\"tm-vc_cta3-content\"><header class=\"tm-vc_cta3-content-header tm-wrap\"><div class=\"tm-vc_cta3-headers tm-wrap-cell\"><h2 class=\"tm-custom-heading \" >Contact <b>Form<\/b><\/h2>\n<\/div><div class=\"heading-seperator\"><span><\/span><\/div><\/header><\/div><\/div><\/div><\/section><\/div> <!-- .tm-element-heading-wrapper container --> [vc_column_text el_class=&#8221;tm-center-text&#8221; css=&#8221;.vc_custom_1691620586887{margin-top: -23px !important;margin-bottom: 23px !important;}&#8221;]You can also use our social networks to get in touch if you prefer.[\/vc_column_text]\n<div class=\"wpcf7 no-js\" id=\"wpcf7-f873-o1\" lang=\"en-US\" dir=\"ltr\" data-wpcf7-id=\"873\">\n<div class=\"screen-reader-response\"><p role=\"status\" aria-live=\"polite\" aria-atomic=\"true\"><\/p> <ul><\/ul><\/div>\n<form action=\"\/2026\/en\/wp-json\/wp\/v2\/pages\/2421#wpcf7-f873-o1\" method=\"post\" class=\"wpcf7-form init\" aria-label=\"Contact form\" novalidate=\"novalidate\" data-status=\"init\">\n<fieldset class=\"hidden-fields-container\"><input type=\"hidden\" name=\"_wpcf7\" value=\"873\" \/><input type=\"hidden\" name=\"_wpcf7_version\" value=\"6.1\" \/><input type=\"hidden\" name=\"_wpcf7_locale\" value=\"en_US\" \/><input type=\"hidden\" name=\"_wpcf7_unit_tag\" value=\"wpcf7-f873-o1\" \/><input type=\"hidden\" name=\"_wpcf7_container_post\" value=\"0\" \/><input type=\"hidden\" name=\"_wpcf7_posted_data_hash\" value=\"\" \/><input type=\"hidden\" name=\"_wpcf7_recaptcha_response\" value=\"\" \/>\n<\/fieldset>\n<div class=\"cmt-commonform cmt-contact-fablio\">\n\t<div class=\"row\">\n\t\t<div class=\"col-md-4\">\n\t\t\t<p><span class=\"wpcf7-form-control-wrap\" data-name=\"your-name\"><input size=\"40\" maxlength=\"400\" class=\"wpcf7-form-control wpcf7-text wpcf7-validates-as-required\" aria-required=\"true\" aria-invalid=\"false\" placeholder=\"O seu Nome*\" value=\"\" type=\"text\" name=\"your-name\" \/><\/span>\n\t\t\t<\/p>\n\t\t<\/div>\n\t\t<div class=\"col-md-4\">\n\t\t\t<p><span class=\"wpcf7-form-control-wrap\" data-name=\"your-email\"><input size=\"40\" maxlength=\"400\" class=\"wpcf7-form-control wpcf7-email wpcf7-validates-as-required wpcf7-text wpcf7-validates-as-email\" aria-required=\"true\" aria-invalid=\"false\" placeholder=\"O seu Email*\" value=\"\" type=\"email\" name=\"your-email\" \/><\/span>\n\t\t\t<\/p>\n\t\t<\/div>\n\t\t<div class=\"col-md-4\">\n\t\t\t<p><span class=\"wpcf7-form-control-wrap\" data-name=\"your-phone\"><input size=\"40\" maxlength=\"400\" class=\"wpcf7-form-control wpcf7-text wpcf7-validates-as-required\" aria-required=\"true\" aria-invalid=\"false\" placeholder=\"Telefone*\" value=\"\" type=\"text\" name=\"your-phone\" \/><\/span>\n\t\t\t<\/p>\n\t\t<\/div>\n\t<\/div>\n\t<div class=\"row\">\n\t\t<div class=\"col-md-6\">\n\t\t\t<p><span class=\"wpcf7-form-control-wrap\" data-name=\"your-cname\"><input size=\"40\" maxlength=\"400\" class=\"wpcf7-form-control wpcf7-text wpcf7-validates-as-required\" aria-required=\"true\" aria-invalid=\"false\" placeholder=\"A sua Empresa*\" value=\"\" type=\"text\" name=\"your-cname\" \/><\/span>\n\t\t\t<\/p>\n\t\t<\/div>\n\t\t<div class=\"col-md-6\">\n\t\t\t<p><span class=\"wpcf7-form-control-wrap\" data-name=\"your-subject\"><input size=\"40\" maxlength=\"400\" class=\"wpcf7-form-control wpcf7-text wpcf7-validates-as-required\" aria-required=\"true\" aria-invalid=\"false\" placeholder=\"Assunto*\" value=\"\" type=\"text\" name=\"your-subject\" \/><\/span>\n\t\t\t<\/p>\n\t\t<\/div>\n\t<\/div>\n\t<div class=\"row\">\n\t\t<div class=\"col-md-12\">\n\t\t\t<p><span class=\"wpcf7-form-control-wrap\" data-name=\"your-detail\"><textarea cols=\"20\" rows=\"5\" maxlength=\"2000\" class=\"wpcf7-form-control wpcf7-textarea wpcf7-validates-as-required\" aria-required=\"true\" aria-invalid=\"false\" placeholder=\"Mensagem\" name=\"your-detail\"><\/textarea><\/span>\n\t\t\t<\/p>\n\t\t<\/div>\n\t<\/div>\n\t<div class=\"row\">\n\t\t<div class=\"col-md-12 cmt-frm-btn tm-center-text\">\n\t\t\t<p><input class=\"wpcf7-form-control wpcf7-submit has-spinner tm-vc_btn3 tm-vc_general tm-vc_btn3-shape-square tm-vc_btn3-color-skincolor\" type=\"submit\" value=\"ENVIAR!\" \/>\n\t\t\t<div class=\"wpcf7-response-output\" aria-hidden=\"true\"><\/div>\n\t\t<\/div>\n\t<\/div>\n<\/div>\n<\/form>\n<\/div>\n[\/vc_column][\/vc_row][vc_row tm_bgimagefixed=&#8221;&#8221; break_in_responsive=&#8221;991&#8243; full_width=&#8221;stretch_row&#8221; equal_height=&#8221;yes&#8221; css=&#8221;.vc_custom_1616563183367{padding-top: 0px !important;padding-bottom: 90px !important;}&#8221; tm_responsive_css=&#8221;24827320|colbreak_no|||||||||colbreak_no|||||||30px||colbreak_no||||||||||colbreak_no|||||||||&#8221;][vc_column width=&#8221;5\/12&#8243;][vc_gmaps link=&#8221;#E-8_JTNDaWZyYW1lJTIwc3JjJTNEJTIyaHR0cHMlM0ElMkYlMkZ3d3cuZ29vZ2xlLmNvbSUyRm1hcHMlMkZlbWJlZCUzRnBiJTNEJTIxMW0xNCUyMTFtOCUyMTFtMyUyMTFkMTE5NzMuNjc5MTczNjE2OTAzJTIxMmQtOC4zOTQ5NDE1JTIxM2Q0MS4zODY2ODg5JTIxM20yJTIxMWkxMDI0JTIxMmk3NjglMjE0ZjEzLjElMjEzbTMlMjExbTIlMjExczB4ZDI0ZjE0Y2UwODlmOTBkJTI1M0EweDRjNmVkMmQ2YWM5OTBlOTIlMjEyelEyOXVabVZqdzZmRHRXVnpJRWR2YnNPbllXeHZMQ0JNWkdFdSUyMTVlMCUyMTNtMiUyMTFzcHQtUFQlMjEyc3B0JTIxNHYxNjg5ODkxMzcwNzc2JTIxNW0yJTIxMXNwdC1QVCUyMTJzcHQlMjIlMjB3aWR0aCUzRCUyMjYwMCUyMiUyMGhlaWdodCUzRCUyMjQ1MCUyMiUyMHN0eWxlJTNEJTIyYm9yZGVyJTNBMCUzQiUyMiUyMGFsbG93ZnVsbHNjcmVlbiUzRCUyMiUyMiUyMGxvYWRpbmclM0QlMjJsYXp5JTIyJTIwcmVmZXJyZXJwb2xpY3klM0QlMjJuby1yZWZlcnJlci13aGVuLWRvd25ncmFkZSUyMiUzRSUzQyUyRmlmcmFtZSUzRQ==&#8221; css=&#8221;.vc_custom_1689891381412{margin-bottom: 0px !important;}&#8221;][\/vc_column][vc_column reduce_extra_padding=&#8221;991&#8243; width=&#8221;7\/12&#8243; css=&#8221;.vc_custom_1616562471682{padding-top: 5px !important;padding-left: 55px !important;}&#8221; tm_responsive_css=&#8221;64263477|colbreak_no|||||||||colbreak_no|0px||||40px||||colbreak_no||||||||||colbreak_no|||||||||&#8221;]<div class=\"tm-element-heading-wrapper tm-heading-inner tm-element-align-left tm-seperator-none tm-heading-style-vertical \"><section class=\"tm-vc_cta3-container\"><div class=\"tm-vc_general tm-vc_cta3 tm-cta3-only tm-vc_cta3-style-classic tm-vc_cta3-shape-rounded tm-vc_cta3-align-left tm-vc_cta3-color-transparent tm-vc_cta3-icon-size-md tm-vc_cta3-actions-no tm-cta3-with-desc\"><div class=\"tm-vc_cta3_content-container\"><div class=\"tm-vc_cta3-content\"><header class=\"tm-vc_cta3-content-header tm-wrap\"><div class=\"tm-vc_cta3-headers tm-wrap-cell\"><h4 class=\"tm-custom-heading \" >How to speak with Gon\u00e7alo Confe\u00e7\u00f5es, Lda<\/h4>\n<h2 class=\"tm-custom-heading \" >Get in <b>Touch<\/b><\/h2>\n<\/div><div class=\"heading-seperator\"><span><\/span><\/div><\/header><div class=\"tm-cta3-content-wrapper\"><p>Get in touch using one of the following ways-<\/p><\/div><\/div><\/div><\/div><\/section><\/div> <!-- .tm-element-heading-wrapper container --> <h2 style=\"text-align:left;font-size:24px;line-height:35px;\" class=\"tm-custom-heading vc_custom_1694010317683\" >Headquarters & Warehouse<\/h2>\n[vc_separator color=&#8221;custom&#8221; accent_color=&#8221;#f3f3f3&#8243; css=&#8221;.vc_custom_1616505784779{margin-bottom: 15px !important;}&#8221;][vc_row_inner css=&#8221;.vc_custom_1616153273217{padding-top: 5px !important;padding-bottom: 7px !important;}&#8221;][vc_column_inner width=&#8221;1\/2&#8243;]<div class=\"themetechmount-iconbox themetechmount-iconbox-stylenine \">\n\t<div class=\"themetechmount-iconbox-inner tm-boxicon-small tm-iconstyle-rounded\">\n\t\t<div class=\"tm-iconbox-wrapper tm-wrap\">\n\t\t\t<div class=\"themetechmount-iconbox-icon tm-wrap-cell\">\n\t\t\t\t<div class=\"tm-box-icon\"><i class=\"fa fa-building\"><\/i><\/div>\t\n\t\t\t<\/div>\n\t\t\t<div class=\"themetechmount-iconbox-heading tm-wrap-cell\">\n\t\t\t\t<div class=\"tm-vc_general tm-vc_cta3 tm-cta3-only tm-vc_cta3-style-classic tm-vc_cta3-shape-rounded tm-vc_cta3-align-left tm-vc_cta3-color-transparent tm-vc_cta3-icon-size-md tm-vc_cta3-actions-no tm-cta3-without-desc\"><div class=\"tm-vc_cta3_content-container\"><div class=\"tm-vc_cta3-content\"><header class=\"tm-vc_cta3-content-header tm-wrap\"><div class=\"tm-vc_cta3-headers tm-wrap-cell\"><h2 class=\"tm-custom-heading \">Adress<\/h2>\n<\/div><div class=\"heading-seperator\"><span><\/span><\/div><\/header><\/div><\/div><\/div>\t\t\t\t\t<div class=\"tm-iconbox-boxcontent\">\t\t\t\n\t\t\t\t\t<div class=\"tm-cta3-content-wrapper\">Rua do Rio Ave 264, 4765-243 Riba d&#8217;Ave PORTUGAL<\/div>\t\t\t\t\t<\/div>\n\t\t\t<\/div>\t\n\t\t<\/div>\n\t<\/div>\t\n<\/div>\n[\/vc_column_inner][vc_column_inner width=&#8221;1\/2&#8243;]<div class=\"themetechmount-iconbox themetechmount-iconbox-stylenine \">\n\t<div class=\"themetechmount-iconbox-inner tm-boxicon-small tm-iconstyle-rounded\">\n\t\t<div class=\"tm-iconbox-wrapper tm-wrap\">\n\t\t\t<div class=\"themetechmount-iconbox-icon tm-wrap-cell\">\n\t\t\t\t<div class=\"tm-box-icon\"><i class=\"fa fa-phone\"><\/i><\/div>\t\n\t\t\t<\/div>\n\t\t\t<div class=\"themetechmount-iconbox-heading tm-wrap-cell\">\n\t\t\t\t<div class=\"tm-vc_general tm-vc_cta3 tm-cta3-only tm-vc_cta3-style-classic tm-vc_cta3-shape-rounded tm-vc_cta3-align-left tm-vc_cta3-color-transparent tm-vc_cta3-icon-size-md tm-vc_cta3-actions-no tm-cta3-without-desc\"><div class=\"tm-vc_cta3_content-container\"><div class=\"tm-vc_cta3-content\"><header class=\"tm-vc_cta3-content-header tm-wrap\"><div class=\"tm-vc_cta3-headers tm-wrap-cell\"><h2 class=\"tm-custom-heading \">Phone<\/h2>\n<\/div><div class=\"heading-seperator\"><span><\/span><\/div><\/header><\/div><\/div><\/div>\t\t\t\t\t<div class=\"tm-iconbox-boxcontent\">\t\t\t\n\t\t\t\t\t<div class=\"tm-cta3-content-wrapper\">(+351) 252 904 775*<\/div>\t\t\t\t\t<\/div>\n\t\t\t<\/div>\t\n\t\t<\/div>\n\t<\/div>\t\n<\/div>\n[\/vc_column_inner][\/vc_row_inner][vc_separator color=&#8221;custom&#8221; accent_color=&#8221;#f3f3f3&#8243; css=&#8221;.vc_custom_1616505791427{margin-bottom: 15px !important;}&#8221;][vc_row_inner css=&#8221;.vc_custom_1616153273217{padding-top: 5px !important;padding-bottom: 7px !important;}&#8221;][vc_column_inner width=&#8221;1\/2&#8243;]<div class=\"themetechmount-iconbox themetechmount-iconbox-stylenine \">\n\t<div class=\"themetechmount-iconbox-inner tm-boxicon-small tm-iconstyle-rounded\">\n\t\t<div class=\"tm-iconbox-wrapper tm-wrap\">\n\t\t\t<div class=\"themetechmount-iconbox-icon tm-wrap-cell\">\n\t\t\t\t<div class=\"tm-box-icon\"><i class=\"fa fa-phone\"><\/i><\/div>\t\n\t\t\t<\/div>\n\t\t\t<div class=\"themetechmount-iconbox-heading tm-wrap-cell\">\n\t\t\t\t<div class=\"tm-vc_general tm-vc_cta3 tm-cta3-only tm-vc_cta3-style-classic tm-vc_cta3-shape-rounded tm-vc_cta3-align-left tm-vc_cta3-color-transparent tm-vc_cta3-icon-size-md tm-vc_cta3-actions-no tm-cta3-without-desc\"><div class=\"tm-vc_cta3_content-container\"><div class=\"tm-vc_cta3-content\"><header class=\"tm-vc_cta3-content-header tm-wrap\"><div class=\"tm-vc_cta3-headers tm-wrap-cell\"><h2 class=\"tm-custom-heading \">Mobile Phone<\/h2>\n<\/div><div class=\"heading-seperator\"><span><\/span><\/div><\/header><\/div><\/div><\/div>\t\t\t\t\t<div class=\"tm-iconbox-boxcontent\">\t\t\t\n\t\t\t\t\t<div class=\"tm-cta3-content-wrapper\">+351 965 496 451<\/div>\t\t\t\t\t<\/div>\n\t\t\t<\/div>\t\n\t\t<\/div>\n\t<\/div>\t\n<\/div>\n[\/vc_column_inner][vc_column_inner width=&#8221;1\/2&#8243;]<div class=\"themetechmount-iconbox themetechmount-iconbox-stylenine \">\n\t<div class=\"themetechmount-iconbox-inner tm-boxicon-small tm-iconstyle-rounded\">\n\t\t<div class=\"tm-iconbox-wrapper tm-wrap\">\n\t\t\t<div class=\"themetechmount-iconbox-icon tm-wrap-cell\">\n\t\t\t\t<div class=\"tm-box-icon\"><i class=\"fa fa-whatsapp\"><\/i><\/div>\t\n\t\t\t<\/div>\n\t\t\t<div class=\"themetechmount-iconbox-heading tm-wrap-cell\">\n\t\t\t\t<div class=\"tm-vc_general tm-vc_cta3 tm-cta3-only tm-vc_cta3-style-classic tm-vc_cta3-shape-rounded tm-vc_cta3-align-left tm-vc_cta3-color-transparent tm-vc_cta3-icon-size-md tm-vc_cta3-actions-no tm-cta3-without-desc\"><div class=\"tm-vc_cta3_content-container\"><div class=\"tm-vc_cta3-content\"><header class=\"tm-vc_cta3-content-header tm-wrap\"><div class=\"tm-vc_cta3-headers tm-wrap-cell\"><h2 class=\"tm-custom-heading \">Whatsapp<\/h2>\n<\/div><div class=\"heading-seperator\"><span><\/span><\/div><\/header><\/div><\/div><\/div>\t\t\t\t\t<div class=\"tm-iconbox-boxcontent\">\t\t\t\n\t\t\t\t\t<div class=\"tm-cta3-content-wrapper\">+351 965 496 451<\/div>\t\t\t\t\t<\/div>\n\t\t\t<\/div>\t\n\t\t<\/div>\n\t<\/div>\t\n<\/div>\n[\/vc_column_inner][\/vc_row_inner][\/vc_column][\/vc_row]<\/p>\n<\/div>","protected":false},"excerpt":{"rendered":"<p>[vc_row tm_bgimagefixed=&#8221;&#8221; full_width=&#8221;stretch_row&#8221; css=&#8221;.vc_custom_1616504718821{padding-top: 0px !important;padding-bottom: 90px !important;}&#8221; tm_responsive_css=&#8221;11023922|colbreak_no|||||||||colbreak_no|||||45px||55px||colbreak_no||||||||||colbreak_no|||||||||&#8221;][vc_column tm_bgcolor=&#8221;white&#8221; tm_shadow=&#8221;yes&#8221; css=&#8221;.vc_custom_1616580667165{margin-top: -170px !important;padding-top: 40px !important;padding-right: 50px !important;padding-bottom: 50px !important;padding-left: 50px !important;}&#8221; tm_responsive_css=&#8221;12408977|colbreak_no|||||||||colbreak_no|-45px||||30px|30px|45px|30px|colbreak_no||||||||||colbreak_no|||||||||&#8221;][vc_column_text el_class=&#8221;tm-center-text&#8221; css=&#8221;.vc_custom_1691620586887{margin-top: -23px !important;margin-bottom: 23px !important;}&#8221;]You can also use our social networks to get in touch if you prefer.[\/vc_column_text][\/vc_column][\/vc_row][vc_row tm_bgimagefixed=&#8221;&#8221; break_in_responsive=&#8221;991&#8243; full_width=&#8221;stretch_row&#8221; equal_height=&#8221;yes&#8221; css=&#8221;.vc_custom_1616563183367{padding-top: 0px !important;padding-bottom: 90px !important;}&#8221; tm_responsive_css=&#8221;24827320|colbreak_no|||||||||colbreak_no|||||||30px||colbreak_no||||||||||colbreak_no|||||||||&#8221;][vc_column width=&#8221;5\/12&#8243;][vc_gmaps link=&#8221;#E-8_JTNDaWZyYW1lJTIwc3JjJTNEJTIyaHR0cHMlM0ElMkYlMkZ3d3cuZ29vZ2xlLmNvbSUyRm1hcHMlMkZlbWJlZCUzRnBiJTNEJTIxMW0xNCUyMTFtOCUyMTFtMyUyMTFkMTE5NzMuNjc5MTczNjE2OTAzJTIxMmQtOC4zOTQ5NDE1JTIxM2Q0MS4zODY2ODg5JTIxM20yJTIxMWkxMDI0JTIxMmk3NjglMjE0ZjEzLjElMjEzbTMlMjExbTIlMjExczB4ZDI0ZjE0Y2UwODlmOTBkJTI1M0EweDRjNmVkMmQ2YWM5OTBlOTIlMjEyelEyOXVabVZqdzZmRHRXVnpJRWR2YnNPbllXeHZMQ0JNWkdFdSUyMTVlMCUyMTNtMiUyMTFzcHQtUFQlMjEyc3B0JTIxNHYxNjg5ODkxMzcwNzc2JTIxNW0yJTIxMXNwdC1QVCUyMTJzcHQlMjIlMjB3aWR0aCUzRCUyMjYwMCUyMiUyMGhlaWdodCUzRCUyMjQ1MCUyMiUyMHN0eWxlJTNEJTIyYm9yZGVyJTNBMCUzQiUyMiUyMGFsbG93ZnVsbHNjcmVlbiUzRCUyMiUyMiUyMGxvYWRpbmclM0QlMjJsYXp5JTIyJTIwcmVmZXJyZXJwb2xpY3klM0QlMjJuby1yZWZlcnJlci13aGVuLWRvd25ncmFkZSUyMiUzRSUzQyUyRmlmcmFtZSUzRQ==&#8221; css=&#8221;.vc_custom_1689891381412{margin-bottom: &hellip; <a href=\"https:\/\/goncalo.com.pt\/2026\/en\/contacts\/\" class=\"more-link\">Continue reading <span class=\"screen-reader-text\">Contacts<\/span><\/a><\/p>\n","protected":false},"author":1,"featured_media":0,"parent":0,"menu_order":0,"comment_status":"closed","ping_status":"closed","template":"","meta":{"footnotes":""},"class_list":["post-2421","page","type-page","status-publish","hentry"],"_links":{"self":[{"href":"https:\/\/goncalo.com.pt\/2026\/en\/wp-json\/wp\/v2\/pages\/2421","targetHints":{"allow":["GET"]}}],"collection":[{"href":"https:\/\/goncalo.com.pt\/2026\/en\/wp-json\/wp\/v2\/pages"}],"about":[{"href":"https:\/\/goncalo.com.pt\/2026\/en\/wp-json\/wp\/v2\/types\/page"}],"author":[{"embeddable":true,"href":"https:\/\/goncalo.com.pt\/2026\/en\/wp-json\/wp\/v2\/users\/1"}],"replies":[{"embeddable":true,"href":"https:\/\/goncalo.com.pt\/2026\/en\/wp-json\/wp\/v2\/comments?post=2421"}],"version-history":[{"count":4,"href":"https:\/\/goncalo.com.pt\/2026\/en\/wp-json\/wp\/v2\/pages\/2421\/revisions"}],"predecessor-version":[{"id":2610,"href":"https:\/\/goncalo.com.pt\/2026\/en\/wp-json\/wp\/v2\/pages\/2421\/revisions\/2610"}],"wp:attachment":[{"href":"https:\/\/goncalo.com.pt\/2026\/en\/wp-json\/wp\/v2\/media?parent=2421"}],"curies":[{"name":"wp","href":"https:\/\/api.w.org\/{rel}","templated":true}]}}