{"id":2599,"date":"2023-07-20T21:55:32","date_gmt":"2023-07-20T21:55:32","guid":{"rendered":"https:\/\/goncalo.com.pt\/2026\/cookies\/"},"modified":"2023-09-08T10:12:08","modified_gmt":"2023-09-08T10:12:08","slug":"cookies","status":"publish","type":"page","link":"https:\/\/goncalo.com.pt\/2026\/es\/cookies\/","title":{"rendered":"Cookies"},"content":{"rendered":"<div class=\"page-content \">\n<div class=\"page-content-wrap\">\n<div id=\"post-11652\" class=\"post-11652 page type-page status-publish hentry\">\n<div class=\"entry-content\">\n<p><strong>\u00bfQu\u00e9 son las cookies?<\/strong><\/p>\n<p>Las cookies son peque\u00f1os archivos de texto que se env\u00edan a su computadora o dispositivo m\u00f3vil cuando visita sitios web. Las cookies ayudan a los sitios web a almacenar y recuperar informaci\u00f3n sobre sus h\u00e1bitos de navegaci\u00f3n para personalizar la navegaci\u00f3n seg\u00fan sus preferencias.<\/p>\n<p><strong>\u00bfQu\u00e9 tipos de cookies utiliza www.goncalo.com.pt?<\/strong><\/p>\n<p>\u2022 Cookies de sesi\u00f3n: son cookies temporales que permanecen en el archivo de cookies del navegador hasta que \u00e9ste abandona la p\u00e1gina web, por lo que no queda ning\u00fan registro en el disco duro del usuario. La informaci\u00f3n recopilada por estas cookies se utiliza para analizar los patrones de tr\u00e1fico del sitio web. En \u00faltima instancia, esto nos permite mejorar el contenido y mejorar la usabilidad del sitio.<\/p>\n<p>\u2022 Cookies de an\u00e1lisis: Son aquellas tratadas por nosotros o por terceros y que nos permiten cuantificar el n\u00famero de usuarios y realizar la medici\u00f3n y an\u00e1lisis estad\u00edstico de la utilizaci\u00f3n que los usuarios hacen del servicio ofertado. Examinamos su navegaci\u00f3n en nuestro sitio web, con el objetivo de mejorar la prestaci\u00f3n de los productos o servicios que ponemos a su disposici\u00f3n.<\/p>\n<p>\u2022 Cookies publicitarias: Son aquellas tratadas por nosotros o por terceros, permiti\u00e9ndonos gestionar de forma m\u00e1s eficaz la oferta de espacios publicitarios existentes en el sitio web, pudiendo analizar sus h\u00e1bitos de navegaci\u00f3n y mostrarle publicidad relacionada con su perfil. navegaci\u00f3n,<\/p>\n<p><strong>\u00bfQu\u00e9 cookies utilizamos en nuestro sitio web?<\/strong><\/p>\n<p><strong>Cookies propias<\/strong><\/p>\n<p>sr_selected_store: Se utiliza para Reserva de tienda para mantener la tienda seleccionada por el usuario<br \/>\ne524cfbb4aad511d59e5e179d95c521b (hash de 32 caracteres): cookie de sesi\u00f3n<br \/>\nCART: Asociaci\u00f3n con el carrito de la compra<br \/>\nCATEGORY_INFO: almacena informaci\u00f3n de categor\u00edas para mostrar las p\u00e1ginas m\u00e1s r\u00e1pidamente<br \/>\nCOMPARAR: Productos para comparar<br \/>\nMoneda: Moneda utilizada<br \/>\nCLIENTE: Versi\u00f3n cifrada del ID del cliente en la tienda<br \/>\nCUSTOMER_AUTH: Indica si actualmente ha iniciado sesi\u00f3n en el sitio web<br \/>\nCUSTOMER_INFO: versi\u00f3n cifrada del grupo de clientes al que pertenece<br \/>\nCUSTOMER_SEGMENT_IDS: almacena el ID del segmento de clientes.<br \/>\nEXTERNAL_NO_CACHE: Indica si el cach\u00e9 est\u00e1 habilitado o no<br \/>\nFRONTEND: ID de sesi\u00f3n del servidor<br \/>\nGUEST-VIEW: permite a los usuarios no registrados editar sus solicitudes<br \/>\nLAST_CATEGORY: \u00daltima categor\u00eda vista<br \/>\nLAST_PRODUCT: \u00faltimo producto visto<br \/>\nNEWMESSAGE: Indica si se ha recibido un nuevo mensaje<br \/>\nNO_CACHE: Indica si est\u00e1 autorizado a utilizar cach\u00e9<br \/>\nPERSISTENT_SHOPPING_CART: Enlace a informaci\u00f3n sobre el carrito de compras y el historial de pedidos.<br \/>\nENCUESTA: ID de cualquier resultado de encuesta<br \/>\nPOLLN: informaci\u00f3n de la encuesta<br \/>\nRECIENTEMENTE COMPARADO: Productos comparados<br \/>\nSTF: Informaci\u00f3n sobre productos enviados por correo electr\u00f3nico a amigos<br \/>\nTIENDA: Almacenar o idioma seleccionado<br \/>\nUSER_ALLOWED_SAVE_COOKIE: Indica si el usuario autoriza el uso de cookies<br \/>\nVIEWED_PRODUCT_IDS: Productos vistos recientemente<br \/>\nWHISLIST: Lista cifrada de productos agregados a la Lista de deseos<br \/>\nWHISLIS T_CNT: N\u00famero de productos en la Lista de Deseos<br \/>\nLTU: Identifica al usuario despu\u00e9s de iniciar sesi\u00f3n<\/p>\n<p><strong>Cookies de terceros<\/strong><\/p>\n<p>_utma: Se utiliza para distinguir usuarios y sesiones.<br \/>\n_utmb y _utmc: Se utilizan para determinar nuevas visitas, sesiones.<br \/>\n_utmz: Almacena la fuente de tr\u00e1fico para explicar c\u00f3mo llega el usuario al sitio web<br \/>\nAPISID, SID y HSID: se utilizan para identificar a los usuarios y evitar el uso fraudulento de los datos del usuario y proteger los datos del usuario de terceros.<br \/>\nNID: se utiliza para personalizar la publicidad en las redes de editores.<br \/>\nPREF: Permite que el sitio web recuerde las preferencias de navegaci\u00f3n, idioma, regi\u00f3n<br \/>\nV1ST<br \/>\nAnal\u00edtica web y v\u00eddeos.<br \/>\nDetermina qu\u00e9 servidor muestra la informaci\u00f3n al usuario.<br \/>\nSeguir sesiones activas<br \/>\nDetermina si las cookies est\u00e1n activas<br \/>\nMide el tiempo de respuesta del usuario.<br \/>\nIdentifica cu\u00e1ntas veces nos visit\u00f3 un usuario, qu\u00e9 productos compr\u00f3 y a qu\u00e9 precio<br \/>\nmbox: cookie de rendimiento<br \/>\nIS_RETURNING: Permite saber si esta es la primera visita al sitio web o no<\/p>\n<p><strong>\u00bfQu\u00e9 significa no autorizar el uso de cookies?<\/strong><\/p>\n<p>Si prefieres no permitir las cookies, puedes desactivarlas en el navegador que utilices, pero debes tener en cuenta que esto puede impedir que algunas p\u00e1ginas web se muestren correctamente.<\/p>\n<p><strong>\u00bfC\u00f3mo configuro mi navegador?<\/strong><\/p>\n<p>Google Chrome<\/p>\n<p>Haga clic en el icono del men\u00fa de Google Chrome.<br \/>\nSeleccione Configuraci\u00f3n.<br \/>\nEn la parte inferior de la p\u00e1gina, haga clic en Mostrar configuraci\u00f3n avanzada.<br \/>\nEn la secci\u00f3n \u00abPrivacidad\u00bb, haga clic en Configuraci\u00f3n de contenido.<br \/>\nActivar o desactivar las cookies:<br \/>\nPara habilitar las cookies, seleccione Permitir configuraci\u00f3n de datos locales (recomendado).<br \/>\nPara deshabilitar las cookies, seleccione Bloquear cualquier configuraci\u00f3n de datos por sitio.<\/p>\n<p>explorador de Internet<\/p>\n<p>Abra Internet Explorer haciendo clic en el bot\u00f3n Inicio y luego haciendo clic en Internet Explorer.<br \/>\nHaga clic en el bot\u00f3n Herramientas, luego haga clic en Opciones de Internet.<br \/>\nHaga clic en la pesta\u00f1a Privacidad y en Configuraci\u00f3n, mueva el control deslizante hacia arriba para bloquear todas las cookies o hacia abajo para permitir todas las cookies.<\/p>\n<\/div>\n<\/div>\n<\/div>\n<\/div>\n","protected":false},"excerpt":{"rendered":"<p>\u00bfQu\u00e9 son las cookies? Las cookies son peque\u00f1os archivos de texto que se env\u00edan a su computadora o dispositivo m\u00f3vil cuando visita sitios web. Las cookies ayudan a los sitios web a almacenar y recuperar informaci\u00f3n sobre sus h\u00e1bitos de navegaci\u00f3n para personalizar la navegaci\u00f3n seg\u00fan sus preferencias. \u00bfQu\u00e9 tipos de cookies utiliza www.goncalo.com.pt? \u2022 &hellip; <a href=\"https:\/\/goncalo.com.pt\/2026\/es\/cookies\/\" class=\"more-link\">Continue reading <span class=\"screen-reader-text\">Cookies<\/span><\/a><\/p>\n","protected":false},"author":1,"featured_media":0,"parent":0,"menu_order":0,"comment_status":"closed","ping_status":"closed","template":"","meta":{"footnotes":""},"class_list":["post-2599","page","type-page","status-publish","hentry"],"_links":{"self":[{"href":"https:\/\/goncalo.com.pt\/2026\/es\/wp-json\/wp\/v2\/pages\/2599","targetHints":{"allow":["GET"]}}],"collection":[{"href":"https:\/\/goncalo.com.pt\/2026\/es\/wp-json\/wp\/v2\/pages"}],"about":[{"href":"https:\/\/goncalo.com.pt\/2026\/es\/wp-json\/wp\/v2\/types\/page"}],"author":[{"embeddable":true,"href":"https:\/\/goncalo.com.pt\/2026\/es\/wp-json\/wp\/v2\/users\/1"}],"replies":[{"embeddable":true,"href":"https:\/\/goncalo.com.pt\/2026\/es\/wp-json\/wp\/v2\/comments?post=2599"}],"version-history":[{"count":2,"href":"https:\/\/goncalo.com.pt\/2026\/es\/wp-json\/wp\/v2\/pages\/2599\/revisions"}],"predecessor-version":[{"id":2707,"href":"https:\/\/goncalo.com.pt\/2026\/es\/wp-json\/wp\/v2\/pages\/2599\/revisions\/2707"}],"wp:attachment":[{"href":"https:\/\/goncalo.com.pt\/2026\/es\/wp-json\/wp\/v2\/media?parent=2599"}],"curies":[{"name":"wp","href":"https:\/\/api.w.org\/{rel}","templated":true}]}}