{"id":2606,"date":"2023-07-20T21:53:09","date_gmt":"2023-07-20T21:53:09","guid":{"rendered":"https:\/\/goncalo.com.pt\/2026\/politica-de-privacidade\/"},"modified":"2023-09-08T10:02:23","modified_gmt":"2023-09-08T10:02:23","slug":"politica-de-privacidad","status":"publish","type":"page","link":"https:\/\/goncalo.com.pt\/2026\/es\/politica-de-privacidad\/","title":{"rendered":"Pol\u00edtica de Privacidad"},"content":{"rendered":"<div class=\"page-content \">\n<div class=\"page-content-wrap\">\n<div id=\"post-11656\" class=\"post-11656 page type-page status-publish hentry\">\n<div class=\"entry-content\">\n<article id=\"post-7565\" class=\"post-7565 page type-page status-publish hentry\">\n<div class=\"entry-content\">\n<div class=\"entry-content\">\n<div class=\"entry-content\">\n<p><strong>POL\u00cdTICA DE PRIVACIDAD<\/strong><\/p>\n<p>En Gon\u00e7alo Confe\u00e7\u00f5es, Lda, tenemos una importante responsabilidad y compromiso con respecto a la seguridad de nuestro sitio web y la protecci\u00f3n de los datos de nuestros clientes y visitantes.<\/p>\n<p>Nuestra pol\u00edtica de privacidad se presenta a continuaci\u00f3n. Cualquier cambio a esta pol\u00edtica estar\u00e1 disponible aqu\u00ed, en esta declaraci\u00f3n.<\/p>\n<p><strong>\u00bfQu\u00e9 informaci\u00f3n recopilamos?<\/strong><\/p>\n<p>En Gon\u00e7alo Confe\u00e7\u00f5es, Lda, recopilamos el nombre, n\u00famero de tel\u00e9fono, direcci\u00f3n postal, direcci\u00f3n de correo electr\u00f3nico y edad del cliente para su uso en campa\u00f1as de marketing, premios y newsletters. Adem\u00e1s, cuando realiza una compra en nuestro sitio web, tambi\u00e9n recopilaremos informaci\u00f3n sobre la direcci\u00f3n de entrega y los detalles de pago y, posiblemente, el N\u00famero de Identificaci\u00f3n Fiscal.<\/p>\n<p>Tambi\u00e9n podemos recopilar otra informaci\u00f3n sobre la experiencia del cliente en nuestro sitio web que ayuda a mejorar nuestro servicio.<\/p>\n<p>\u00bfCon qu\u00e9 finalidad se utilizan los datos recopilados?<\/p>\n<p>Los datos del cliente permiten a nuestros empleados procesar sus pedidos, notificarle sobre cambios importantes en la funcionalidad del sitio web, realizar encuestas y obtener informaci\u00f3n con fines estad\u00edsticos.<\/p>\n<p>Tambi\u00e9n podemos enviarle peri\u00f3dicamente por correo electr\u00f3nico informaci\u00f3n sobre productos y servicios, campa\u00f1as, promociones y ofertas especiales. Si el cliente no desea ser contactado para estos fines, puede darse de baja del bolet\u00edn en su cuenta personal.<\/p>\n<p>Trabajando en equipo y, con el fin de brindar el mejor servicio y atenci\u00f3n, los profesionales de Gon\u00e7alo Confe\u00e7\u00f5es, Lda pueden compartir entre ellos los Datos Personales recopilados.<\/p>\n<p>Teniendo en cuenta la actividad que desarrolla Gon\u00e7alo Confe\u00e7\u00f5es, Lda, podr\u00e1 transmitir determinadas informaciones a entidades p\u00fablicas, proveedores y otros socios, como empresas de transporte, CTT y Chronopost con el objetivo de notificar el plazo de entrega e informar sobre cambios en el env\u00edo. , comprometi\u00e9ndose a proteger los datos de los clientes. Al procesar el pedido de un cliente, es posible que sus datos, como la direcci\u00f3n y el c\u00f3digo postal, se revelen con fines de prevenci\u00f3n y detecci\u00f3n de fraude.<\/p>\n<p><strong>Qu\u00e9 son las Cookies y para qu\u00e9 sirven<\/strong><\/p>\n<p>Haga clic aqu\u00ed para ver nuestra Pol\u00edtica de Cookies.<\/p>\n<p>Una cookie es un peque\u00f1o archivo enviado al ordenador del cliente que se almacena en su disco.<\/p>\n<p>Al crear una cuenta en nuestro sitio web, el ordenador del cliente guardar\u00e1 una cookie que le permitir\u00e1 ser identificado autom\u00e1ticamente cada vez que vuelva a visitar nuestro sitio web.<\/p>\n<p>Tambi\u00e9n se utilizan cookies para que nuestro sistema pueda seguir los pasos del cliente durante una sesi\u00f3n de compra. Si el cliente no acepta el uso de cookies no podr\u00e1 utilizar este sitio web<\/p>\n<p><strong>ACTUALIZAR DATOS DEL CLIENTE<\/strong><\/p>\n<p>Si el cliente desea verificar los datos que envi\u00f3 a Gon\u00e7alo Confe\u00e7\u00f5es, Lda, puede hacerlo en su cuenta personal.<\/p>\n<p>El cliente debe mantener seguros los datos de acceso a su cuenta, ya que todas y cada una de las acciones o solicitudes realizadas a trav\u00e9s de su cuenta ser\u00e1n su responsabilidad.<\/p>\n<p>Le recomendamos que no guarde su contrase\u00f1a en su navegador, ya que otra persona con acceso a su computadora puede ver y usar su informaci\u00f3n personal.<\/p>\n<p>Le recordamos que como interesado, tiene derecho a retirar el consentimiento respecto del tratamiento de datos personales; oponerse a la continuaci\u00f3n del tratamiento de datos; solicitar el acceso y consulta de los datos, su rectificaci\u00f3n, supresi\u00f3n o limitaci\u00f3n del tratamiento; solicitar el derecho al olvido; solicitar la portabilidad de los datos y, en el caso de tratamiento il\u00edcito de datos personales, presentar una denuncia ante la Comisi\u00f3n Nacional de Protecci\u00f3n de Datos.<\/p>\n<p>Cualquier solicitud, aclaraci\u00f3n o asunto que considere oportuno deber\u00e1 enviarlo por escrito a nuestro Delegado de Protecci\u00f3n de Datos, enviando un correo electr\u00f3nico a geral@goncalo.com.t<\/p>\n<p><strong>SEGURIDAD<\/strong><\/p>\n<p>Gon\u00e7alo Confe\u00e7\u00f5es, Lda utiliza uno de los sistemas de pedidos en l\u00ednea m\u00e1s seguros que existen y mejora constantemente su software, para ofrecer la mayor seguridad posible a sus clientes.<\/p>\n<p>Utilizamos un certificado de servidor, tambi\u00e9n conocido como certificado digital, que garantiza nuestra identidad, as\u00ed como cifrado SSL (Secure Sockets Layer) de los datos transmitidos.<\/p>\n<p><strong>PROPIEDAD INTELECTUAL Y CONTENIDOS<\/strong><\/p>\n<p>Todos los derechos de propiedad intelectual sobre el software y el contenido disponibles a trav\u00e9s de este sitio web son propiedad de Gon\u00e7alo Confe\u00e7\u00f5es, Lda y est\u00e1n licenciados y protegidos por leyes y tratados en todo el mundo. Todos estos derechos est\u00e1n reservados a Gon\u00e7alo Confe\u00e7\u00f5es, Lda y sus proveedores.<\/p>\n<p>El cliente puede guardar, imprimir o mostrar el contenido de este sitio web \u00fanicamente para su uso personal.<\/p>\n<p>No se permite la publicaci\u00f3n, manipulaci\u00f3n, distribuci\u00f3n o reproducci\u00f3n, en cualquier formato, de cualquier contenido de este sitio web, ni se permite vincularlo a ning\u00fan negocio o empresa.<\/p>\n<\/div>\n<\/div>\n<\/div>\n<\/article>\n<\/div>\n<\/div>\n<\/div>\n<\/div>\n","protected":false},"excerpt":{"rendered":"<p>POL\u00cdTICA DE PRIVACIDAD En Gon\u00e7alo Confe\u00e7\u00f5es, Lda, tenemos una importante responsabilidad y compromiso con respecto a la seguridad de nuestro sitio web y la protecci\u00f3n de los datos de nuestros clientes y visitantes. Nuestra pol\u00edtica de privacidad se presenta a continuaci\u00f3n. Cualquier cambio a esta pol\u00edtica estar\u00e1 disponible aqu\u00ed, en esta declaraci\u00f3n. \u00bfQu\u00e9 informaci\u00f3n recopilamos? &hellip; <a href=\"https:\/\/goncalo.com.pt\/2026\/es\/politica-de-privacidad\/\" class=\"more-link\">Continue reading <span class=\"screen-reader-text\">Pol\u00edtica de Privacidad<\/span><\/a><\/p>\n","protected":false},"author":1,"featured_media":0,"parent":0,"menu_order":0,"comment_status":"closed","ping_status":"closed","template":"","meta":{"footnotes":""},"class_list":["post-2606","page","type-page","status-publish","hentry"],"_links":{"self":[{"href":"https:\/\/goncalo.com.pt\/2026\/es\/wp-json\/wp\/v2\/pages\/2606","targetHints":{"allow":["GET"]}}],"collection":[{"href":"https:\/\/goncalo.com.pt\/2026\/es\/wp-json\/wp\/v2\/pages"}],"about":[{"href":"https:\/\/goncalo.com.pt\/2026\/es\/wp-json\/wp\/v2\/types\/page"}],"author":[{"embeddable":true,"href":"https:\/\/goncalo.com.pt\/2026\/es\/wp-json\/wp\/v2\/users\/1"}],"replies":[{"embeddable":true,"href":"https:\/\/goncalo.com.pt\/2026\/es\/wp-json\/wp\/v2\/comments?post=2606"}],"version-history":[{"count":3,"href":"https:\/\/goncalo.com.pt\/2026\/es\/wp-json\/wp\/v2\/pages\/2606\/revisions"}],"predecessor-version":[{"id":2698,"href":"https:\/\/goncalo.com.pt\/2026\/es\/wp-json\/wp\/v2\/pages\/2606\/revisions\/2698"}],"wp:attachment":[{"href":"https:\/\/goncalo.com.pt\/2026\/es\/wp-json\/wp\/v2\/media?parent=2606"}],"curies":[{"name":"wp","href":"https:\/\/api.w.org\/{rel}","templated":true}]}}