{"id":2613,"date":"2023-07-20T21:54:45","date_gmt":"2023-07-20T21:54:45","guid":{"rendered":"https:\/\/goncalo.com.pt\/2026\/resolucao-de-litigios\/"},"modified":"2023-09-08T10:22:09","modified_gmt":"2023-09-08T10:22:09","slug":"resolucion-de-conflictos","status":"publish","type":"page","link":"https:\/\/goncalo.com.pt\/2026\/es\/resolucion-de-conflictos\/","title":{"rendered":"Resoluci\u00f3n de Conflictos"},"content":{"rendered":"<div class=\"page-content \">\n<div class=\"page-content-wrap\">\n<div id=\"post-11658\" class=\"post-11658 page type-page status-publish hentry\">\n<div class=\"entry-content\">\n<article id=\"post-7563\" class=\"post-7563 page type-page status-publish hentry\">\n<div class=\"entry-content\">\n<div class=\"entry-content\">\n<div class=\"entry-content\">\n<div class=\"entry-content\">\n<div id=\"main\" class=\"site-main clearfix\" role=\"main\">\n<p>En caso de disputa, el consumidor podr\u00e1 recurrir a una Entidad de Resoluci\u00f3n de Disputas del Consumidor:<\/p>\n<p>&nbsp;<\/p>\n<p><strong>Centro de Informaci\u00f3n, Mediaci\u00f3n y Arbitraje del Consumidor (Tribunal Arbitral de Consumo)<\/strong><br \/>\nBRAGA: Rua D Afonso Henriques, n\u00ba 1 (Junta de Parroquia de la S\u00e9)<br \/>\n4700 \u2013 030 Braga<\/p>\n<p>En caso de conflicto de consumo en l\u00ednea, el consumidor podr\u00e1 recurrir a un sistema de resoluci\u00f3n de conflictos \u201cen l\u00ednea\u201d (RLL), la Plataforma ODR (\u201cresoluci\u00f3n de conflictos en l\u00ednea\u201d), con competencia para resolver conflictos relacionados con las obligaciones contractuales resultantes de las ventas. contratos o servicios en l\u00ednea.<\/p>\n<p>Acceda aqu\u00ed a la Plataforma Electr\u00f3nica de Resoluci\u00f3n Alternativa de Controversias en contratos de venta o servicios en l\u00ednea.<\/p>\n<p>M\u00e1s informaci\u00f3n en el Portal del Consumidor (www.consumidor.pt)<\/p>\n<\/div>\n<\/div>\n<\/div>\n<\/div>\n<\/div>\n<\/article>\n<\/div>\n<\/div>\n<\/div>\n<\/div>\n","protected":false},"excerpt":{"rendered":"<p>En caso de disputa, el consumidor podr\u00e1 recurrir a una Entidad de Resoluci\u00f3n de Disputas del Consumidor: &nbsp; Centro de Informaci\u00f3n, Mediaci\u00f3n y Arbitraje del Consumidor (Tribunal Arbitral de Consumo) BRAGA: Rua D Afonso Henriques, n\u00ba 1 (Junta de Parroquia de la S\u00e9) 4700 \u2013 030 Braga En caso de conflicto de consumo en l\u00ednea, &hellip; <a href=\"https:\/\/goncalo.com.pt\/2026\/es\/resolucion-de-conflictos\/\" class=\"more-link\">Continue reading <span class=\"screen-reader-text\">Resoluci\u00f3n de Conflictos<\/span><\/a><\/p>\n","protected":false},"author":1,"featured_media":0,"parent":0,"menu_order":0,"comment_status":"closed","ping_status":"closed","template":"","meta":{"footnotes":""},"class_list":["post-2613","page","type-page","status-publish","hentry"],"_links":{"self":[{"href":"https:\/\/goncalo.com.pt\/2026\/es\/wp-json\/wp\/v2\/pages\/2613","targetHints":{"allow":["GET"]}}],"collection":[{"href":"https:\/\/goncalo.com.pt\/2026\/es\/wp-json\/wp\/v2\/pages"}],"about":[{"href":"https:\/\/goncalo.com.pt\/2026\/es\/wp-json\/wp\/v2\/types\/page"}],"author":[{"embeddable":true,"href":"https:\/\/goncalo.com.pt\/2026\/es\/wp-json\/wp\/v2\/users\/1"}],"replies":[{"embeddable":true,"href":"https:\/\/goncalo.com.pt\/2026\/es\/wp-json\/wp\/v2\/comments?post=2613"}],"version-history":[{"count":1,"href":"https:\/\/goncalo.com.pt\/2026\/es\/wp-json\/wp\/v2\/pages\/2613\/revisions"}],"predecessor-version":[{"id":2712,"href":"https:\/\/goncalo.com.pt\/2026\/es\/wp-json\/wp\/v2\/pages\/2613\/revisions\/2712"}],"wp:attachment":[{"href":"https:\/\/goncalo.com.pt\/2026\/es\/wp-json\/wp\/v2\/media?parent=2613"}],"curies":[{"name":"wp","href":"https:\/\/api.w.org\/{rel}","templated":true}]}}