{"id":2618,"date":"2023-07-20T21:50:52","date_gmt":"2023-07-20T21:50:52","guid":{"rendered":"https:\/\/goncalo.com.pt\/2026\/termos-de-uso\/"},"modified":"2023-09-08T09:58:47","modified_gmt":"2023-09-08T09:58:47","slug":"terminos-de-uso","status":"publish","type":"page","link":"https:\/\/goncalo.com.pt\/2026\/es\/terminos-de-uso\/","title":{"rendered":"Terminos de Uso"},"content":{"rendered":"<div class=\"page-content \">\n<div class=\"page-content-wrap\">\n<div id=\"post-11654\" class=\"post-11654 page type-page status-publish hentry\">\n<div class=\"entry-content\">\n<article id=\"post-7567\" class=\"post-7567 page type-page status-publish hentry\">\n<div class=\"entry-content\">\n<div class=\"entry-content\">\n<div class=\"entry-content\">\n<div class=\"entry-content\">\n<div id=\"main\" class=\"site-main clearfix\" role=\"main\">\n<div class=\"page-content\">\n<p><strong>VISI\u00d3N GENERAL<\/strong><\/p>\n<p>Este sitio web es operado por Gon\u00e7alo Confe\u00e7\u00f5es, Lda. En todo el sitio, los t\u00e9rminos \u201cnosotros\u201d, \u201cnos\u201d y \u201cnuestro\u201d se refieren a Gon\u00e7alo Confe\u00e7\u00f5es, Lda. Gon\u00e7alo Confe\u00e7\u00f5es, Lda proporciona este sitio web, incluida toda la informaci\u00f3n, herramientas y servicios disponibles. de este sitio a usted, el usuario, condicionado a su aceptaci\u00f3n de todos los t\u00e9rminos, condiciones, pol\u00edticas y avisos aqu\u00ed establecidos.<\/p>\n<p>Al visitar nuestro sitio web y\/o comprar algo en nuestro sitio web, est\u00e1 utilizando nuestros \u00abServicios\u00bb. En consecuencia, usted acepta los siguientes t\u00e9rminos y condiciones (\u201cT\u00e9rminos de servicio\u201d, \u201cT\u00e9rminos\u201d), incluidos los t\u00e9rminos y condiciones y pol\u00edticas adicionales a los que se hace referencia en este documento y\/o disponibles mediante hiperv\u00ednculo. Estos T\u00e9rminos de servicio se aplican a todos los usuarios del sitio, incluidos, entre otros, usuarios que son navegadores, proveedores, clientes, comerciantes y\/o contribuyentes de contenido.<\/p>\n<p>Lea atentamente estos T\u00e9rminos de servicio antes de acceder o utilizar nuestro sitio web. Al acceder o utilizar cualquier parte del sitio web, acepta los T\u00e9rminos de servicio. Si no est\u00e1 de acuerdo con todos los t\u00e9rminos y condiciones de este acuerdo, no podr\u00e1 acceder al sitio web ni utilizar ning\u00fan servicio. Si estos T\u00e9rminos de servicio se consideran una oferta, la aceptaci\u00f3n se limita expresamente a estos T\u00e9rminos de servicio.<\/p>\n<p>Cualquier caracter\u00edstica o herramienta nueva que se agregue a la tienda actual tambi\u00e9n debe estar sujeta a los T\u00e9rminos de servicio. Puede revisar la versi\u00f3n m\u00e1s actualizada de los T\u00e9rminos de servicio en cualquier momento en esta p\u00e1gina. Nos reservamos el derecho de actualizar, cambiar o reemplazar cualquier parte de estos T\u00e9rminos de servicio mediante la publicaci\u00f3n de actualizaciones y\/o cambios en nuestro sitio web. Es su responsabilidad verificar peri\u00f3dicamente los cambios realizados en esta p\u00e1gina. Su uso continuo o acceso al sitio despu\u00e9s de la publicaci\u00f3n de cualquier cambio constituye la aceptaci\u00f3n de dichos cambios.<\/p>\n<p><strong>SECCI\u00d3N 1 \u2013 T\u00c9RMINOS DE LA TIENDA EN L\u00cdNEA<\/strong><\/p>\n<p>Al aceptar los T\u00e9rminos de servicio, usted confirma que tiene la mayor\u00eda de edad en su estado o provincia de residencia y que nos ha dado su consentimiento para permitir que cualquiera de sus dependientes menores utilice este sitio.<\/p>\n<p>No debe utilizar nuestros productos para ning\u00fan prop\u00f3sito ilegal o no autorizado. Al utilizar este Servicio, tampoco puede violar ninguna ley de su jurisdicci\u00f3n (incluidas, entre otras, las leyes de derechos de autor).<\/p>\n<p>No debe transmitir ning\u00fan virus ni ning\u00fan c\u00f3digo de naturaleza destructiva.<\/p>\n<p>La violaci\u00f3n de cualquiera de los T\u00e9rminos resultar\u00e1 en la terminaci\u00f3n inmediata de sus Servicios.<\/p>\n<p><strong>SECCI\u00d3N 2 \u2013 CONDICIONES GENERALES<\/strong><\/p>\n<p>Nos reservamos el derecho de negar el servicio a cualquier persona por cualquier motivo y en cualquier momento.<\/p>\n<p>Usted comprende que su contenido (sin incluir la informaci\u00f3n de la tarjeta de cr\u00e9dito) puede transferirse sin cifrar y puede: (a) transmitirse a trav\u00e9s de varias redes; y (b) sufrir cambios para adaptarse y adaptarse a los requisitos t\u00e9cnicos de conexi\u00f3n de redes o dispositivos. La informaci\u00f3n de la tarjeta de cr\u00e9dito siempre est\u00e1 cifrada durante la transferencia entre redes.<\/p>\n<p>Usted acepta no reproducir, duplicar, copiar, vender, revender o explotar ninguna parte del Servicio, el uso del Servicio, el acceso al Servicio o cualquier contacto en el sitio web a trav\u00e9s del cual se brinda el servicio, sin nuestro permiso expreso por escrito. .<\/p>\n<p>Los encabezados utilizados en este acuerdo se incluyen \u00fanicamente por conveniencia y no limitar\u00e1n ni afectar\u00e1n los T\u00e9rminos.<\/p>\n<p><strong>SECCI\u00d3N 3 \u2013 EXACTITUD, INTEGRIDAD Y ACTUALIZACI\u00d3N DE LA INFORMACI\u00d3N<\/strong><\/p>\n<p>No somos responsables de la informaci\u00f3n disponible en este sitio que no sea precisa, completa o actual. El material de este sitio se proporciona \u00fanicamente con fines informativos y no se debe confiar en \u00e9l ni utilizarlo como base \u00fanica para tomar decisiones sin consultar fuentes de informaci\u00f3n primarias, m\u00e1s precisas, m\u00e1s completas o m\u00e1s oportunas. Cualquier uso del material en este sitio es bajo su propio riesgo.<\/p>\n<p>Este sitio puede contener cierta informaci\u00f3n hist\u00f3rica. La informaci\u00f3n hist\u00f3rica puede no estar actualizada y se proporciona \u00fanicamente como referencia. Nos reservamos el derecho de modificar el contenido de este sitio en cualquier momento, pero no tenemos obligaci\u00f3n de actualizar ninguna informaci\u00f3n en nuestro sitio. Usted acepta que es su responsabilidad monitorear los cambios en nuestro sitio web.<\/p>\n<p><strong>SECCI\u00d3N 4 \u2013 CAMBIOS EN EL SERVICIO Y PRECIOS<\/strong><\/p>\n<p>Los precios de nuestros productos est\u00e1n sujetos a cambios sin previo aviso.<\/p>\n<p>Nos reservamos el derecho en cualquier momento de modificar o discontinuar el Servicio (o cualquier parte o contenido del mismo) sin previo aviso en cualquier momento.<\/p>\n<p>No seremos responsables ante usted ni ante ning\u00fan tercero por cualquier modificaci\u00f3n, cambio de precio, suspensi\u00f3n o interrupci\u00f3n del Servicio.<\/p>\n<p><strong>SECCI\u00d3N 5 \u2013 PRODUCTOS O SERVICIOS (si corresponde)<\/strong><\/p>\n<p>Ciertos productos o servicios pueden estar disponibles exclusivamente en l\u00ednea a trav\u00e9s del sitio web. Dichos productos o servicios pueden tener cantidades limitadas y est\u00e1n sujetos a devoluci\u00f3n o cambio \u00fanicamente, de acuerdo con nuestra Pol\u00edtica de devoluciones.<\/p>\n<\/div>\n<\/div>\n<\/div>\n<\/div>\n<\/div>\n<\/div>\n<\/article>\n<\/div>\n<\/div>\n<\/div>\n<\/div>\n","protected":false},"excerpt":{"rendered":"<p>VISI\u00d3N GENERAL Este sitio web es operado por Gon\u00e7alo Confe\u00e7\u00f5es, Lda. En todo el sitio, los t\u00e9rminos \u201cnosotros\u201d, \u201cnos\u201d y \u201cnuestro\u201d se refieren a Gon\u00e7alo Confe\u00e7\u00f5es, Lda. Gon\u00e7alo Confe\u00e7\u00f5es, Lda proporciona este sitio web, incluida toda la informaci\u00f3n, herramientas y servicios disponibles. de este sitio a usted, el usuario, condicionado a su aceptaci\u00f3n de todos &hellip; <a href=\"https:\/\/goncalo.com.pt\/2026\/es\/terminos-de-uso\/\" class=\"more-link\">Continue reading <span class=\"screen-reader-text\">Terminos de Uso<\/span><\/a><\/p>\n","protected":false},"author":1,"featured_media":0,"parent":0,"menu_order":0,"comment_status":"closed","ping_status":"closed","template":"","meta":{"footnotes":""},"class_list":["post-2618","page","type-page","status-publish","hentry"],"_links":{"self":[{"href":"https:\/\/goncalo.com.pt\/2026\/es\/wp-json\/wp\/v2\/pages\/2618","targetHints":{"allow":["GET"]}}],"collection":[{"href":"https:\/\/goncalo.com.pt\/2026\/es\/wp-json\/wp\/v2\/pages"}],"about":[{"href":"https:\/\/goncalo.com.pt\/2026\/es\/wp-json\/wp\/v2\/types\/page"}],"author":[{"embeddable":true,"href":"https:\/\/goncalo.com.pt\/2026\/es\/wp-json\/wp\/v2\/users\/1"}],"replies":[{"embeddable":true,"href":"https:\/\/goncalo.com.pt\/2026\/es\/wp-json\/wp\/v2\/comments?post=2618"}],"version-history":[{"count":3,"href":"https:\/\/goncalo.com.pt\/2026\/es\/wp-json\/wp\/v2\/pages\/2618\/revisions"}],"predecessor-version":[{"id":2695,"href":"https:\/\/goncalo.com.pt\/2026\/es\/wp-json\/wp\/v2\/pages\/2618\/revisions\/2695"}],"wp:attachment":[{"href":"https:\/\/goncalo.com.pt\/2026\/es\/wp-json\/wp\/v2\/media?parent=2618"}],"curies":[{"name":"wp","href":"https:\/\/api.w.org\/{rel}","templated":true}]}}