{"id":2635,"date":"2023-08-09T16:03:36","date_gmt":"2023-08-09T16:03:36","guid":{"rendered":"https:\/\/goncalo.com.pt\/2026\/servicos\/"},"modified":"2023-09-08T10:49:51","modified_gmt":"2023-09-08T10:49:51","slug":"servicios","status":"publish","type":"page","link":"https:\/\/goncalo.com.pt\/2026\/es\/servicios\/","title":{"rendered":"Servicios"},"content":{"rendered":"<div class=\"wpb-content-wrapper\"><p>[vc_row][vc_column]<div class=\"themetechmount-boxes themetechmount-boxes-service themetechmount-boxes-view-default themetechmount-boxes-col-three themetechmount-boxes-sortable-no themetechmount-boxes-textalign-center tm-cta3-rev-heading\">\n\t\t<div class=\"themetechmount-boxes-inner themetechmount-boxes-service-inner \"><div class=\"themetechmount-box-heading-wrapper tm-element-align-center\"><div class=\"tm-element-heading-wrapper tm-heading-inner tm-element-align-center tm-seperator-none tm-heading-style-vertical \"><section class=\"tm-vc_cta3-container\"><div class=\"tm-vc_general tm-vc_cta3 tm-cta3-only tm-vc_cta3-style-classic tm-vc_cta3-shape-rounded tm-vc_cta3-align-center tm-vc_cta3-color-transparent tm-vc_cta3-icon-size-md tm-vc_cta3-actions-no tm-cta3-without-desc\"><div class=\"tm-vc_cta3_content-container\"><div class=\"tm-vc_cta3-content\"><header class=\"tm-vc_cta3-content-header tm-wrap\"><div class=\"tm-vc_cta3-headers tm-wrap-cell\"><h4 class=\"tm-custom-heading \" >Desde la concepci\u00f3n hasta el parto.<\/h4>\n<h2 class=\"tm-custom-heading \" >\u00bfQu\u00e9 hacemos en el Grupo Gon\u00e7alo?<\/h2>\n<\/div><div class=\"heading-seperator\"><span><\/span><\/div><\/header><\/div><\/div><\/div><\/section><\/div> <!-- .tm-element-heading-wrapper container --> <\/div> <!-- .tm-element-heading-wrapper container --> \n\t\t\t\t\n\t\t\t\t<div class=\"row multi-columns-row themetechmount-boxes-row-wrapper\">\n\t\t\t\t\t<div class=\"tm-box-col-wrapper col-lg-4 col-sm-6 col-md-4 col-xs-12 design-es\"><article class=\"themetechmount-box themetechmount-box-service themetechmount-servicebox-styletwo \">\n\t<div class=\"themetechmount-post-item\">\n\t\t<div class=\"themetechmount-box-bottom-content\">\t\n\t\t\t<div class=\"tm-featured-wrapper tm-tm_service-featured-wrapper\"><a href=\"https:\/\/goncalo.com.pt\/2026\/es\/service\/abastecimiento-y-diseno-de-materiales\/\"><img loading=\"lazy\" decoding=\"async\" width=\"768\" height=\"512\" src=\"https:\/\/goncalo.com.pt\/2026\/wp-content\/uploads\/2021\/02\/5-min-1-768x512.jpg\" class=\"attachment-medium_large size-medium_large wp-post-image\" alt=\"\" srcset=\"https:\/\/goncalo.com.pt\/2026\/wp-content\/uploads\/2021\/02\/5-min-1-768x512.jpg 768w, https:\/\/goncalo.com.pt\/2026\/wp-content\/uploads\/2021\/02\/5-min-1-300x200.jpg 300w, https:\/\/goncalo.com.pt\/2026\/wp-content\/uploads\/2021\/02\/5-min-1-1024x683.jpg 1024w, https:\/\/goncalo.com.pt\/2026\/wp-content\/uploads\/2021\/02\/5-min-1.jpg 1200w\" sizes=\"auto, (max-width: 768px) 100vw, 768px\" data-id=\"1738\" \/><\/a><\/div>\t\t\t<div class=\"tm-servicebox-detials\">\n\t\t\t\t<div class=\"tm-box-header\">\n\t\t\t\t\t<div class=\"themetechmount-box-title\"><h4><a href=\"https:\/\/goncalo.com.pt\/2026\/es\/service\/abastecimiento-y-diseno-de-materiales\/\">Abastecimiento y dise\u00f1o de materiales<\/a><\/h4><\/div>\t\t\t\t\t<div class=\"tm-details-link\"><a href=\"https:\/\/goncalo.com.pt\/2026\/es\/service\/abastecimiento-y-diseno-de-materiales\/\"><i class=\"themifyicon ti-arrow-top-right\"><\/i><\/a><\/div>\n\t\t\t\t<\/div>\n\t\t\t\t<div class=\"themetechmount-box-desc\">\n\t\t\t\t\t\t\t\t\t\t\t<div class=\"tm-short-desc\">\n\t\t\t\t\t\t\t\u00a1En nuestro departamento de dise\u00f1o podemos ayudar a su empresa en la concepci\u00f3n de su producto!\t\t\t\t\t\t<\/div>\n\t\t\t\t\t\t\t\t\t<\/div> \n\t\t\t<\/div>\n\t\t<\/div>\n\t<\/div>\n<\/article><\/div><div class=\"tm-box-col-wrapper col-lg-4 col-sm-6 col-md-4 col-xs-12 confecao-es\"><article class=\"themetechmount-box themetechmount-box-service themetechmount-servicebox-styletwo \">\n\t<div class=\"themetechmount-post-item\">\n\t\t<div class=\"themetechmount-box-bottom-content\">\t\n\t\t\t<div class=\"tm-featured-wrapper tm-tm_service-featured-wrapper\"><a href=\"https:\/\/goncalo.com.pt\/2026\/es\/service\/modelado-y-corte-digital\/\"><img loading=\"lazy\" decoding=\"async\" width=\"768\" height=\"576\" src=\"https:\/\/goncalo.com.pt\/2026\/wp-content\/uploads\/2023\/08\/2a6e6a1d-3656-4642-9976-62a7899d9b44-768x576.jpg\" class=\"attachment-medium_large size-medium_large wp-post-image\" alt=\"\" srcset=\"https:\/\/goncalo.com.pt\/2026\/wp-content\/uploads\/2023\/08\/2a6e6a1d-3656-4642-9976-62a7899d9b44-768x576.jpg 768w, https:\/\/goncalo.com.pt\/2026\/wp-content\/uploads\/2023\/08\/2a6e6a1d-3656-4642-9976-62a7899d9b44-300x225.jpg 300w, https:\/\/goncalo.com.pt\/2026\/wp-content\/uploads\/2023\/08\/2a6e6a1d-3656-4642-9976-62a7899d9b44.jpg 1024w\" sizes=\"auto, (max-width: 768px) 100vw, 768px\" data-id=\"2583\" \/><\/a><\/div>\t\t\t<div class=\"tm-servicebox-detials\">\n\t\t\t\t<div class=\"tm-box-header\">\n\t\t\t\t\t<div class=\"themetechmount-box-title\"><h4><a href=\"https:\/\/goncalo.com.pt\/2026\/es\/service\/modelado-y-corte-digital\/\">Modelado y Corte Digital<\/a><\/h4><\/div>\t\t\t\t\t<div class=\"tm-details-link\"><a href=\"https:\/\/goncalo.com.pt\/2026\/es\/service\/modelado-y-corte-digital\/\"><i class=\"themifyicon ti-arrow-top-right\"><\/i><\/a><\/div>\n\t\t\t\t<\/div>\n\t\t\t\t<div class=\"themetechmount-box-desc\">\n\t\t\t\t\t\t\t\t\t\t\t<div class=\"tm-short-desc\">\n\t\t\t\t\t\t\tDisponemos de maquinaria moderna y soluciones tecnol\u00f3gicas adaptadas a cada cliente, atendi\u00e9ndolos con rapidez, calidad y rigor.\t\t\t\t\t\t<\/div>\n\t\t\t\t\t\t\t\t\t<\/div> \n\t\t\t<\/div>\n\t\t<\/div>\n\t<\/div>\n<\/article><\/div><div class=\"tm-box-col-wrapper col-lg-4 col-sm-6 col-md-4 col-xs-12 confecao-es\"><article class=\"themetechmount-box themetechmount-box-service themetechmount-servicebox-styletwo \">\n\t<div class=\"themetechmount-post-item\">\n\t\t<div class=\"themetechmount-box-bottom-content\">\t\n\t\t\t<div class=\"tm-featured-wrapper tm-tm_service-featured-wrapper\"><a href=\"https:\/\/goncalo.com.pt\/2026\/es\/service\/confeccion\/\"><img loading=\"lazy\" decoding=\"async\" width=\"768\" height=\"512\" src=\"https:\/\/goncalo.com.pt\/2026\/wp-content\/uploads\/2021\/02\/4-min-1-768x512.jpg\" class=\"attachment-medium_large size-medium_large wp-post-image\" alt=\"confe\u00e7\u00e3o Portugal\" srcset=\"https:\/\/goncalo.com.pt\/2026\/wp-content\/uploads\/2021\/02\/4-min-1-768x512.jpg 768w, https:\/\/goncalo.com.pt\/2026\/wp-content\/uploads\/2021\/02\/4-min-1-300x200.jpg 300w, https:\/\/goncalo.com.pt\/2026\/wp-content\/uploads\/2021\/02\/4-min-1-1024x683.jpg 1024w, https:\/\/goncalo.com.pt\/2026\/wp-content\/uploads\/2021\/02\/4-min-1.jpg 1200w\" sizes=\"auto, (max-width: 768px) 100vw, 768px\" data-id=\"1746\" \/><\/a><\/div>\t\t\t<div class=\"tm-servicebox-detials\">\n\t\t\t\t<div class=\"tm-box-header\">\n\t\t\t\t\t<div class=\"themetechmount-box-title\"><h4><a href=\"https:\/\/goncalo.com.pt\/2026\/es\/service\/confeccion\/\">Confecci\u00f3n<\/a><\/h4><\/div>\t\t\t\t\t<div class=\"tm-details-link\"><a href=\"https:\/\/goncalo.com.pt\/2026\/es\/service\/confeccion\/\"><i class=\"themifyicon ti-arrow-top-right\"><\/i><\/a><\/div>\n\t\t\t\t<\/div>\n\t\t\t\t<div class=\"themetechmount-box-desc\">\n\t\t\t\t\t\t\t\t\t\t\t<div class=\"tm-short-desc\">\n\t\t\t\t\t\t\tCon 40 a\u00f1os en el mercado y fabricaci\u00f3n propia, contamos con el equipo adecuado para obtener un producto final con acabados que cumplen con los est\u00e1ndares de la industria.<br \/>\r\n\t\t\t\t\t\t<\/div>\n\t\t\t\t\t\t\t\t\t<\/div> \n\t\t\t<\/div>\n\t\t<\/div>\n\t<\/div>\n<\/article><\/div><div class=\"tm-box-col-wrapper col-lg-4 col-sm-6 col-md-4 col-xs-12 impressao-dtf-es\"><article class=\"themetechmount-box themetechmount-box-service themetechmount-servicebox-styletwo \">\n\t<div class=\"themetechmount-post-item\">\n\t\t<div class=\"themetechmount-box-bottom-content\">\t\n\t\t\t<div class=\"tm-featured-wrapper tm-tm_service-featured-wrapper\"><a href=\"https:\/\/goncalo.com.pt\/2026\/es\/service\/impressao-dtf-un-proceso-revolucionario\/\"><img loading=\"lazy\" decoding=\"async\" width=\"768\" height=\"576\" src=\"https:\/\/goncalo.com.pt\/2026\/wp-content\/uploads\/2023\/08\/976cb0fd-4f62-4829-8723-a37f94ca7132-768x576.jpg\" class=\"attachment-medium_large size-medium_large wp-post-image\" alt=\"\" srcset=\"https:\/\/goncalo.com.pt\/2026\/wp-content\/uploads\/2023\/08\/976cb0fd-4f62-4829-8723-a37f94ca7132-768x576.jpg 768w, https:\/\/goncalo.com.pt\/2026\/wp-content\/uploads\/2023\/08\/976cb0fd-4f62-4829-8723-a37f94ca7132-300x225.jpg 300w, https:\/\/goncalo.com.pt\/2026\/wp-content\/uploads\/2023\/08\/976cb0fd-4f62-4829-8723-a37f94ca7132.jpg 1024w\" sizes=\"auto, (max-width: 768px) 100vw, 768px\" data-id=\"2525\" \/><\/a><\/div>\t\t\t<div class=\"tm-servicebox-detials\">\n\t\t\t\t<div class=\"tm-box-header\">\n\t\t\t\t\t<div class=\"themetechmount-box-title\"><h4><a href=\"https:\/\/goncalo.com.pt\/2026\/es\/service\/impressao-dtf-un-proceso-revolucionario\/\">Impress\u00e3o DTF \u2013 Un proceso revolucionario<\/a><\/h4><\/div>\t\t\t\t\t<div class=\"tm-details-link\"><a href=\"https:\/\/goncalo.com.pt\/2026\/es\/service\/impressao-dtf-un-proceso-revolucionario\/\"><i class=\"themifyicon ti-arrow-top-right\"><\/i><\/a><\/div>\n\t\t\t\t<\/div>\n\t\t\t\t<div class=\"themetechmount-box-desc\">\n\t\t\t\t\t\t\t\t\t\t\t<div class=\"tm-short-desc\">\n\t\t\t\t\t\t\tEl DTF es un sistema de impresi\u00f3n que consiste en imprimir un n\u00facleo sobre una pel\u00edcula, seja para complementar a nuestra producci\u00f3n o para venta directa.\t\t\t\t\t\t<\/div>\n\t\t\t\t\t\t\t\t\t<\/div> \n\t\t\t<\/div>\n\t\t<\/div>\n\t<\/div>\n<\/article><\/div><div class=\"tm-box-col-wrapper col-lg-4 col-sm-6 col-md-4 col-xs-12 embalamento-es\"><article class=\"themetechmount-box themetechmount-box-service themetechmount-servicebox-styletwo \">\n\t<div class=\"themetechmount-post-item\">\n\t\t<div class=\"themetechmount-box-bottom-content\">\t\n\t\t\t<div class=\"tm-featured-wrapper tm-tm_service-featured-wrapper\"><a href=\"https:\/\/goncalo.com.pt\/2026\/es\/service\/embalaje-y-etiquetado\/\"><img loading=\"lazy\" decoding=\"async\" width=\"768\" height=\"576\" src=\"https:\/\/goncalo.com.pt\/2026\/wp-content\/uploads\/2023\/08\/embalagem_2-768x576.png\" class=\"attachment-medium_large size-medium_large wp-post-image\" alt=\"embalagem\" srcset=\"https:\/\/goncalo.com.pt\/2026\/wp-content\/uploads\/2023\/08\/embalagem_2-768x576.png 768w, https:\/\/goncalo.com.pt\/2026\/wp-content\/uploads\/2023\/08\/embalagem_2-300x225.png 300w, https:\/\/goncalo.com.pt\/2026\/wp-content\/uploads\/2023\/08\/embalagem_2.png 1024w\" sizes=\"auto, (max-width: 768px) 100vw, 768px\" data-id=\"3177\" \/><\/a><\/div>\t\t\t<div class=\"tm-servicebox-detials\">\n\t\t\t\t<div class=\"tm-box-header\">\n\t\t\t\t\t<div class=\"themetechmount-box-title\"><h4><a href=\"https:\/\/goncalo.com.pt\/2026\/es\/service\/embalaje-y-etiquetado\/\">Embalaje y etiquetado<\/a><\/h4><\/div>\t\t\t\t\t<div class=\"tm-details-link\"><a href=\"https:\/\/goncalo.com.pt\/2026\/es\/service\/embalaje-y-etiquetado\/\"><i class=\"themifyicon ti-arrow-top-right\"><\/i><\/a><\/div>\n\t\t\t\t<\/div>\n\t\t\t\t<div class=\"themetechmount-box-desc\">\n\t\t\t\t\t\t\t\t\t\t\t<div class=\"tm-short-desc\">\n\t\t\t\t\t\t\tLa mercanc\u00eda es empaquetada de acuerdo con las especificaciones del cliente y enviada a cualquier destino del mundo.\t\t\t\t\t\t<\/div>\n\t\t\t\t\t\t\t\t\t<\/div> \n\t\t\t<\/div>\n\t\t<\/div>\n\t<\/div>\n<\/article><\/div><div class=\"tm-box-col-wrapper col-lg-4 col-sm-6 col-md-4 col-xs-12 armazenamento-es\"><article class=\"themetechmount-box themetechmount-box-service themetechmount-servicebox-styletwo \">\n\t<div class=\"themetechmount-post-item\">\n\t\t<div class=\"themetechmount-box-bottom-content\">\t\n\t\t\t<div class=\"tm-featured-wrapper tm-tm_service-featured-wrapper\"><a href=\"https:\/\/goncalo.com.pt\/2026\/es\/service\/almacenamiento-y-envio\/\"><img loading=\"lazy\" decoding=\"async\" width=\"768\" height=\"512\" src=\"https:\/\/goncalo.com.pt\/2026\/wp-content\/uploads\/2023\/08\/young-courier-his-colleague-unloading-cardboard-boxes-from-delivery-van-768x512.jpg\" class=\"attachment-medium_large size-medium_large wp-post-image\" alt=\"\" srcset=\"https:\/\/goncalo.com.pt\/2026\/wp-content\/uploads\/2023\/08\/young-courier-his-colleague-unloading-cardboard-boxes-from-delivery-van-768x512.jpg 768w, https:\/\/goncalo.com.pt\/2026\/wp-content\/uploads\/2023\/08\/young-courier-his-colleague-unloading-cardboard-boxes-from-delivery-van-300x200.jpg 300w, https:\/\/goncalo.com.pt\/2026\/wp-content\/uploads\/2023\/08\/young-courier-his-colleague-unloading-cardboard-boxes-from-delivery-van-1024x683.jpg 1024w, https:\/\/goncalo.com.pt\/2026\/wp-content\/uploads\/2023\/08\/young-courier-his-colleague-unloading-cardboard-boxes-from-delivery-van-1536x1024.jpg 1536w, https:\/\/goncalo.com.pt\/2026\/wp-content\/uploads\/2023\/08\/young-courier-his-colleague-unloading-cardboard-boxes-from-delivery-van-2048x1365.jpg 2048w, https:\/\/goncalo.com.pt\/2026\/wp-content\/uploads\/2023\/08\/young-courier-his-colleague-unloading-cardboard-boxes-from-delivery-van-1200x800.jpg 1200w\" sizes=\"auto, (max-width: 768px) 100vw, 768px\" data-id=\"2327\" \/><\/a><\/div>\t\t\t<div class=\"tm-servicebox-detials\">\n\t\t\t\t<div class=\"tm-box-header\">\n\t\t\t\t\t<div class=\"themetechmount-box-title\"><h4><a href=\"https:\/\/goncalo.com.pt\/2026\/es\/service\/almacenamiento-y-envio\/\">Almacenamiento y env\u00edo<\/a><\/h4><\/div>\t\t\t\t\t<div class=\"tm-details-link\"><a href=\"https:\/\/goncalo.com.pt\/2026\/es\/service\/almacenamiento-y-envio\/\"><i class=\"themifyicon ti-arrow-top-right\"><\/i><\/a><\/div>\n\t\t\t\t<\/div>\n\t\t\t\t<div class=\"themetechmount-box-desc\">\n\t\t\t\t\t\t\t\t\t\t\t<div class=\"tm-short-desc\">\n\t\t\t\t\t\t\tCon un almac\u00e9n moderno, seguro y cercano a las principales v\u00edas de comunicaci\u00f3n, podr\u00e1 contar con entregas en los plazos estipulados.\t\t\t\t\t\t<\/div>\n\t\t\t\t\t\t\t\t\t<\/div> \n\t\t\t<\/div>\n\t\t<\/div>\n\t<\/div>\n<\/article><\/div>\n\t\t\t\t<\/div>\n\t\t\t<\/div><!-- .themetechmount-boxes-inner -->   <\/div><!-- .themetechmount-boxes -->  [\/vc_column][\/vc_row]<\/p>\n<\/div>","protected":false},"excerpt":{"rendered":"<p>[vc_row][vc_column][\/vc_column][\/vc_row]<\/p>\n","protected":false},"author":1,"featured_media":0,"parent":0,"menu_order":0,"comment_status":"closed","ping_status":"closed","template":"","meta":{"footnotes":""},"class_list":["post-2635","page","type-page","status-publish","hentry"],"_links":{"self":[{"href":"https:\/\/goncalo.com.pt\/2026\/es\/wp-json\/wp\/v2\/pages\/2635","targetHints":{"allow":["GET"]}}],"collection":[{"href":"https:\/\/goncalo.com.pt\/2026\/es\/wp-json\/wp\/v2\/pages"}],"about":[{"href":"https:\/\/goncalo.com.pt\/2026\/es\/wp-json\/wp\/v2\/types\/page"}],"author":[{"embeddable":true,"href":"https:\/\/goncalo.com.pt\/2026\/es\/wp-json\/wp\/v2\/users\/1"}],"replies":[{"embeddable":true,"href":"https:\/\/goncalo.com.pt\/2026\/es\/wp-json\/wp\/v2\/comments?post=2635"}],"version-history":[{"count":5,"href":"https:\/\/goncalo.com.pt\/2026\/es\/wp-json\/wp\/v2\/pages\/2635\/revisions"}],"predecessor-version":[{"id":2754,"href":"https:\/\/goncalo.com.pt\/2026\/es\/wp-json\/wp\/v2\/pages\/2635\/revisions\/2754"}],"wp:attachment":[{"href":"https:\/\/goncalo.com.pt\/2026\/es\/wp-json\/wp\/v2\/media?parent=2635"}],"curies":[{"name":"wp","href":"https:\/\/api.w.org\/{rel}","templated":true}]}}