{"id":2647,"date":"2021-03-03T08:44:36","date_gmt":"2021-03-03T08:44:36","guid":{"rendered":"https:\/\/goncalo.com.pt\/2026\/sobre-nos\/"},"modified":"2023-09-06T18:13:43","modified_gmt":"2023-09-06T18:13:43","slug":"sobre-nosotros","status":"publish","type":"page","link":"https:\/\/goncalo.com.pt\/2026\/es\/sobre-nosotros\/","title":{"rendered":"Sobre nosotros"},"content":{"rendered":"<div class=\"wpb-content-wrapper\"><p>[vc_row][vc_column]<div class=\"tm-element-heading-wrapper tm-heading-inner tm-element-align-left tm-seperator-none tm-heading-style-vertical \"><section class=\"tm-vc_cta3-container\"><div class=\"tm-vc_general tm-vc_cta3 tm-cta3-only tm-vc_cta3-style-classic tm-vc_cta3-shape-rounded tm-vc_cta3-align-left tm-vc_cta3-color-transparent tm-vc_cta3-icon-size-md tm-vc_cta3-actions-no tm-cta3-with-desc\"><div class=\"tm-vc_cta3_content-container\"><div class=\"tm-vc_cta3-content\"><header class=\"tm-vc_cta3-content-header tm-wrap\"><div class=\"tm-vc_cta3-headers tm-wrap-cell\"><h4 class=\"tm-custom-heading \" >\u00bfQU\u00c9 NOS DETIENE?<\/h4>\n<h2 class=\"tm-custom-heading \" >Operando desde <b>1983<\/b><\/h2>\n<\/div><div class=\"heading-seperator\"><span><\/span><\/div><\/header><div class=\"tm-cta3-content-wrapper\">\n<p class=\"Standard\">La empresa Confe\u00e7\u00f5es Gon\u00e7alo, Lda fue fundada en 1993, pero tiene sus ra\u00edces en una d\u00e9cada anterior.<br \/>\nInici\u00f3 su actividad en 1983 y, en ese momento, era dirigida individualmente por Gon\u00e7alo da Silva Freitas, padre de los actuales socios directores y cuyo nombre es, hoy, parte integrante del nombre y de la marca de la empresa. Empez\u00f3 con media docena de m\u00e1quinas, pocos recursos, pero mucha fuerza de voluntad. Fue con gran compromiso y esp\u00edritu ganador que logr\u00f3 superar todas las barreras y superar todos los sacrificios.<br \/>\nHoy es una empresa dedicada a la confecci\u00f3n de prendas de vestir, concretamente ropa interior para hombre, mujer y ni\u00f1o con destino al mercado nacional y extranjero. Cuenta con toda la infraestructura necesaria y equipada para el desarrollo de su actividad, siendo el art\u00edculo desarrollado, fabricado y controlado con exigentes est\u00e1ndares de calidad y confort.<br \/>\nAnte el mercado actual, su misi\u00f3n es satisfacer las necesidades de sus clientes, mejorando continuamente su oferta y la capacidad t\u00e9cnica de sus empleados.<\/p>\n<p><\/div><\/div><\/div><\/div><\/section><\/div> <!-- .tm-element-heading-wrapper container --> [\/vc_column][\/vc_row][vc_row][vc_column width=\u00bb1\/2&#8243;][vc_separator border_width=\u00bb3&#8243;]<div class=\"themetechmount-iconbox themetechmount-iconbox-stylesix themetechmount-iconbox-style14 \">\n\t<div class=\"themetechmount-iconbox-inner tm-iconstyle-rounded\">\n\t\t<div class=\"tm-iconbox-wrapper tm-wrap\">\n\t\t\t<div class=\"themetechmount-iconbox-icon tm-wrap-cell\">\n\t\t\t\t<div class=\"tm-box-icon\"><i class=\"fa fa-check\"><\/i><\/div>\t\n\t\t\t<\/div>\n\t\t\t<div class=\"themetechmount-iconbox-heading tm-wrap-cell\">\n\t\t\t\t<div class=\"tm-vc_general tm-vc_cta3 tm-cta3-only tm-vc_cta3-style-classic tm-vc_cta3-shape-rounded tm-vc_cta3-align-left tm-vc_cta3-color-transparent tm-vc_cta3-icon-size-md tm-vc_cta3-actions-no tm-cta3-without-desc\"><div class=\"tm-vc_cta3_content-container\"><div class=\"tm-vc_cta3-content\"><header class=\"tm-vc_cta3-content-header tm-wrap\"><div class=\"tm-vc_cta3-headers tm-wrap-cell\"><h2 class=\"tm-custom-heading \">Instalaciones superiores<\/h2>\n<\/div><div class=\"heading-seperator\"><span><\/span><\/div><\/header><\/div><\/div><\/div>\t\t\t<\/div>\n\t\t<\/div>\n\t\t\t<div class=\"tm-iconbox-boxcontent\">\t\t\t\n\t\t\t<div class=\"tm-cta3-content-wrapper\">Adaptado a las demandas del mercado.<\/div>\t\t\t\t<div class=\"themetechmount-iconbox-button\">\n\t\t\t\t\t\t\t\t\t<\/div>\n\t\t\t<\/div>\t\t\t\n\t<\/div>\t\n<\/div>\n<div class=\"themetechmount-iconbox themetechmount-iconbox-stylesix themetechmount-iconbox-style14 \">\n\t<div class=\"themetechmount-iconbox-inner tm-iconstyle-rounded\">\n\t\t<div class=\"tm-iconbox-wrapper tm-wrap\">\n\t\t\t<div class=\"themetechmount-iconbox-icon tm-wrap-cell\">\n\t\t\t\t<div class=\"tm-box-icon\"><i class=\"fa fa-check\"><\/i><\/div>\t\n\t\t\t<\/div>\n\t\t\t<div class=\"themetechmount-iconbox-heading tm-wrap-cell\">\n\t\t\t\t<div class=\"tm-vc_general tm-vc_cta3 tm-cta3-only tm-vc_cta3-style-classic tm-vc_cta3-shape-rounded tm-vc_cta3-align-left tm-vc_cta3-color-transparent tm-vc_cta3-icon-size-md tm-vc_cta3-actions-no tm-cta3-without-desc\"><div class=\"tm-vc_cta3_content-container\"><div class=\"tm-vc_cta3-content\"><header class=\"tm-vc_cta3-content-header tm-wrap\"><div class=\"tm-vc_cta3-headers tm-wrap-cell\"><h2 class=\"tm-custom-heading \">Recursos Humanos<\/h2>\n<\/div><div class=\"heading-seperator\"><span><\/span><\/div><\/header><\/div><\/div><\/div>\t\t\t<\/div>\n\t\t<\/div>\n\t\t\t<div class=\"tm-iconbox-boxcontent\">\t\t\t\n\t\t\t<div class=\"tm-cta3-content-wrapper\">Con formaci\u00f3n y a\u00f1os de experiencia.<\/div>\t\t\t\t<div class=\"themetechmount-iconbox-button\">\n\t\t\t\t\t\t\t\t\t<\/div>\n\t\t\t<\/div>\t\t\t\n\t<\/div>\t\n<\/div>\n[vc_separator border_width=\u00bb3&#8243;][\/vc_column][vc_column width=\u00bb1\/2&#8243;][vc_separator border_width=\u00bb3&#8243;]<div class=\"themetechmount-iconbox themetechmount-iconbox-stylesix themetechmount-iconbox-style14 \">\n\t<div class=\"themetechmount-iconbox-inner tm-iconstyle-rounded\">\n\t\t<div class=\"tm-iconbox-wrapper tm-wrap\">\n\t\t\t<div class=\"themetechmount-iconbox-icon tm-wrap-cell\">\n\t\t\t\t<div class=\"tm-box-icon\"><i class=\"fa fa-check\"><\/i><\/div>\t\n\t\t\t<\/div>\n\t\t\t<div class=\"themetechmount-iconbox-heading tm-wrap-cell\">\n\t\t\t\t<div class=\"tm-vc_general tm-vc_cta3 tm-cta3-only tm-vc_cta3-style-classic tm-vc_cta3-shape-rounded tm-vc_cta3-align-left tm-vc_cta3-color-transparent tm-vc_cta3-icon-size-md tm-vc_cta3-actions-no tm-cta3-without-desc\"><div class=\"tm-vc_cta3_content-container\"><div class=\"tm-vc_cta3-content\"><header class=\"tm-vc_cta3-content-header tm-wrap\"><div class=\"tm-vc_cta3-headers tm-wrap-cell\"><h2 class=\"tm-custom-heading \">M\u00e1quinas Modernas<\/h2>\n<\/div><div class=\"heading-seperator\"><span><\/span><\/div><\/header><\/div><\/div><\/div>\t\t\t<\/div>\n\t\t<\/div>\n\t\t\t<div class=\"tm-iconbox-boxcontent\">\t\t\t\n\t\t\t<div class=\"tm-cta3-content-wrapper\">Aliado con un equipo capacitado y competente.<\/div>\t\t\t\t<div class=\"themetechmount-iconbox-button\">\n\t\t\t\t\t\t\t\t\t<\/div>\n\t\t\t<\/div>\t\t\t\n\t<\/div>\t\n<\/div>\n<div class=\"themetechmount-iconbox themetechmount-iconbox-stylesix themetechmount-iconbox-style14 \">\n\t<div class=\"themetechmount-iconbox-inner tm-iconstyle-rounded\">\n\t\t<div class=\"tm-iconbox-wrapper tm-wrap\">\n\t\t\t<div class=\"themetechmount-iconbox-icon tm-wrap-cell\">\n\t\t\t\t<div class=\"tm-box-icon\"><i class=\"fa fa-check\"><\/i><\/div>\t\n\t\t\t<\/div>\n\t\t\t<div class=\"themetechmount-iconbox-heading tm-wrap-cell\">\n\t\t\t\t<div class=\"tm-vc_general tm-vc_cta3 tm-cta3-only tm-vc_cta3-style-classic tm-vc_cta3-shape-rounded tm-vc_cta3-align-left tm-vc_cta3-color-transparent tm-vc_cta3-icon-size-md tm-vc_cta3-actions-no tm-cta3-without-desc\"><div class=\"tm-vc_cta3_content-container\"><div class=\"tm-vc_cta3-content\"><header class=\"tm-vc_cta3-content-header tm-wrap\"><div class=\"tm-vc_cta3-headers tm-wrap-cell\"><h2 class=\"tm-custom-heading \">Proceso Completo<\/h2>\n<\/div><div class=\"heading-seperator\"><span><\/span><\/div><\/header><\/div><\/div><\/div>\t\t\t<\/div>\n\t\t<\/div>\n\t\t\t<div class=\"tm-iconbox-boxcontent\">\t\t\t\n\t\t\t<div class=\"tm-cta3-content-wrapper\">Desde el dise\u00f1o, producci\u00f3n, embalaje y etiquetado, hasta la entrega.<\/div>\t\t\t\t<div class=\"themetechmount-iconbox-button\">\n\t\t\t\t\t\t\t\t\t<\/div>\n\t\t\t<\/div>\t\t\t\n\t<\/div>\t\n<\/div>\n[vc_separator border_width=\u00bb3&#8243;][\/vc_column][\/vc_row][vc_row][vc_column]<div class=\"themetechmount-boxes themetechmount-boxes-portfolio themetechmount-boxes-view-default themetechmount-boxes-col-three themetechmount-boxes-sortable-no themetechmount-boxes-textalign-center tm-cta3-rev-heading\">\n\t\t<div class=\"themetechmount-boxes-inner themetechmount-boxes-portfolio-inner \"><div class=\"themetechmount-box-heading-wrapper tm-element-align-center\"><div class=\"tm-element-heading-wrapper tm-heading-inner tm-element-align-center tm-seperator-none tm-heading-style-vertical \"><section class=\"tm-vc_cta3-container\"><div class=\"tm-vc_general tm-vc_cta3 tm-cta3-only tm-vc_cta3-style-classic tm-vc_cta3-shape-rounded tm-vc_cta3-align-center tm-vc_cta3-color-transparent tm-vc_cta3-icon-size-md tm-vc_cta3-actions-no tm-cta3-with-desc\"><div class=\"tm-vc_cta3_content-container\"><div class=\"tm-vc_cta3-content\"><header class=\"tm-vc_cta3-content-header tm-wrap\"><div class=\"tm-vc_cta3-headers tm-wrap-cell\"><h2 class=\"tm-custom-heading \" >Algunas obras<\/h2>\n<\/div><div class=\"heading-seperator\"><span><\/span><\/div><\/header><div class=\"tm-cta3-content-wrapper\"><p>Descubre algunos de nuestros trabajos.<\/p><\/div><\/div><\/div><\/div><\/section><\/div> <!-- .tm-element-heading-wrapper container --> <\/div> <!-- .tm-element-heading-wrapper container --> \n\t\t\t\t\n\t\t\t\t<div class=\"row multi-columns-row themetechmount-boxes-row-wrapper tm-box-masnory\">\n\t\t\t\t\t<div class=\"tm-box-col-wrapper col-lg-4 col-sm-6 col-md-4 col-xs-12 boxers-homem-es\"><article class=\"themetechmount-box themetechmount-box-portfolio themetechmount-portfoliobox-style1 \">\n\t<div class=\"themetechmount-post-item tm-shadow-box\">\t\n\t\t<div class=\"themetechmount-post-item-inner\">\n\t\t\t<div class=\"tm-featured-wrapper tm-tm_portfolio-featured-wrapper\"><a href=\"https:\/\/goncalo.com.pt\/2026\/es\/portfolio\/boxer-de-hombre-100-algodon\/\"><img loading=\"lazy\" decoding=\"async\" width=\"768\" height=\"1024\" src=\"https:\/\/goncalo.com.pt\/2026\/wp-content\/uploads\/2023\/09\/g-gregory-boxershorts-3er-pack-verschiedenen-mustern-0001794107-768x1024.jpg\" class=\"attachment-medium_large size-medium_large wp-post-image\" alt=\"boxer homem\" srcset=\"https:\/\/goncalo.com.pt\/2026\/wp-content\/uploads\/2023\/09\/g-gregory-boxershorts-3er-pack-verschiedenen-mustern-0001794107-768x1024.jpg 768w, https:\/\/goncalo.com.pt\/2026\/wp-content\/uploads\/2023\/09\/g-gregory-boxershorts-3er-pack-verschiedenen-mustern-0001794107-225x300.jpg 225w, https:\/\/goncalo.com.pt\/2026\/wp-content\/uploads\/2023\/09\/g-gregory-boxershorts-3er-pack-verschiedenen-mustern-0001794107-1152x1536.jpg 1152w, https:\/\/goncalo.com.pt\/2026\/wp-content\/uploads\/2023\/09\/g-gregory-boxershorts-3er-pack-verschiedenen-mustern-0001794107-1536x2048.jpg 1536w, https:\/\/goncalo.com.pt\/2026\/wp-content\/uploads\/2023\/09\/g-gregory-boxershorts-3er-pack-verschiedenen-mustern-0001794107-scaled.jpg 1920w\" sizes=\"auto, (max-width: 768px) 100vw, 768px\" data-id=\"2509\" \/><\/a><\/div>\t\t\t<div class=\"themetechmount-box-content themetechmount-overlay\">\n\t\t\t\t<div class=\"themetechmount-box-content-inner\">\n\t\t\t\t\t<div class=\"themetechmount-icon-box themetechmount-media-link\"><a class=\"tm_prettyphoto\" href=\"https:\/\/goncalo.com.pt\/2026\/wp-content\/uploads\/2023\/09\/g-gregory-boxershorts-3er-pack-verschiedenen-mustern-0001794107-scaled.jpg\"><i class=\"tm-fablio-icon-search\"><\/i><\/a><a href=\" https:\/\/goncalo.com.pt\/2026\/es\/portfolio\/boxer-de-hombre-100-algodon\/\" class=\"themetechmount_pf_link\"><i class=\"tm-fablio-icon-shuffle\"><\/i><\/a><\/div>\n\t\t\t\t<\/div>\t\t\t\n\t\t\t<\/div>\n\t\t<\/div>\t\t\n\t\t<div class=\"themetechmount-box-bottom-content\">\t\t\t\t\t\t\n\t\t\t<div class=\"themetechmount-box-title\"><h4><a href=\"https:\/\/goncalo.com.pt\/2026\/es\/portfolio\/boxer-de-hombre-100-algodon\/\">B\u00f3xer de hombre 100% algod\u00f3n.<\/a><\/h4><\/div>\t\t\t<div class=\"themetechmount-box-desc\">\n\t\t\t\t<p>Boxer de hombre 100% Algod\u00f3n con tapeta y bot\u00f3n en la parte delantera. Cintura el\u00e1stica y forrada.<\/p>\n\t\t\t<\/div>\n\t\t<\/div>\n\t<\/div>\n<\/article><\/div><div class=\"tm-box-col-wrapper col-lg-4 col-sm-6 col-md-4 col-xs-12 \"><article class=\"themetechmount-box themetechmount-box-portfolio themetechmount-portfoliobox-style1 \">\n\t<div class=\"themetechmount-post-item tm-shadow-box\">\t\n\t\t<div class=\"themetechmount-post-item-inner\">\n\t\t\t<div class=\"tm-featured-wrapper tm-tm_portfolio-featured-wrapper\"><a href=\"https:\/\/goncalo.com.pt\/2026\/es\/portfolio\/t-shirt-homem\/\"><img loading=\"lazy\" decoding=\"async\" width=\"568\" height=\"738\" src=\"https:\/\/goncalo.com.pt\/2026\/wp-content\/uploads\/2023\/09\/Capturarc.png\" class=\"attachment-medium_large size-medium_large wp-post-image\" alt=\"t-shirt interior Homem\" srcset=\"https:\/\/goncalo.com.pt\/2026\/wp-content\/uploads\/2023\/09\/Capturarc.png 568w, https:\/\/goncalo.com.pt\/2026\/wp-content\/uploads\/2023\/09\/Capturarc-231x300.png 231w\" sizes=\"auto, (max-width: 568px) 100vw, 568px\" data-id=\"2503\" \/><\/a><\/div>\t\t\t<div class=\"themetechmount-box-content themetechmount-overlay\">\n\t\t\t\t<div class=\"themetechmount-box-content-inner\">\n\t\t\t\t\t<div class=\"themetechmount-icon-box themetechmount-media-link\"><a class=\"tm_prettyphoto\" href=\"https:\/\/goncalo.com.pt\/2026\/wp-content\/uploads\/2023\/09\/Capturarc.png\"><i class=\"tm-fablio-icon-search\"><\/i><\/a><a href=\" https:\/\/goncalo.com.pt\/2026\/es\/portfolio\/t-shirt-homem\/\" class=\"themetechmount_pf_link\"><i class=\"tm-fablio-icon-shuffle\"><\/i><\/a><\/div>\n\t\t\t\t<\/div>\t\t\t\n\t\t\t<\/div>\n\t\t<\/div>\t\t\n\t\t<div class=\"themetechmount-box-bottom-content\">\t\t\t\t\t\t\n\t\t\t<div class=\"themetechmount-box-title\"><h4><a href=\"https:\/\/goncalo.com.pt\/2026\/es\/portfolio\/t-shirt-homem\/\">T-Shirt Homem<\/a><\/h4><\/div>\t\t\t<div class=\"themetechmount-box-desc\">\n\t\t\t\t<p>T-shirt de homem interior 95% Algod\u00e3o 5% Elastano com decote redondo. <\/p>\n\t\t\t<\/div>\n\t\t<\/div>\n\t<\/div>\n<\/article><\/div><div class=\"tm-box-col-wrapper col-lg-4 col-sm-6 col-md-4 col-xs-12 cueca-senhora-es\"><article class=\"themetechmount-box themetechmount-box-portfolio themetechmount-portfoliobox-style1 \">\n\t<div class=\"themetechmount-post-item tm-shadow-box\">\t\n\t\t<div class=\"themetechmount-post-item-inner\">\n\t\t\t<div class=\"tm-featured-wrapper tm-tm_portfolio-featured-wrapper\"><a href=\"https:\/\/goncalo.com.pt\/2026\/es\/portfolio\/cueca-senhora-estampado-digital\/\"><img loading=\"lazy\" decoding=\"async\" width=\"768\" height=\"576\" src=\"https:\/\/goncalo.com.pt\/2026\/wp-content\/uploads\/2023\/09\/aa05f212-fedb-4441-81a6-8571d7cc2684-768x576.jpg\" class=\"attachment-medium_large size-medium_large wp-post-image\" alt=\"cueca adalga\u00e7ante senhora\" srcset=\"https:\/\/goncalo.com.pt\/2026\/wp-content\/uploads\/2023\/09\/aa05f212-fedb-4441-81a6-8571d7cc2684-768x576.jpg 768w, https:\/\/goncalo.com.pt\/2026\/wp-content\/uploads\/2023\/09\/aa05f212-fedb-4441-81a6-8571d7cc2684-300x225.jpg 300w, https:\/\/goncalo.com.pt\/2026\/wp-content\/uploads\/2023\/09\/aa05f212-fedb-4441-81a6-8571d7cc2684-1024x768.jpg 1024w, https:\/\/goncalo.com.pt\/2026\/wp-content\/uploads\/2023\/09\/aa05f212-fedb-4441-81a6-8571d7cc2684-1536x1152.jpg 1536w, https:\/\/goncalo.com.pt\/2026\/wp-content\/uploads\/2023\/09\/aa05f212-fedb-4441-81a6-8571d7cc2684.jpg 2048w\" sizes=\"auto, (max-width: 768px) 100vw, 768px\" data-id=\"2496\" \/><\/a><\/div>\t\t\t<div class=\"themetechmount-box-content themetechmount-overlay\">\n\t\t\t\t<div class=\"themetechmount-box-content-inner\">\n\t\t\t\t\t<div class=\"themetechmount-icon-box themetechmount-media-link\"><a class=\"tm_prettyphoto\" href=\"https:\/\/goncalo.com.pt\/2026\/wp-content\/uploads\/2023\/09\/aa05f212-fedb-4441-81a6-8571d7cc2684.jpg\"><i class=\"tm-fablio-icon-search\"><\/i><\/a><a href=\" https:\/\/goncalo.com.pt\/2026\/es\/portfolio\/cueca-senhora-estampado-digital\/\" class=\"themetechmount_pf_link\"><i class=\"tm-fablio-icon-shuffle\"><\/i><\/a><\/div>\n\t\t\t\t<\/div>\t\t\t\n\t\t\t<\/div>\n\t\t<\/div>\t\t\n\t\t<div class=\"themetechmount-box-bottom-content\">\t\t\t\t\t\t\n\t\t\t<div class=\"themetechmount-box-title\"><h4><a href=\"https:\/\/goncalo.com.pt\/2026\/es\/portfolio\/cueca-senhora-estampado-digital\/\">Cueca Senhora Estampado Digital<\/a><\/h4><\/div>\t\t\t<div class=\"themetechmount-box-desc\">\n\t\t\t\t<p>Cueca senhora com estampado digital, 95% Algod\u00e3o 5% Elastano e encaixes laterais de mesh tulle 100% Polyester. Cintura e cava da perna el\u00e1stica. Refor\u00e7o na parte frontal.<\/p>\n\t\t\t<\/div>\n\t\t<\/div>\n\t<\/div>\n<\/article><\/div>\n\t\t\t\t<\/div>\n\t\t\t<\/div><!-- .themetechmount-boxes-inner -->   <\/div><!-- .themetechmount-boxes -->  [\/vc_column][\/vc_row][vc_row][vc_column width=\u00bb1\/2&#8243;][\/vc_column][vc_column width=\u00bb1\/2&#8243;][\/vc_column][\/vc_row]<\/p>\n<\/div>","protected":false},"excerpt":{"rendered":"<p>[vc_row][vc_column][\/vc_column][\/vc_row][vc_row][vc_column width=\u00bb1\/2&#8243;][vc_separator border_width=\u00bb3&#8243;][vc_separator border_width=\u00bb3&#8243;][\/vc_column][vc_column width=\u00bb1\/2&#8243;][vc_separator border_width=\u00bb3&#8243;][vc_separator border_width=\u00bb3&#8243;][\/vc_column][\/vc_row][vc_row][vc_column][\/vc_column][\/vc_row][vc_row][vc_column width=\u00bb1\/2&#8243;][\/vc_column][vc_column width=\u00bb1\/2&#8243;][\/vc_column][\/vc_row]<\/p>\n","protected":false},"author":1,"featured_media":0,"parent":0,"menu_order":0,"comment_status":"closed","ping_status":"closed","template":"","meta":{"footnotes":""},"class_list":["post-2647","page","type-page","status-publish","hentry"],"_links":{"self":[{"href":"https:\/\/goncalo.com.pt\/2026\/es\/wp-json\/wp\/v2\/pages\/2647","targetHints":{"allow":["GET"]}}],"collection":[{"href":"https:\/\/goncalo.com.pt\/2026\/es\/wp-json\/wp\/v2\/pages"}],"about":[{"href":"https:\/\/goncalo.com.pt\/2026\/es\/wp-json\/wp\/v2\/types\/page"}],"author":[{"embeddable":true,"href":"https:\/\/goncalo.com.pt\/2026\/es\/wp-json\/wp\/v2\/users\/1"}],"replies":[{"embeddable":true,"href":"https:\/\/goncalo.com.pt\/2026\/es\/wp-json\/wp\/v2\/comments?post=2647"}],"version-history":[{"count":4,"href":"https:\/\/goncalo.com.pt\/2026\/es\/wp-json\/wp\/v2\/pages\/2647\/revisions"}],"predecessor-version":[{"id":2667,"href":"https:\/\/goncalo.com.pt\/2026\/es\/wp-json\/wp\/v2\/pages\/2647\/revisions\/2667"}],"wp:attachment":[{"href":"https:\/\/goncalo.com.pt\/2026\/es\/wp-json\/wp\/v2\/media?parent=2647"}],"curies":[{"name":"wp","href":"https:\/\/api.w.org\/{rel}","templated":true}]}}