{"id":2795,"date":"2023-09-11T22:45:27","date_gmt":"2023-09-11T22:45:27","guid":{"rendered":"https:\/\/goncalo.com.pt\/2026\/home-pt\/"},"modified":"2023-09-12T10:05:14","modified_gmt":"2023-09-12T10:05:14","slug":"home-pt","status":"publish","type":"page","link":"https:\/\/goncalo.com.pt\/2026\/es\/","title":{"rendered":"Comenzar"},"content":{"rendered":"<div class=\"wpb-content-wrapper\"><p>[vc_row tm_bgimagefixed=\u00bb\u00bb full_width=\u00bbstretch_row\u00bb tm_responsive_css=\u00bb47482487|colbreak_no|||||||||colbreak_no|0px||||50px||60px||colbreak_no||||||||||colbreak_no|||||||||\u00bb css=\u00bb.vc_custom_1616565126588{margin-top: -175px !important;}\u00bb][vc_column tm_col_bg_expand=\u00bbleft\u00bb tm_zindex=\u00bb1&#8243; css=\u00bb.vc_custom_1690297315936{margin-top: -50px !important;margin-bottom: -150px !important;margin-left: 70px !important;padding-top: 80px !important;padding-bottom: 200px !important;background-image: url(https:\/\/goncalo.com.pt\/2026\/wp-content\/uploads\/2021\/03\/row-bg-011-1.jpg?id=1580) !important;background-position: center !important;background-repeat: no-repeat !important;background-size: cover !important;}\u00bb tm_responsive_css=\u00bb64225822|colbreak_no|||||||||colbreak_no|-49px||0|0px|40px||30px||colbreak_no||||||||||colbreak_no|||||||||\u00bb][vc_row_inner css=\u00bb.vc_custom_1616564691076{margin-left: -85px !important;padding-right: 70px !important;}\u00bb tm_responsive_css=\u00bb52535592|colbreak_no|||||||||colbreak_no||||-15px||15px|||colbreak_no||||||||||colbreak_no|||||||||\u00bb][vc_column_inner]<div class=\"tm-element-heading-wrapper tm-heading-inner tm-element-align-left tm-seperator-none tm-heading-style-horizontal \"><section class=\"tm-vc_cta3-container\"><div class=\"tm-vc_general tm-vc_cta3 tm-cta3-only tm-vc_cta3-style-classic tm-vc_cta3-shape-rounded tm-vc_cta3-align-left tm-vc_cta3-color-transparent tm-vc_cta3-icon-size-md tm-vc_cta3-actions-no tm-cta3-with-desc\"><div class=\"tm-vc_cta3_content-container\"><div class=\"tm-vc_cta3-content\"><header class=\"tm-vc_cta3-content-header tm-wrap\"><div class=\"tm-vc_cta3-headers tm-wrap-cell\"><h4 style=\"color:#9e7766;\" class=\"tm-custom-heading \" >DISE\u00d1O Y PRODUCCI\u00d3N PROPIA<\/h4>\n<h2 class=\"tm-custom-heading \" >Creaci\u00f3n, Desarrollo y Producci\u00f3n<\/h2>\n<\/div><div class=\"heading-seperator\"><span><\/span><\/div><\/header><div class=\"tm-cta3-content-wrapper\"><p>Desarrollamos todo el proceso de creaci\u00f3n, prototipado, producci\u00f3n, embalaje y entrega, con garant\u00edas de calidad en cada paso.<\/p><\/div><\/div><\/div><\/div><\/section><\/div> <!-- .tm-element-heading-wrapper container --> [\/vc_column_inner][\/vc_row_inner][\/vc_column][\/vc_row][vc_row tm_bgimagefixed=\u00bb\u00bb tm_zindex=\u00bb2&#8243; css=\u00bb.vc_custom_1690296917526{padding-top: 0px !important;padding-bottom: 0px !important;}\u00bb tm_responsive_css=\u00bb26591964|colbreak_no|||||||||colbreak_no|25px||||||0px||colbreak_no||||||||||colbreak_no|||||||||\u00bb][vc_column tm_zindex=\u00bb2&#8243; css=\u00bb.vc_custom_1616418480005{margin-top: -60px !important;}\u00bb]<div class=\"themetechmount-boxes themetechmount-boxes-service themetechmount-boxes-view-default themetechmount-boxes-col-three themetechmount-boxes-sortable-no themetechmount-boxes-textalign-center tm-cta3-rev-heading\">\n\t\t<div class=\"themetechmount-boxes-inner themetechmount-boxes-service-inner \">\n\t\t\t\t\n\t\t\t\t<div class=\"row multi-columns-row themetechmount-boxes-row-wrapper\">\n\t\t\t\t\t<div class=\"tm-box-col-wrapper col-lg-4 col-sm-6 col-md-4 col-xs-12 design-es\"><article class=\"themetechmount-box themetechmount-box-service themetechmount-servicebox-styletwo \">\n\t<div class=\"themetechmount-post-item\">\n\t\t<div class=\"themetechmount-box-bottom-content\">\t\n\t\t\t<div class=\"tm-featured-wrapper tm-tm_service-featured-wrapper\"><a href=\"https:\/\/goncalo.com.pt\/2026\/es\/service\/abastecimiento-y-diseno-de-materiales\/\"><img loading=\"lazy\" decoding=\"async\" width=\"768\" height=\"512\" src=\"https:\/\/goncalo.com.pt\/2026\/wp-content\/uploads\/2021\/02\/5-min-1-768x512.jpg\" class=\"attachment-medium_large size-medium_large wp-post-image\" alt=\"\" srcset=\"https:\/\/goncalo.com.pt\/2026\/wp-content\/uploads\/2021\/02\/5-min-1-768x512.jpg 768w, https:\/\/goncalo.com.pt\/2026\/wp-content\/uploads\/2021\/02\/5-min-1-300x200.jpg 300w, https:\/\/goncalo.com.pt\/2026\/wp-content\/uploads\/2021\/02\/5-min-1-1024x683.jpg 1024w, https:\/\/goncalo.com.pt\/2026\/wp-content\/uploads\/2021\/02\/5-min-1.jpg 1200w\" sizes=\"auto, (max-width: 768px) 100vw, 768px\" data-id=\"1738\" \/><\/a><\/div>\t\t\t<div class=\"tm-servicebox-detials\">\n\t\t\t\t<div class=\"tm-box-header\">\n\t\t\t\t\t<div class=\"themetechmount-box-title\"><h4><a href=\"https:\/\/goncalo.com.pt\/2026\/es\/service\/abastecimiento-y-diseno-de-materiales\/\">Abastecimiento y dise\u00f1o de materiales<\/a><\/h4><\/div>\t\t\t\t\t<div class=\"tm-details-link\"><a href=\"https:\/\/goncalo.com.pt\/2026\/es\/service\/abastecimiento-y-diseno-de-materiales\/\"><i class=\"themifyicon ti-arrow-top-right\"><\/i><\/a><\/div>\n\t\t\t\t<\/div>\n\t\t\t\t<div class=\"themetechmount-box-desc\">\n\t\t\t\t\t\t\t\t\t\t\t<div class=\"tm-short-desc\">\n\t\t\t\t\t\t\t\u00a1En nuestro departamento de dise\u00f1o podemos ayudar a su empresa en la concepci\u00f3n de su producto!\t\t\t\t\t\t<\/div>\n\t\t\t\t\t\t\t\t\t<\/div> \n\t\t\t<\/div>\n\t\t<\/div>\n\t<\/div>\n<\/article><\/div><div class=\"tm-box-col-wrapper col-lg-4 col-sm-6 col-md-4 col-xs-12 confecao-es\"><article class=\"themetechmount-box themetechmount-box-service themetechmount-servicebox-styletwo \">\n\t<div class=\"themetechmount-post-item\">\n\t\t<div class=\"themetechmount-box-bottom-content\">\t\n\t\t\t<div class=\"tm-featured-wrapper tm-tm_service-featured-wrapper\"><a href=\"https:\/\/goncalo.com.pt\/2026\/es\/service\/modelado-y-corte-digital\/\"><img loading=\"lazy\" decoding=\"async\" width=\"768\" height=\"576\" src=\"https:\/\/goncalo.com.pt\/2026\/wp-content\/uploads\/2023\/08\/2a6e6a1d-3656-4642-9976-62a7899d9b44-768x576.jpg\" class=\"attachment-medium_large size-medium_large wp-post-image\" alt=\"\" srcset=\"https:\/\/goncalo.com.pt\/2026\/wp-content\/uploads\/2023\/08\/2a6e6a1d-3656-4642-9976-62a7899d9b44-768x576.jpg 768w, https:\/\/goncalo.com.pt\/2026\/wp-content\/uploads\/2023\/08\/2a6e6a1d-3656-4642-9976-62a7899d9b44-300x225.jpg 300w, https:\/\/goncalo.com.pt\/2026\/wp-content\/uploads\/2023\/08\/2a6e6a1d-3656-4642-9976-62a7899d9b44.jpg 1024w\" sizes=\"auto, (max-width: 768px) 100vw, 768px\" data-id=\"2583\" \/><\/a><\/div>\t\t\t<div class=\"tm-servicebox-detials\">\n\t\t\t\t<div class=\"tm-box-header\">\n\t\t\t\t\t<div class=\"themetechmount-box-title\"><h4><a href=\"https:\/\/goncalo.com.pt\/2026\/es\/service\/modelado-y-corte-digital\/\">Modelado y Corte Digital<\/a><\/h4><\/div>\t\t\t\t\t<div class=\"tm-details-link\"><a href=\"https:\/\/goncalo.com.pt\/2026\/es\/service\/modelado-y-corte-digital\/\"><i class=\"themifyicon ti-arrow-top-right\"><\/i><\/a><\/div>\n\t\t\t\t<\/div>\n\t\t\t\t<div class=\"themetechmount-box-desc\">\n\t\t\t\t\t\t\t\t\t\t\t<div class=\"tm-short-desc\">\n\t\t\t\t\t\t\tDisponemos de maquinaria moderna y soluciones tecnol\u00f3gicas adaptadas a cada cliente, atendi\u00e9ndolos con rapidez, calidad y rigor.\t\t\t\t\t\t<\/div>\n\t\t\t\t\t\t\t\t\t<\/div> \n\t\t\t<\/div>\n\t\t<\/div>\n\t<\/div>\n<\/article><\/div><div class=\"tm-box-col-wrapper col-lg-4 col-sm-6 col-md-4 col-xs-12 confecao-es\"><article class=\"themetechmount-box themetechmount-box-service themetechmount-servicebox-styletwo \">\n\t<div class=\"themetechmount-post-item\">\n\t\t<div class=\"themetechmount-box-bottom-content\">\t\n\t\t\t<div class=\"tm-featured-wrapper tm-tm_service-featured-wrapper\"><a href=\"https:\/\/goncalo.com.pt\/2026\/es\/service\/confeccion\/\"><img loading=\"lazy\" decoding=\"async\" width=\"768\" height=\"512\" src=\"https:\/\/goncalo.com.pt\/2026\/wp-content\/uploads\/2021\/02\/4-min-1-768x512.jpg\" class=\"attachment-medium_large size-medium_large wp-post-image\" alt=\"confe\u00e7\u00e3o Portugal\" srcset=\"https:\/\/goncalo.com.pt\/2026\/wp-content\/uploads\/2021\/02\/4-min-1-768x512.jpg 768w, https:\/\/goncalo.com.pt\/2026\/wp-content\/uploads\/2021\/02\/4-min-1-300x200.jpg 300w, https:\/\/goncalo.com.pt\/2026\/wp-content\/uploads\/2021\/02\/4-min-1-1024x683.jpg 1024w, https:\/\/goncalo.com.pt\/2026\/wp-content\/uploads\/2021\/02\/4-min-1.jpg 1200w\" sizes=\"auto, (max-width: 768px) 100vw, 768px\" data-id=\"1746\" \/><\/a><\/div>\t\t\t<div class=\"tm-servicebox-detials\">\n\t\t\t\t<div class=\"tm-box-header\">\n\t\t\t\t\t<div class=\"themetechmount-box-title\"><h4><a href=\"https:\/\/goncalo.com.pt\/2026\/es\/service\/confeccion\/\">Confecci\u00f3n<\/a><\/h4><\/div>\t\t\t\t\t<div class=\"tm-details-link\"><a href=\"https:\/\/goncalo.com.pt\/2026\/es\/service\/confeccion\/\"><i class=\"themifyicon ti-arrow-top-right\"><\/i><\/a><\/div>\n\t\t\t\t<\/div>\n\t\t\t\t<div class=\"themetechmount-box-desc\">\n\t\t\t\t\t\t\t\t\t\t\t<div class=\"tm-short-desc\">\n\t\t\t\t\t\t\tCon 40 a\u00f1os en el mercado y fabricaci\u00f3n propia, contamos con el equipo adecuado para obtener un producto final con acabados que cumplen con los est\u00e1ndares de la industria.<br \/>\r\n\t\t\t\t\t\t<\/div>\n\t\t\t\t\t\t\t\t\t<\/div> \n\t\t\t<\/div>\n\t\t<\/div>\n\t<\/div>\n<\/article><\/div><div class=\"tm-box-col-wrapper col-lg-4 col-sm-6 col-md-4 col-xs-12 impressao-dtf-es\"><article class=\"themetechmount-box themetechmount-box-service themetechmount-servicebox-styletwo \">\n\t<div class=\"themetechmount-post-item\">\n\t\t<div class=\"themetechmount-box-bottom-content\">\t\n\t\t\t<div class=\"tm-featured-wrapper tm-tm_service-featured-wrapper\"><a href=\"https:\/\/goncalo.com.pt\/2026\/es\/service\/impressao-dtf-un-proceso-revolucionario\/\"><img loading=\"lazy\" decoding=\"async\" width=\"768\" height=\"576\" src=\"https:\/\/goncalo.com.pt\/2026\/wp-content\/uploads\/2023\/08\/976cb0fd-4f62-4829-8723-a37f94ca7132-768x576.jpg\" class=\"attachment-medium_large size-medium_large wp-post-image\" alt=\"\" srcset=\"https:\/\/goncalo.com.pt\/2026\/wp-content\/uploads\/2023\/08\/976cb0fd-4f62-4829-8723-a37f94ca7132-768x576.jpg 768w, https:\/\/goncalo.com.pt\/2026\/wp-content\/uploads\/2023\/08\/976cb0fd-4f62-4829-8723-a37f94ca7132-300x225.jpg 300w, https:\/\/goncalo.com.pt\/2026\/wp-content\/uploads\/2023\/08\/976cb0fd-4f62-4829-8723-a37f94ca7132.jpg 1024w\" sizes=\"auto, (max-width: 768px) 100vw, 768px\" data-id=\"2525\" \/><\/a><\/div>\t\t\t<div class=\"tm-servicebox-detials\">\n\t\t\t\t<div class=\"tm-box-header\">\n\t\t\t\t\t<div class=\"themetechmount-box-title\"><h4><a href=\"https:\/\/goncalo.com.pt\/2026\/es\/service\/impressao-dtf-un-proceso-revolucionario\/\">Impress\u00e3o DTF \u2013 Un proceso revolucionario<\/a><\/h4><\/div>\t\t\t\t\t<div class=\"tm-details-link\"><a href=\"https:\/\/goncalo.com.pt\/2026\/es\/service\/impressao-dtf-un-proceso-revolucionario\/\"><i class=\"themifyicon ti-arrow-top-right\"><\/i><\/a><\/div>\n\t\t\t\t<\/div>\n\t\t\t\t<div class=\"themetechmount-box-desc\">\n\t\t\t\t\t\t\t\t\t\t\t<div class=\"tm-short-desc\">\n\t\t\t\t\t\t\tEl DTF es un sistema de impresi\u00f3n que consiste en imprimir un n\u00facleo sobre una pel\u00edcula, seja para complementar a nuestra producci\u00f3n o para venta directa.\t\t\t\t\t\t<\/div>\n\t\t\t\t\t\t\t\t\t<\/div> \n\t\t\t<\/div>\n\t\t<\/div>\n\t<\/div>\n<\/article><\/div><div class=\"tm-box-col-wrapper col-lg-4 col-sm-6 col-md-4 col-xs-12 embalamento-es\"><article class=\"themetechmount-box themetechmount-box-service themetechmount-servicebox-styletwo \">\n\t<div class=\"themetechmount-post-item\">\n\t\t<div class=\"themetechmount-box-bottom-content\">\t\n\t\t\t<div class=\"tm-featured-wrapper tm-tm_service-featured-wrapper\"><a href=\"https:\/\/goncalo.com.pt\/2026\/es\/service\/embalaje-y-etiquetado\/\"><img loading=\"lazy\" decoding=\"async\" width=\"768\" height=\"576\" src=\"https:\/\/goncalo.com.pt\/2026\/wp-content\/uploads\/2023\/08\/embalagem_2-768x576.png\" class=\"attachment-medium_large size-medium_large wp-post-image\" alt=\"embalagem\" srcset=\"https:\/\/goncalo.com.pt\/2026\/wp-content\/uploads\/2023\/08\/embalagem_2-768x576.png 768w, https:\/\/goncalo.com.pt\/2026\/wp-content\/uploads\/2023\/08\/embalagem_2-300x225.png 300w, https:\/\/goncalo.com.pt\/2026\/wp-content\/uploads\/2023\/08\/embalagem_2.png 1024w\" sizes=\"auto, (max-width: 768px) 100vw, 768px\" data-id=\"3177\" \/><\/a><\/div>\t\t\t<div class=\"tm-servicebox-detials\">\n\t\t\t\t<div class=\"tm-box-header\">\n\t\t\t\t\t<div class=\"themetechmount-box-title\"><h4><a href=\"https:\/\/goncalo.com.pt\/2026\/es\/service\/embalaje-y-etiquetado\/\">Embalaje y etiquetado<\/a><\/h4><\/div>\t\t\t\t\t<div class=\"tm-details-link\"><a href=\"https:\/\/goncalo.com.pt\/2026\/es\/service\/embalaje-y-etiquetado\/\"><i class=\"themifyicon ti-arrow-top-right\"><\/i><\/a><\/div>\n\t\t\t\t<\/div>\n\t\t\t\t<div class=\"themetechmount-box-desc\">\n\t\t\t\t\t\t\t\t\t\t\t<div class=\"tm-short-desc\">\n\t\t\t\t\t\t\tLa mercanc\u00eda es empaquetada de acuerdo con las especificaciones del cliente y enviada a cualquier destino del mundo.\t\t\t\t\t\t<\/div>\n\t\t\t\t\t\t\t\t\t<\/div> \n\t\t\t<\/div>\n\t\t<\/div>\n\t<\/div>\n<\/article><\/div><div class=\"tm-box-col-wrapper col-lg-4 col-sm-6 col-md-4 col-xs-12 armazenamento-es\"><article class=\"themetechmount-box themetechmount-box-service themetechmount-servicebox-styletwo \">\n\t<div class=\"themetechmount-post-item\">\n\t\t<div class=\"themetechmount-box-bottom-content\">\t\n\t\t\t<div class=\"tm-featured-wrapper tm-tm_service-featured-wrapper\"><a href=\"https:\/\/goncalo.com.pt\/2026\/es\/service\/almacenamiento-y-envio\/\"><img loading=\"lazy\" decoding=\"async\" width=\"768\" height=\"512\" src=\"https:\/\/goncalo.com.pt\/2026\/wp-content\/uploads\/2023\/08\/young-courier-his-colleague-unloading-cardboard-boxes-from-delivery-van-768x512.jpg\" class=\"attachment-medium_large size-medium_large wp-post-image\" alt=\"\" srcset=\"https:\/\/goncalo.com.pt\/2026\/wp-content\/uploads\/2023\/08\/young-courier-his-colleague-unloading-cardboard-boxes-from-delivery-van-768x512.jpg 768w, https:\/\/goncalo.com.pt\/2026\/wp-content\/uploads\/2023\/08\/young-courier-his-colleague-unloading-cardboard-boxes-from-delivery-van-300x200.jpg 300w, https:\/\/goncalo.com.pt\/2026\/wp-content\/uploads\/2023\/08\/young-courier-his-colleague-unloading-cardboard-boxes-from-delivery-van-1024x683.jpg 1024w, https:\/\/goncalo.com.pt\/2026\/wp-content\/uploads\/2023\/08\/young-courier-his-colleague-unloading-cardboard-boxes-from-delivery-van-1536x1024.jpg 1536w, https:\/\/goncalo.com.pt\/2026\/wp-content\/uploads\/2023\/08\/young-courier-his-colleague-unloading-cardboard-boxes-from-delivery-van-2048x1365.jpg 2048w, https:\/\/goncalo.com.pt\/2026\/wp-content\/uploads\/2023\/08\/young-courier-his-colleague-unloading-cardboard-boxes-from-delivery-van-1200x800.jpg 1200w\" sizes=\"auto, (max-width: 768px) 100vw, 768px\" data-id=\"2327\" \/><\/a><\/div>\t\t\t<div class=\"tm-servicebox-detials\">\n\t\t\t\t<div class=\"tm-box-header\">\n\t\t\t\t\t<div class=\"themetechmount-box-title\"><h4><a href=\"https:\/\/goncalo.com.pt\/2026\/es\/service\/almacenamiento-y-envio\/\">Almacenamiento y env\u00edo<\/a><\/h4><\/div>\t\t\t\t\t<div class=\"tm-details-link\"><a href=\"https:\/\/goncalo.com.pt\/2026\/es\/service\/almacenamiento-y-envio\/\"><i class=\"themifyicon ti-arrow-top-right\"><\/i><\/a><\/div>\n\t\t\t\t<\/div>\n\t\t\t\t<div class=\"themetechmount-box-desc\">\n\t\t\t\t\t\t\t\t\t\t\t<div class=\"tm-short-desc\">\n\t\t\t\t\t\t\tCon un almac\u00e9n moderno, seguro y cercano a las principales v\u00edas de comunicaci\u00f3n, podr\u00e1 contar con entregas en los plazos estipulados.\t\t\t\t\t\t<\/div>\n\t\t\t\t\t\t\t\t\t<\/div> \n\t\t\t<\/div>\n\t\t<\/div>\n\t<\/div>\n<\/article><\/div>\n\t\t\t\t<\/div>\n\t\t\t<\/div><!-- .themetechmount-boxes-inner -->   <\/div><!-- .themetechmount-boxes -->  [vc_row_inner][vc_column_inner css=\u00bb.vc_custom_1616566006620{padding-top: 30px !important;}\u00bb tm_responsive_css=\u00bb61364416|colbreak_no|||||||||colbreak_no|||||35px||20px||colbreak_no||||||||||colbreak_no|||||||||\u00bb]\r\n\t\t<div class=\"tm-vc_btn3-container tm-vc_btn3-center\"><a class=\"tm-vc_general tm-vc_btn3 tm-vc_btn3-size-md tm-vc_btn3-shape-square tm-vc_btn3-style-outline tm-vc_btn3-weight-no tm-vc_btn3-color-black\" href=\"https:\/\/goncalo.com.pt\/2026\/servicos\" title=\"Servi\u00e7os\">\u00a1Mira todos nuestros servicios!<\/a><\/div>[\/vc_column_inner][\/vc_row_inner][\/vc_column][\/vc_row]<\/p>\n<\/div>","protected":false},"excerpt":{"rendered":"<p>[vc_row tm_bgimagefixed=\u00bb\u00bb full_width=\u00bbstretch_row\u00bb tm_responsive_css=\u00bb47482487|colbreak_no|||||||||colbreak_no|0px||||50px||60px||colbreak_no||||||||||colbreak_no|||||||||\u00bb css=\u00bb.vc_custom_1616565126588{margin-top: -175px !important;}\u00bb][vc_column tm_col_bg_expand=\u00bbleft\u00bb tm_zindex=\u00bb1&#8243; css=\u00bb.vc_custom_1690297315936{margin-top: -50px !important;margin-bottom: -150px !important;margin-left: 70px !important;padding-top: 80px !important;padding-bottom: 200px !important;background-image: url(https:\/\/goncalo.com.pt\/2026\/wp-content\/uploads\/2021\/03\/row-bg-011-1.jpg?id=1580) !important;background-position: center !important;background-repeat: no-repeat !important;background-size: cover !important;}\u00bb tm_responsive_css=\u00bb64225822|colbreak_no|||||||||colbreak_no|-49px||0|0px|40px||30px||colbreak_no||||||||||colbreak_no|||||||||\u00bb][vc_row_inner css=\u00bb.vc_custom_1616564691076{margin-left: -85px !important;padding-right: 70px !important;}\u00bb tm_responsive_css=\u00bb52535592|colbreak_no|||||||||colbreak_no||||-15px||15px|||colbreak_no||||||||||colbreak_no|||||||||\u00bb][vc_column_inner][\/vc_column_inner][\/vc_row_inner][\/vc_column][\/vc_row][vc_row tm_bgimagefixed=\u00bb\u00bb tm_zindex=\u00bb2&#8243; css=\u00bb.vc_custom_1690296917526{padding-top: 0px !important;padding-bottom: 0px !important;}\u00bb tm_responsive_css=\u00bb26591964|colbreak_no|||||||||colbreak_no|25px||||||0px||colbreak_no||||||||||colbreak_no|||||||||\u00bb][vc_column tm_zindex=\u00bb2&#8243; css=\u00bb.vc_custom_1616418480005{margin-top: -60px !important;}\u00bb][vc_row_inner][vc_column_inner css=\u00bb.vc_custom_1616566006620{padding-top: 30px !important;}\u00bb tm_responsive_css=\u00bb61364416|colbreak_no|||||||||colbreak_no|||||35px||20px||colbreak_no||||||||||colbreak_no|||||||||\u00bb][\/vc_column_inner][\/vc_row_inner][\/vc_column][\/vc_row]<\/p>\n","protected":false},"author":1,"featured_media":0,"parent":0,"menu_order":0,"comment_status":"closed","ping_status":"closed","template":"","meta":{"footnotes":""},"class_list":["post-2795","page","type-page","status-publish","hentry"],"_links":{"self":[{"href":"https:\/\/goncalo.com.pt\/2026\/es\/wp-json\/wp\/v2\/pages\/2795","targetHints":{"allow":["GET"]}}],"collection":[{"href":"https:\/\/goncalo.com.pt\/2026\/es\/wp-json\/wp\/v2\/pages"}],"about":[{"href":"https:\/\/goncalo.com.pt\/2026\/es\/wp-json\/wp\/v2\/types\/page"}],"author":[{"embeddable":true,"href":"https:\/\/goncalo.com.pt\/2026\/es\/wp-json\/wp\/v2\/users\/1"}],"replies":[{"embeddable":true,"href":"https:\/\/goncalo.com.pt\/2026\/es\/wp-json\/wp\/v2\/comments?post=2795"}],"version-history":[{"count":5,"href":"https:\/\/goncalo.com.pt\/2026\/es\/wp-json\/wp\/v2\/pages\/2795\/revisions"}],"predecessor-version":[{"id":2839,"href":"https:\/\/goncalo.com.pt\/2026\/es\/wp-json\/wp\/v2\/pages\/2795\/revisions\/2839"}],"wp:attachment":[{"href":"https:\/\/goncalo.com.pt\/2026\/es\/wp-json\/wp\/v2\/media?parent=2795"}],"curies":[{"name":"wp","href":"https:\/\/api.w.org\/{rel}","templated":true}]}}