{"id":2591,"date":"2023-07-20T21:53:09","date_gmt":"2023-07-20T21:53:09","guid":{"rendered":"https:\/\/goncalo.com.pt\/2026\/politica-de-privacidade\/"},"modified":"2023-09-08T10:31:55","modified_gmt":"2023-09-08T10:31:55","slug":"politique-de-confidentialite","status":"publish","type":"page","link":"https:\/\/goncalo.com.pt\/2026\/fr\/politique-de-confidentialite\/","title":{"rendered":"Politique de Confidentialit\u00e9"},"content":{"rendered":"<div class=\"wpb-content-wrapper\"><p>[vc_row][vc_column][vc_column_text]<\/p>\n<div class=\"page-content \">\n<div class=\"page-content-wrap\">\n<div id=\"post-11656\" class=\"post-11656 page type-page status-publish hentry\">\n<div class=\"entry-content\">\n<article id=\"post-7565\" class=\"post-7565 page type-page status-publish hentry\">\n<div class=\"entry-content\">\n<div class=\"entry-content\">\n<div class=\"entry-content\">\n<p><strong>POLITIQUE DE CONFIDENTIALIT\u00c9<\/strong><\/p>\n<p>Chez Gon\u00e7alo Confe\u00e7\u00f5es, Lda, nous avons une responsabilit\u00e9 et un engagement importants concernant la s\u00e9curit\u00e9 de notre site Web et la protection des donn\u00e9es de nos clients et visiteurs.<\/p>\n<p>Notre politique de confidentialit\u00e9 est pr\u00e9sent\u00e9e ci-dessous. Toute modification apport\u00e9e \u00e0 cette politique sera disponible ici, dans cette d\u00e9claration.<\/p>\n<p><strong>Quelles informations collectons-nous?<\/strong><\/p>\n<p>Chez Gon\u00e7alo Confe\u00e7\u00f5es, Lda, nous collectons le nom, le num\u00e9ro de t\u00e9l\u00e9phone, l&rsquo;adresse postale, l&rsquo;adresse e-mail et l&rsquo;\u00e2ge du client pour les utiliser dans des campagnes marketing, des prix et des newsletters. De plus, lorsque vous effectuez un achat sur notre site Web, nous collecterons \u00e9galement des informations sur l&rsquo;adresse de livraison et les d\u00e9tails de paiement et, \u00e9ventuellement, le num\u00e9ro d&rsquo;identification fiscale.<\/p>\n<p>Nous pouvons \u00e9galement collecter d&rsquo;autres informations sur l&rsquo;exp\u00e9rience client sur notre site Web qui contribuent \u00e0 am\u00e9liorer notre service.<\/p>\n<p><strong>Dans quel but les donn\u00e9es collect\u00e9es sont-elles utilis\u00e9es ?<\/strong><\/p>\n<p>Les donn\u00e9es clients permettent \u00e0 nos collaborateurs de traiter vos commandes, de vous informer des modifications importantes apport\u00e9es aux fonctionnalit\u00e9s du site Internet, de r\u00e9aliser des enqu\u00eates et d&rsquo;obtenir des informations \u00e0 des fins statistiques.<\/p>\n<p>Nous pouvons \u00e9galement vous envoyer p\u00e9riodiquement par courrier \u00e9lectronique des informations sur les produits et services, les campagnes, les promotions et les offres sp\u00e9ciales. Si le client ne souhaite pas \u00eatre contact\u00e9 \u00e0 ces fins, il peut se d\u00e9sinscrire de la newsletter dans son compte personnel.<\/p>\n<p>En travaillant en \u00e9quipe et afin de fournir le meilleur service et les meilleurs soins, les professionnels de Gon\u00e7alo Confe\u00e7\u00f5es, Lda peuvent partager entre eux les donn\u00e9es personnelles collect\u00e9es.<\/p>\n<p>Compte tenu de l&rsquo;activit\u00e9 que d\u00e9veloppe Gon\u00e7alo Confe\u00e7\u00f5es, Lda, elle peut transmettre certaines informations \u00e0 des entit\u00e9s publiques, fournisseurs et autres partenaires, tels que les entreprises de transport, CTT et Chronopost dans le but de notifier le d\u00e9lai de livraison et d&rsquo;informer des changements dans l&rsquo;exp\u00e9dition, cependant , s&rsquo;engageant \u00e0 prot\u00e9ger les donn\u00e9es des clients. Lors du traitement de la commande d&rsquo;un client, il est possible que ses donn\u00e9es, telles que son adresse et son code postal, soient divulgu\u00e9es \u00e0 des fins de pr\u00e9vention et de d\u00e9tection des fraudes.<\/p>\n<p><strong>Que sont les cookies et \u00e0 quoi servent-ils<\/strong><\/p>\n<p>Cliquez ici pour voir notre politique en mati\u00e8re de cookies.<\/p>\n<p>Un cookie est un petit fichier envoy\u00e9 sur l&rsquo;ordinateur du client et stock\u00e9 sur son disque.<\/p>\n<p>Lors de la cr\u00e9ation d&rsquo;un compte sur notre site Internet, l&rsquo;ordinateur du client enregistrera un cookie qui permettra de l&rsquo;identifier automatiquement lors de sa prochaine visite sur notre site Internet.<\/p>\n<p>Des cookies sont \u00e9galement utilis\u00e9s pour que notre syst\u00e8me puisse suivre les \u00e9tapes du client lors d&rsquo;une session d&rsquo;achat. Si le client n&rsquo;accepte pas l&rsquo;utilisation de cookies, il ne pourra pas utiliser ce site Internet.<\/p>\n<p><strong>METTRE \u00c0 JOUR LES DONN\u00c9ES CLIENT<\/strong><\/p>\n<p>Si le client souhaite v\u00e9rifier les donn\u00e9es qu&rsquo;il a soumises \u00e0 Gon\u00e7alo Confe\u00e7\u00f5es, Lda, il peut le faire dans son compte personnel.<\/p>\n<p>Le client doit conserver les donn\u00e9es d&rsquo;acc\u00e8s \u00e0 son compte en s\u00e9curit\u00e9, car toutes les actions ou demandes effectu\u00e9es via son compte rel\u00e8veront de sa responsabilit\u00e9.<\/p>\n<p>Nous vous recommandons de ne pas enregistrer votre mot de passe dans votre navigateur, car toute autre personne ayant acc\u00e8s \u00e0 votre ordinateur peut voir et utiliser vos informations personnelles.<\/p>\n<p>Nous vous rappelons qu&rsquo;en tant que personne concern\u00e9e, vous avez le droit de retirer votre consentement concernant le traitement des donn\u00e9es personnelles ; s&rsquo;opposer \u00e0 la poursuite du traitement des donn\u00e9es\u00a0; demander l&rsquo;acc\u00e8s et la consultation des donn\u00e9es, la rectification, la suppression ou la limitation du traitement ; demander le droit \u00e0 l\u2019oubli ; demander la portabilit\u00e9 des donn\u00e9es et, en cas de traitement illicite de donn\u00e9es personnelles, d\u00e9poser une plainte aupr\u00e8s de la Commission nationale de protection des donn\u00e9es.<\/p>\n<p>Toute demande, clarification ou question que vous jugez appropri\u00e9e doit \u00eatre envoy\u00e9e par \u00e9crit \u00e0 notre d\u00e9l\u00e9gu\u00e9 \u00e0 la protection des donn\u00e9es, en envoyant un e-mail \u00e0 geral@goncalo.com.t<\/p>\n<p><strong>S\u00c9CURIT\u00c9<\/strong><\/p>\n<p>Gon\u00e7alo Confe\u00e7\u00f5es, Lda utilise l&rsquo;un des syst\u00e8mes de commande en ligne les plus s\u00fbrs qui existent et am\u00e9liore constamment son logiciel, afin d&rsquo;offrir la plus grande s\u00e9curit\u00e9 possible \u00e0 ses clients.<\/p>\n<p>Nous utilisons un certificat de serveur, \u00e9galement appel\u00e9 certificat num\u00e9rique, qui garantit notre identit\u00e9, ainsi qu&rsquo;un cryptage SSL (Secure Sockets Layer) des donn\u00e9es transmises.<\/p>\n<p><strong>PROPRI\u00c9T\u00c9 INTELLECTUELLE ET CONTENU<\/strong><\/p>\n<p>Tous les droits de propri\u00e9t\u00e9 intellectuelle sur les logiciels et le contenu disponibles sur ce site Web sont la propri\u00e9t\u00e9 de Gon\u00e7alo Confe\u00e7\u00f5es, Lda et sont sous licence et prot\u00e9g\u00e9s par les lois et trait\u00e9s du monde entier. Tous ces droits sont r\u00e9serv\u00e9s \u00e0 Gon\u00e7alo Confe\u00e7\u00f5es, Lda et \u00e0 ses fournisseurs.<\/p>\n<p>Le client peut sauvegarder, imprimer ou afficher le contenu de ce site Internet pour son usage personnel uniquement.<\/p>\n<p>La publication, la manipulation, la distribution ou la reproduction, sous quelque format que ce soit, de tout contenu de ce site Web n&rsquo;est pas autoris\u00e9e, et il n&rsquo;est pas non plus permis de le lier \u00e0 une entreprise ou une soci\u00e9t\u00e9.<\/p>\n<\/div>\n<\/div>\n<\/div>\n<\/article>\n<\/div>\n<\/div>\n<\/div>\n<\/div>\n<p>[\/vc_column_text][\/vc_column][\/vc_row]<\/p>\n<\/div>","protected":false},"excerpt":{"rendered":"<p>[vc_row][vc_column][vc_column_text] POLITIQUE DE CONFIDENTIALIT\u00c9 Chez Gon\u00e7alo Confe\u00e7\u00f5es, Lda, nous avons une responsabilit\u00e9 et un engagement importants concernant la s\u00e9curit\u00e9 de notre site Web et la protection des donn\u00e9es de nos clients et visiteurs. Notre politique de confidentialit\u00e9 est pr\u00e9sent\u00e9e ci-dessous. Toute modification apport\u00e9e \u00e0 cette politique sera disponible ici, dans cette d\u00e9claration. Quelles informations collectons-nous? &hellip; <a href=\"https:\/\/goncalo.com.pt\/2026\/fr\/politique-de-confidentialite\/\" class=\"more-link\">Continue reading <span class=\"screen-reader-text\">Politique de Confidentialit\u00e9<\/span><\/a><\/p>\n","protected":false},"author":1,"featured_media":0,"parent":0,"menu_order":0,"comment_status":"closed","ping_status":"closed","template":"","meta":{"footnotes":""},"class_list":["post-2591","page","type-page","status-publish","hentry"],"_links":{"self":[{"href":"https:\/\/goncalo.com.pt\/2026\/fr\/wp-json\/wp\/v2\/pages\/2591","targetHints":{"allow":["GET"]}}],"collection":[{"href":"https:\/\/goncalo.com.pt\/2026\/fr\/wp-json\/wp\/v2\/pages"}],"about":[{"href":"https:\/\/goncalo.com.pt\/2026\/fr\/wp-json\/wp\/v2\/types\/page"}],"author":[{"embeddable":true,"href":"https:\/\/goncalo.com.pt\/2026\/fr\/wp-json\/wp\/v2\/users\/1"}],"replies":[{"embeddable":true,"href":"https:\/\/goncalo.com.pt\/2026\/fr\/wp-json\/wp\/v2\/comments?post=2591"}],"version-history":[{"count":3,"href":"https:\/\/goncalo.com.pt\/2026\/fr\/wp-json\/wp\/v2\/pages\/2591\/revisions"}],"predecessor-version":[{"id":2728,"href":"https:\/\/goncalo.com.pt\/2026\/fr\/wp-json\/wp\/v2\/pages\/2591\/revisions\/2728"}],"wp:attachment":[{"href":"https:\/\/goncalo.com.pt\/2026\/fr\/wp-json\/wp\/v2\/media?parent=2591"}],"curies":[{"name":"wp","href":"https:\/\/api.w.org\/{rel}","templated":true}]}}