{"id":2597,"date":"2023-07-20T21:55:32","date_gmt":"2023-07-20T21:55:32","guid":{"rendered":"https:\/\/goncalo.com.pt\/2026\/cookies\/"},"modified":"2023-09-08T10:13:33","modified_gmt":"2023-09-08T10:13:33","slug":"cookies","status":"publish","type":"page","link":"https:\/\/goncalo.com.pt\/2026\/fr\/cookies\/","title":{"rendered":"Cookies"},"content":{"rendered":"<div class=\"page-content \">\n<div class=\"page-content-wrap\">\n<div id=\"post-11652\" class=\"post-11652 page type-page status-publish hentry\">\n<div class=\"entry-content\">\n<p><strong>Que sont les cookies ?<\/strong><\/p>\n<p>Les cookies sont de petits fichiers texte envoy\u00e9s \u00e0 votre ordinateur ou appareil mobile lorsque vous visitez des sites Web. Les cookies aident les sites Web \u00e0 stocker et \u00e0 r\u00e9cup\u00e9rer des informations sur vos habitudes de navigation afin de personnaliser la navigation en fonction de vos pr\u00e9f\u00e9rences.<\/p>\n<p><strong>Quels types de cookies www.goncalo.com.pt utilise-t-il ?<\/strong><\/p>\n<p>\u2022 Cookies de session : ce sont des cookies temporaires qui restent dans le fichier cookie du navigateur jusqu&rsquo;\u00e0 ce que le navigateur quitte le site Web, ce qui signifie qu&rsquo;aucun enregistrement n&rsquo;est laiss\u00e9 sur le disque dur de l&rsquo;utilisateur. Les informations collect\u00e9es par ces cookies sont utilis\u00e9es pour analyser les mod\u00e8les de trafic du site Web. En fin de compte, cela nous permet d\u2019am\u00e9liorer le contenu et d\u2019am\u00e9liorer la convivialit\u00e9 du site Web.<\/p>\n<p>\u2022 Cookies d&rsquo;analyse : ce sont ceux qui sont trait\u00e9s par nous ou par des tiers et qui nous permettent de quantifier le nombre d&rsquo;utilisateurs et d&rsquo;effectuer des mesures et analyses statistiques de la mani\u00e8re dont les utilisateurs utilisent le service propos\u00e9. Nous examinons votre navigation sur notre site Internet, dans le but d&rsquo;am\u00e9liorer la fourniture des produits ou services que nous mettons \u00e0 votre disposition.<\/p>\n<p>\u2022 Cookies publicitaires\u00a0: ce sont ceux qui sont bien trait\u00e9s par nous ou par des tiers, nous permettant de g\u00e9rer plus efficacement l&rsquo;offre d&rsquo;espaces publicitaires qui existent sur le site Web, en pouvant analyser vos habitudes de navigation et vous montrer des publicit\u00e9s li\u00e9es \u00e0 votre profil. la navigation,<\/p>\n<p>Quels cookies utilisons-nous sur notre site Web ?<\/p>\n<p><strong>Propres cookies<\/strong><\/p>\n<p>sr_selected_store\u00a0: utilis\u00e9 pour la r\u00e9servation de magasin afin de maintenir le magasin s\u00e9lectionn\u00e9 par l&rsquo;utilisateur<br \/>\ne524cfbb4aad511d59e5e179d95c521b (hachage de 32 caract\u00e8res) : Cookie de session<br \/>\nCART : Association avec le panier<br \/>\nCATEGORY_INFO\u00a0: stocke les informations sur la cat\u00e9gorie pour afficher les pages plus rapidement.<br \/>\nCOMPARER\u00a0: Produits \u00e0 comparer<br \/>\nDevise : Devise utilis\u00e9e<br \/>\nCLIENT : Version crypt\u00e9e du num\u00e9ro client en magasin<br \/>\nCUSTOMER_AUTH\u00a0: Indique si vous \u00eates actuellement connect\u00e9 au site Web<br \/>\nCUSTOMER_INFO : Version crypt\u00e9e du groupe client auquel vous appartenez<br \/>\nCUSTOMER_SEGMENT_IDS\u00a0: stocke l&rsquo;ID du segment client<br \/>\nEXTERNAL_NO_CACHE : Indique si le cache est activ\u00e9 ou non<br \/>\nFRONTEND\u00a0: ID de session du serveur<br \/>\nGUEST-VIEW\u00a0: permet aux utilisateurs non enregistr\u00e9s de modifier leurs demandes<br \/>\nLAST_CATEGORY\u00a0: Derni\u00e8re cat\u00e9gorie consult\u00e9e<br \/>\nLAST_PRODUCT\u00a0: Dernier produit consult\u00e9<br \/>\nNEWMESSAGE : Indique si un nouveau message a \u00e9t\u00e9 re\u00e7u<br \/>\nNO_CACHE : Indique si vous \u00eates autoris\u00e9 \u00e0 utiliser le cache<br \/>\nPERSISTENT_SHOPPING_CART\u00a0: Lien vers les informations relatives au panier et \u00e0 l&rsquo;historique des commandes<br \/>\nPOLL\u00a0: ID de tout retour de sondage<br \/>\nPOLLN : Informations sur le sondage<br \/>\nR\u00c9CEMMENTCOMPAR\u00c9\u00a0: Produits compar\u00e9s<br \/>\nSTF : Informations sur les produits envoy\u00e9es par e-mail \u00e0 des amis<br \/>\nSTORE\u00a0: magasin ou langue s\u00e9lectionn\u00e9e<br \/>\nUSER_ALLOWED_SAVE_COOKIE : Indique si l&rsquo;utilisateur autorise l&rsquo;utilisation de cookies<br \/>\nVIEWED_PRODUCT_IDS\u00a0:\u00a0produits r\u00e9cemment consult\u00e9s<br \/>\nWHISLIST : Liste crypt\u00e9e des produits ajout\u00e9s \u00e0 la Wish List<br \/>\nWHISLIS T_CNT\u00a0: Nombre de produits dans la liste de souhaits<br \/>\nLTU\u00a0: Identifie l&rsquo;utilisateur apr\u00e8s avoir \u00e9t\u00e9 connect\u00e9<\/p>\n<p><strong>Cookies tiers<\/strong><\/p>\n<p>_utma : Utilis\u00e9 pour distinguer les utilisateurs et les sessions<br \/>\n_utmb et _utmc : Utilis\u00e9s pour d\u00e9terminer les nouvelles visites, sessions<br \/>\n_utmz : Stocke la source du trafic pour expliquer comment l&rsquo;utilisateur arrive sur le site<br \/>\nAPISID, SID et HSID\u00a0: utilis\u00e9s pour identifier les utilisateurs, emp\u00eacher l&rsquo;utilisation frauduleuse des donn\u00e9es utilisateur et prot\u00e9ger les donn\u00e9es utilisateur des tiers.<br \/>\nNID\u00a0: utilis\u00e9 pour personnaliser la publicit\u00e9 sur les r\u00e9seaux d&rsquo;\u00e9diteurs<br \/>\nPREF : Permet au site de m\u00e9moriser les pr\u00e9f\u00e9rences de navigation, la langue, la r\u00e9gion<br \/>\nV1ST<br \/>\nAnalyses Web et vid\u00e9os<br \/>\nD\u00e9termine quel serveur affiche les informations \u00e0 l&rsquo;utilisateur<br \/>\nSuivre les sessions actives<br \/>\nD\u00e9termine si les cookies sont actifs<br \/>\nMesure le temps de r\u00e9ponse des utilisateurs<br \/>\nIdentifie combien de fois un utilisateur nous a rendu visite, quels produits il a achet\u00e9 et \u00e0 quel prix<br \/>\nmbox\u00a0: cookie de rendement<br \/>\nIS_RETURNING : Permet de savoir si c&rsquo;est la premi\u00e8re visite sur le site ou non<\/p>\n<p><strong>Que signifie ne pas autoriser l&rsquo;utilisation de cookies ?<\/strong><\/p>\n<p>Si vous pr\u00e9f\u00e9rez ne pas autoriser les cookies, vous pouvez d\u00e9sactiver les cookies dans le navigateur que vous utilisez, mais vous devez garder \u00e0 l&rsquo;esprit que cela peut emp\u00eacher l&rsquo;affichage correct de certaines pages Web.<\/p>\n<p><strong>Comment configurer mon navigateur ?<\/strong><\/p>\n<p>Google Chrome<\/p>\n<p>Cliquez sur l&rsquo;ic\u00f4ne du menu Google Chrome.<br \/>\nS\u00e9lectionnez Param\u00e8tres.<br \/>\nAu bas de la page, cliquez sur Afficher les param\u00e8tres avanc\u00e9s.<br \/>\nDans la section \u00ab\u00a0Confidentialit\u00e9\u00a0\u00bb, cliquez sur Param\u00e8tres de contenu.<br \/>\nActiver ou d\u00e9sactiver les cookies\u00a0:<br \/>\nPour activer les cookies, s\u00e9lectionnez Autoriser le param\u00e8tre de donn\u00e9es locales (recommand\u00e9).<br \/>\nPour d\u00e9sactiver les cookies, s\u00e9lectionnez Bloquer tous les param\u00e8tres de donn\u00e9es par sites.<\/p>\n<p>Internet Explorer<\/p>\n<p>Ouvrez Internet Explorer en cliquant sur le bouton D\u00e9marrer, puis en cliquant sur Internet Explorer.<br \/>\nCliquez sur le bouton Outils, puis cliquez sur Options Internet.<br \/>\nCliquez sur l&rsquo;onglet Confidentialit\u00e9 et sous Param\u00e8tres, d\u00e9placez le curseur vers le haut pour bloquer tous les cookies ou vers le bas pour autoriser tous les cookies.<\/p>\n<\/div>\n<\/div>\n<\/div>\n<\/div>\n","protected":false},"excerpt":{"rendered":"<p>Que sont les cookies ? Les cookies sont de petits fichiers texte envoy\u00e9s \u00e0 votre ordinateur ou appareil mobile lorsque vous visitez des sites Web. Les cookies aident les sites Web \u00e0 stocker et \u00e0 r\u00e9cup\u00e9rer des informations sur vos habitudes de navigation afin de personnaliser la navigation en fonction de vos pr\u00e9f\u00e9rences. Quels types &hellip; <a href=\"https:\/\/goncalo.com.pt\/2026\/fr\/cookies\/\" class=\"more-link\">Continue reading <span class=\"screen-reader-text\">Cookies<\/span><\/a><\/p>\n","protected":false},"author":1,"featured_media":0,"parent":0,"menu_order":0,"comment_status":"closed","ping_status":"closed","template":"","meta":{"footnotes":""},"class_list":["post-2597","page","type-page","status-publish","hentry"],"_links":{"self":[{"href":"https:\/\/goncalo.com.pt\/2026\/fr\/wp-json\/wp\/v2\/pages\/2597","targetHints":{"allow":["GET"]}}],"collection":[{"href":"https:\/\/goncalo.com.pt\/2026\/fr\/wp-json\/wp\/v2\/pages"}],"about":[{"href":"https:\/\/goncalo.com.pt\/2026\/fr\/wp-json\/wp\/v2\/types\/page"}],"author":[{"embeddable":true,"href":"https:\/\/goncalo.com.pt\/2026\/fr\/wp-json\/wp\/v2\/users\/1"}],"replies":[{"embeddable":true,"href":"https:\/\/goncalo.com.pt\/2026\/fr\/wp-json\/wp\/v2\/comments?post=2597"}],"version-history":[{"count":1,"href":"https:\/\/goncalo.com.pt\/2026\/fr\/wp-json\/wp\/v2\/pages\/2597\/revisions"}],"predecessor-version":[{"id":2708,"href":"https:\/\/goncalo.com.pt\/2026\/fr\/wp-json\/wp\/v2\/pages\/2597\/revisions\/2708"}],"wp:attachment":[{"href":"https:\/\/goncalo.com.pt\/2026\/fr\/wp-json\/wp\/v2\/media?parent=2597"}],"curies":[{"name":"wp","href":"https:\/\/api.w.org\/{rel}","templated":true}]}}