{"id":2611,"date":"2023-07-20T21:54:45","date_gmt":"2023-07-20T21:54:45","guid":{"rendered":"https:\/\/goncalo.com.pt\/2026\/resolucao-de-litigios\/"},"modified":"2023-09-08T10:23:37","modified_gmt":"2023-09-08T10:23:37","slug":"resolution-des-litiges","status":"publish","type":"page","link":"https:\/\/goncalo.com.pt\/2026\/fr\/resolution-des-litiges\/","title":{"rendered":"R\u00e9solution des Litiges"},"content":{"rendered":"<div class=\"page-content \">\n<div class=\"page-content-wrap\">\n<div id=\"post-11658\" class=\"post-11658 page type-page status-publish hentry\">\n<div class=\"entry-content\">\n<article id=\"post-7563\" class=\"post-7563 page type-page status-publish hentry\">\n<div class=\"entry-content\">\n<div class=\"entry-content\">\n<div class=\"entry-content\">\n<div class=\"entry-content\">\n<div id=\"main\" class=\"site-main clearfix\" role=\"main\">\n<p>En cas de litige, le consommateur peut faire appel \u00e0 une entit\u00e9 de r\u00e8glement des litiges de consommation :<\/p>\n<p>&nbsp;<\/p>\n<p><strong>Centre d&rsquo;information, de m\u00e9diation et d&rsquo;arbitrage des consommateurs (Tribunal d&rsquo;arbitrage de la consommation)<\/strong><br \/>\nBRAGA : Rua D Afonso Henriques, n\u00ba 1 (Ed Junta de Freguesia da S\u00e9)<br \/>\n4700 \u2013 030 Braga<\/p>\n<p>En cas de litige de consommation en ligne, le consommateur peut recourir \u00e0 un syst\u00e8me de r\u00e9solution des litiges \u00ab en ligne \u00bb (RLL), la Plateforme ODR (\u00ab r\u00e9solution des litiges en ligne \u00bb), comp\u00e9tente pour r\u00e9soudre les litiges relatifs aux obligations contractuelles r\u00e9sultant des contrats de vente. ou des services en ligne.<\/p>\n<p>Acc\u00e9dez ici \u00e0 la plateforme \u00e9lectronique de r\u00e8glement alternatif des litiges pour les contrats de vente ou de service en ligne.<\/p>\n<p>Plus d&rsquo;informations sur le portail des consommateurs (www.consumidor.pt)<\/p>\n<\/div>\n<\/div>\n<\/div>\n<\/div>\n<\/div>\n<\/article>\n<\/div>\n<\/div>\n<\/div>\n<\/div>\n","protected":false},"excerpt":{"rendered":"<p>En cas de litige, le consommateur peut faire appel \u00e0 une entit\u00e9 de r\u00e8glement des litiges de consommation : &nbsp; Centre d&rsquo;information, de m\u00e9diation et d&rsquo;arbitrage des consommateurs (Tribunal d&rsquo;arbitrage de la consommation) BRAGA : Rua D Afonso Henriques, n\u00ba 1 (Ed Junta de Freguesia da S\u00e9) 4700 \u2013 030 Braga En cas de litige &hellip; <a href=\"https:\/\/goncalo.com.pt\/2026\/fr\/resolution-des-litiges\/\" class=\"more-link\">Continue reading <span class=\"screen-reader-text\">R\u00e9solution des Litiges<\/span><\/a><\/p>\n","protected":false},"author":1,"featured_media":0,"parent":0,"menu_order":0,"comment_status":"closed","ping_status":"closed","template":"","meta":{"footnotes":""},"class_list":["post-2611","page","type-page","status-publish","hentry"],"_links":{"self":[{"href":"https:\/\/goncalo.com.pt\/2026\/fr\/wp-json\/wp\/v2\/pages\/2611","targetHints":{"allow":["GET"]}}],"collection":[{"href":"https:\/\/goncalo.com.pt\/2026\/fr\/wp-json\/wp\/v2\/pages"}],"about":[{"href":"https:\/\/goncalo.com.pt\/2026\/fr\/wp-json\/wp\/v2\/types\/page"}],"author":[{"embeddable":true,"href":"https:\/\/goncalo.com.pt\/2026\/fr\/wp-json\/wp\/v2\/users\/1"}],"replies":[{"embeddable":true,"href":"https:\/\/goncalo.com.pt\/2026\/fr\/wp-json\/wp\/v2\/comments?post=2611"}],"version-history":[{"count":2,"href":"https:\/\/goncalo.com.pt\/2026\/fr\/wp-json\/wp\/v2\/pages\/2611\/revisions"}],"predecessor-version":[{"id":2715,"href":"https:\/\/goncalo.com.pt\/2026\/fr\/wp-json\/wp\/v2\/pages\/2611\/revisions\/2715"}],"wp:attachment":[{"href":"https:\/\/goncalo.com.pt\/2026\/fr\/wp-json\/wp\/v2\/media?parent=2611"}],"curies":[{"name":"wp","href":"https:\/\/api.w.org\/{rel}","templated":true}]}}