{"id":2615,"date":"2023-07-20T21:50:52","date_gmt":"2023-07-20T21:50:52","guid":{"rendered":"https:\/\/goncalo.com.pt\/2026\/termos-de-uso\/"},"modified":"2023-09-08T09:50:35","modified_gmt":"2023-09-08T09:50:35","slug":"conditions-dutilisation","status":"publish","type":"page","link":"https:\/\/goncalo.com.pt\/2026\/fr\/conditions-dutilisation\/","title":{"rendered":"Conditions d&rsquo;utilisation"},"content":{"rendered":"<div class=\"page-content \">\n<div class=\"page-content-wrap\">\n<div id=\"post-11654\" class=\"post-11654 page type-page status-publish hentry\">\n<div class=\"entry-content\">\n<article id=\"post-7567\" class=\"post-7567 page type-page status-publish hentry\">\n<div class=\"entry-content\">\n<div class=\"entry-content\">\n<div class=\"entry-content\">\n<div class=\"entry-content\">\n<div id=\"main\" class=\"site-main clearfix\" role=\"main\">\n<div class=\"page-content\">\n<p><strong>APER\u00c7U<\/strong><\/p>\n<p>Ce site est exploit\u00e9 par Gon\u00e7alo Confe\u00e7\u00f5es, Lda. Dans tout le site, les termes \u00ab nous \u00bb, \u00ab notre \u00bb et \u00ab notre \u00bb font r\u00e9f\u00e9rence \u00e0 Gon\u00e7alo Confe\u00e7\u00f5es, Lda. Gon\u00e7alo Confe\u00e7\u00f5es, Lda fournit ce site, y compris toutes les informations, outils et services disponibles. de ce site \u00e0 vous, l&rsquo;utilisateur, sous r\u00e9serve de votre acceptation de tous les termes, conditions, politiques et avis \u00e9nonc\u00e9s ici.<\/p>\n<p>En visitant notre site Web et\/ou en achetant quelque chose sur notre site Web, vous utilisez nos \u00ab Services \u00bb. En cons\u00e9quence, vous acceptez les conditions g\u00e9n\u00e9rales suivantes (\u00ab Conditions de service \u00bb, \u00ab Conditions \u00bb), y compris les conditions g\u00e9n\u00e9rales et politiques suppl\u00e9mentaires r\u00e9f\u00e9renc\u00e9es dans les pr\u00e9sentes et\/ou disponibles par lien hypertexte. Ces conditions d&rsquo;utilisation s&rsquo;appliquent \u00e0 tous les utilisateurs du site, y compris, sans limitation, les utilisateurs qui sont des navigateurs, des fournisseurs, des clients, des commer\u00e7ants et\/ou des contributeurs de contenu.<\/p>\n<p>Veuillez lire attentivement ces conditions d&rsquo;utilisation avant d&rsquo;acc\u00e9der ou d&rsquo;utiliser notre site Web. En acc\u00e9dant ou en utilisant n&rsquo;importe quelle partie du site Web, vous acceptez les conditions d&rsquo;utilisation. Si vous n&rsquo;\u00eates pas d&rsquo;accord avec tous les termes et conditions de cet accord, vous ne pouvez pas acc\u00e9der au site Web ni utiliser aucun service. Si ces conditions de service sont consid\u00e9r\u00e9es comme une offre, l&rsquo;acceptation est express\u00e9ment limit\u00e9e \u00e0 ces conditions de service.<\/p>\n<p>Toute nouvelle fonctionnalit\u00e9 ou outil ajout\u00e9 \u00e0 la boutique actuelle doit \u00e9galement \u00eatre soumis aux conditions d&rsquo;utilisation. Vous pouvez consulter la version la plus r\u00e9cente des Conditions d&rsquo;utilisation \u00e0 tout moment sur cette page. Nous nous r\u00e9servons le droit de mettre \u00e0 jour, modifier ou remplacer toute partie de ces conditions d&rsquo;utilisation en publiant des mises \u00e0 jour et\/ou des modifications sur notre site Web. Il est de votre responsabilit\u00e9 de v\u00e9rifier p\u00e9riodiquement les modifications apport\u00e9es \u00e0 cette page. Votre utilisation continue ou votre acc\u00e8s au site apr\u00e8s la publication de toute modification constitue une acceptation de ces modifications.<\/p>\n<p><strong>SECTION 1 \u2013 CONDITIONS DE LA BOUTIQUE EN LIGNE<\/strong><\/p>\n<p>En acceptant les conditions d&rsquo;utilisation, vous confirmez que vous avez atteint l&rsquo;\u00e2ge de la majorit\u00e9 dans votre \u00e9tat ou province de r\u00e9sidence et que vous nous avez donn\u00e9 votre consentement pour permettre \u00e0 l&rsquo;une des personnes mineures \u00e0 votre charge d&rsquo;utiliser ce site.<\/p>\n<p>Vous ne devez pas utiliser nos produits \u00e0 des fins ill\u00e9gales ou non autoris\u00e9es. Vous ne pouvez pas non plus, en utilisant ce Service, enfreindre les lois de votre juridiction (y compris, mais sans s&rsquo;y limiter, les lois sur les droits d&rsquo;auteur).<\/p>\n<p>Vous ne devez transmettre aucun virus ni aucun code \u00e0 caract\u00e8re destructeur.<\/p>\n<p>La violation de l&rsquo;une des Conditions entra\u00eenera la r\u00e9siliation imm\u00e9diate de vos Services.<\/p>\n<p><strong>ARTICLE 2 \u2013 CONDITIONS G\u00c9N\u00c9RALES<\/strong><\/p>\n<p>Nous nous r\u00e9servons le droit de refuser le service \u00e0 quiconque, pour quelque raison que ce soit, \u00e0 tout moment.<\/p>\n<p>Vous comprenez que votre contenu (\u00e0 l&rsquo;exclusion des informations de carte de cr\u00e9dit) peut \u00eatre transf\u00e9r\u00e9 en clair et peut\u00a0: (a) \u00eatre transmis sur divers r\u00e9seaux\u00a0; et (b) subir des modifications pour s&rsquo;adapter et se conformer aux exigences techniques des r\u00e9seaux ou des appareils de connexion. Les informations de carte de cr\u00e9dit sont toujours crypt\u00e9es lorsqu&rsquo;elles sont transf\u00e9r\u00e9es entre r\u00e9seaux.<\/p>\n<p>Vous acceptez de ne pas reproduire, dupliquer, copier, vendre, revendre ou exploiter toute partie du Service, l&rsquo;utilisation du Service, l&rsquo;acc\u00e8s au Service ou tout contact sur le site Web par lequel le service est fourni, sans notre autorisation \u00e9crite expresse.<\/p>\n<p>Les titres utilis\u00e9s dans cet accord sont inclus pour des raisons de commodit\u00e9 uniquement et ne limitent ni n&rsquo;affectent les conditions.<\/p>\n<p><strong>SECTION 3 \u2013 EXACTITUDE, EXHAUSTIVIT\u00c9 ET OPPORTUNIT\u00c9 DES INFORMATIONS<\/strong><\/p>\n<p>Nous ne sommes pas responsables des informations mises \u00e0 disposition sur ce site qui ne sont pas exactes, compl\u00e8tes ou \u00e0 jour. Le mat\u00e9riel pr\u00e9sent\u00e9 sur ce site est fourni \u00e0 titre informatif uniquement et ne doit pas \u00eatre invoqu\u00e9 ou utilis\u00e9 comme seule base pour prendre des d\u00e9cisions sans consulter des sources d&rsquo;informations primaires, plus pr\u00e9cises, plus compl\u00e8tes ou plus actuelles. Toute utilisation du mat\u00e9riel de ce site est \u00e0 vos propres risques.<\/p>\n<p>Ce site Web peut contenir certaines informations historiques. Les informations historiques peuvent ne pas \u00eatre \u00e0 jour et sont fournies \u00e0 titre de r\u00e9f\u00e9rence uniquement. Nous nous r\u00e9servons le droit de modifier le contenu de ce site \u00e0 tout moment, mais nous n&rsquo;avons aucune obligation de mettre \u00e0 jour les informations de notre site. Vous acceptez qu&rsquo;il est de votre responsabilit\u00e9 de surveiller les modifications apport\u00e9es \u00e0 notre site Web.<\/p>\n<p><strong>SECTION 4 \u2013 MODIFICATIONS DU SERVICE ET DES PRIX<\/strong><\/p>\n<p>Les prix de nos produits sont sujets \u00e0 changement sans pr\u00e9avis.<\/p>\n<p>Nous nous r\u00e9servons le droit \u00e0 tout moment de modifier ou d&rsquo;interrompre le Service (ou toute partie ou contenu de celui-ci) sans pr\u00e9avis et \u00e0 tout moment.<\/p>\n<p>Nous ne serons pas responsables envers vous ou envers tout tiers pour toute modification, changement de prix, suspension ou interruption du Service.<\/p>\n<p><strong>SECTION 5 \u2013 PRODUITS OU SERVICES (le cas \u00e9ch\u00e9ant)<\/strong><\/p>\n<p>Certains produits ou services peuvent \u00eatre disponibles exclusivement en ligne via le site Web. Ces produits ou services peuvent avoir des quantit\u00e9s limit\u00e9es et sont sujets \u00e0 un retour ou \u00e0 un \u00e9change uniquement, conform\u00e9ment \u00e0 notre politique de retour.<\/p>\n<\/div>\n<\/div>\n<\/div>\n<\/div>\n<\/div>\n<\/div>\n<\/article>\n<\/div>\n<\/div>\n<\/div>\n<\/div>\n","protected":false},"excerpt":{"rendered":"<p>APER\u00c7U Ce site est exploit\u00e9 par Gon\u00e7alo Confe\u00e7\u00f5es, Lda. Dans tout le site, les termes \u00ab nous \u00bb, \u00ab notre \u00bb et \u00ab notre \u00bb font r\u00e9f\u00e9rence \u00e0 Gon\u00e7alo Confe\u00e7\u00f5es, Lda. Gon\u00e7alo Confe\u00e7\u00f5es, Lda fournit ce site, y compris toutes les informations, outils et services disponibles. de ce site \u00e0 vous, l&rsquo;utilisateur, sous r\u00e9serve de &hellip; <a href=\"https:\/\/goncalo.com.pt\/2026\/fr\/conditions-dutilisation\/\" class=\"more-link\">Continue reading <span class=\"screen-reader-text\">Conditions d&rsquo;utilisation<\/span><\/a><\/p>\n","protected":false},"author":1,"featured_media":0,"parent":0,"menu_order":0,"comment_status":"closed","ping_status":"closed","template":"","meta":{"footnotes":""},"class_list":["post-2615","page","type-page","status-publish","hentry"],"_links":{"self":[{"href":"https:\/\/goncalo.com.pt\/2026\/fr\/wp-json\/wp\/v2\/pages\/2615","targetHints":{"allow":["GET"]}}],"collection":[{"href":"https:\/\/goncalo.com.pt\/2026\/fr\/wp-json\/wp\/v2\/pages"}],"about":[{"href":"https:\/\/goncalo.com.pt\/2026\/fr\/wp-json\/wp\/v2\/types\/page"}],"author":[{"embeddable":true,"href":"https:\/\/goncalo.com.pt\/2026\/fr\/wp-json\/wp\/v2\/users\/1"}],"replies":[{"embeddable":true,"href":"https:\/\/goncalo.com.pt\/2026\/fr\/wp-json\/wp\/v2\/comments?post=2615"}],"version-history":[{"count":4,"href":"https:\/\/goncalo.com.pt\/2026\/fr\/wp-json\/wp\/v2\/pages\/2615\/revisions"}],"predecessor-version":[{"id":2688,"href":"https:\/\/goncalo.com.pt\/2026\/fr\/wp-json\/wp\/v2\/pages\/2615\/revisions\/2688"}],"wp:attachment":[{"href":"https:\/\/goncalo.com.pt\/2026\/fr\/wp-json\/wp\/v2\/media?parent=2615"}],"curies":[{"name":"wp","href":"https:\/\/api.w.org\/{rel}","templated":true}]}}