{"id":2645,"date":"2021-03-03T08:44:36","date_gmt":"2021-03-03T08:44:36","guid":{"rendered":"https:\/\/goncalo.com.pt\/2026\/sobre-nos\/"},"modified":"2023-09-06T17:47:43","modified_gmt":"2023-09-06T17:47:43","slug":"a-propos-de-nous","status":"publish","type":"page","link":"https:\/\/goncalo.com.pt\/2026\/fr\/a-propos-de-nous\/","title":{"rendered":"\u00c0 propos de nous"},"content":{"rendered":"<div class=\"wpb-content-wrapper\"><p>[vc_row][vc_column]<div class=\"tm-element-heading-wrapper tm-heading-inner tm-element-align-left tm-seperator-none tm-heading-style-vertical \"><section class=\"tm-vc_cta3-container\"><div class=\"tm-vc_general tm-vc_cta3 tm-cta3-only tm-vc_cta3-style-classic tm-vc_cta3-shape-rounded tm-vc_cta3-align-left tm-vc_cta3-color-transparent tm-vc_cta3-icon-size-md tm-vc_cta3-actions-no tm-cta3-with-desc\"><div class=\"tm-vc_cta3_content-container\"><div class=\"tm-vc_cta3-content\"><header class=\"tm-vc_cta3-content-header tm-wrap\"><div class=\"tm-vc_cta3-headers tm-wrap-cell\"><h4 class=\"tm-custom-heading \" >Qu'est-ce qui nous d\u00e9prime ?<\/h4>\n<h2 class=\"tm-custom-heading \" >En activit\u00e9 depuis <b>1983<\/b><\/h2>\n<\/div><div class=\"heading-seperator\"><span><\/span><\/div><\/header><div class=\"tm-cta3-content-wrapper\">\n<p class=\"Standard\">L&rsquo;entreprise Confe\u00e7\u00f5es Gon\u00e7alo, Lda a \u00e9t\u00e9 fond\u00e9e en 1993, mais ses racines remontent \u00e0 une d\u00e9cennie ant\u00e9rieure.<br \/>\nElle a commenc\u00e9 son activit\u00e9 en 1983 et, \u00e0 l&rsquo;\u00e9poque, \u00e9tait dirig\u00e9e individuellement par Gon\u00e7alo da Silva Freitas, p\u00e8re des associ\u00e9s-g\u00e9rants actuels et dont le nom fait aujourd&rsquo;hui partie int\u00e9grante du nom et de la marque de l&rsquo;entreprise. Tout a commenc\u00e9 avec une demi-douzaine de machines, peu de ressources, mais beaucoup de volont\u00e9. C\u2019est avec un grand engagement et un esprit gagnant qu\u2019il a r\u00e9ussi \u00e0 surmonter toutes les barri\u00e8res et \u00e0 surmonter tous les sacrifices.<br \/>\nAujourd&rsquo;hui, c&rsquo;est une entreprise d\u00e9di\u00e9e \u00e0 la fabrication de v\u00eatements, notamment de sous-v\u00eatements pour hommes, femmes et enfants destin\u00e9s aux march\u00e9s nationaux et \u00e9trangers. Elle dispose de toutes les infrastructures n\u00e9cessaires et \u00e9quip\u00e9es pour exercer son activit\u00e9, l&rsquo;article \u00e9tant d\u00e9velopp\u00e9, fabriqu\u00e9 et contr\u00f4l\u00e9 selon des normes exigeantes de qualit\u00e9 et de confort.<br \/>\nCompte tenu du march\u00e9 actuel, sa mission est de satisfaire les besoins de ses clients, en am\u00e9liorant continuellement son offre et la capacit\u00e9 technique de ses employ\u00e9s.<\/p>\n<p><\/div><\/div><\/div><\/div><\/section><\/div> <!-- .tm-element-heading-wrapper container --> [\/vc_column][\/vc_row][vc_row][vc_column width=\u00a0\u00bb1\/2&Prime;][vc_separator border_width=\u00a0\u00bb3&Prime;]<div class=\"themetechmount-iconbox themetechmount-iconbox-stylesix themetechmount-iconbox-style14 \">\n\t<div class=\"themetechmount-iconbox-inner tm-iconstyle-rounded\">\n\t\t<div class=\"tm-iconbox-wrapper tm-wrap\">\n\t\t\t<div class=\"themetechmount-iconbox-icon tm-wrap-cell\">\n\t\t\t\t<div class=\"tm-box-icon\"><i class=\"fa fa-check\"><\/i><\/div>\t\n\t\t\t<\/div>\n\t\t\t<div class=\"themetechmount-iconbox-heading tm-wrap-cell\">\n\t\t\t\t<div class=\"tm-vc_general tm-vc_cta3 tm-cta3-only tm-vc_cta3-style-classic tm-vc_cta3-shape-rounded tm-vc_cta3-align-left tm-vc_cta3-color-transparent tm-vc_cta3-icon-size-md tm-vc_cta3-actions-no tm-cta3-without-desc\"><div class=\"tm-vc_cta3_content-container\"><div class=\"tm-vc_cta3-content\"><header class=\"tm-vc_cta3-content-header tm-wrap\"><div class=\"tm-vc_cta3-headers tm-wrap-cell\"><h2 class=\"tm-custom-heading \">Meilleures installations<\/h2>\n<\/div><div class=\"heading-seperator\"><span><\/span><\/div><\/header><\/div><\/div><\/div>\t\t\t<\/div>\n\t\t<\/div>\n\t\t\t<div class=\"tm-iconbox-boxcontent\">\t\t\t\n\t\t\t<div class=\"tm-cta3-content-wrapper\">Adapt\u00e9 aux demandes du march\u00e9.<\/div>\t\t\t\t<div class=\"themetechmount-iconbox-button\">\n\t\t\t\t\t\t\t\t\t<\/div>\n\t\t\t<\/div>\t\t\t\n\t<\/div>\t\n<\/div>\n<div class=\"themetechmount-iconbox themetechmount-iconbox-stylesix themetechmount-iconbox-style14 \">\n\t<div class=\"themetechmount-iconbox-inner tm-iconstyle-rounded\">\n\t\t<div class=\"tm-iconbox-wrapper tm-wrap\">\n\t\t\t<div class=\"themetechmount-iconbox-icon tm-wrap-cell\">\n\t\t\t\t<div class=\"tm-box-icon\"><i class=\"fa fa-check\"><\/i><\/div>\t\n\t\t\t<\/div>\n\t\t\t<div class=\"themetechmount-iconbox-heading tm-wrap-cell\">\n\t\t\t\t<div class=\"tm-vc_general tm-vc_cta3 tm-cta3-only tm-vc_cta3-style-classic tm-vc_cta3-shape-rounded tm-vc_cta3-align-left tm-vc_cta3-color-transparent tm-vc_cta3-icon-size-md tm-vc_cta3-actions-no tm-cta3-without-desc\"><div class=\"tm-vc_cta3_content-container\"><div class=\"tm-vc_cta3-content\"><header class=\"tm-vc_cta3-content-header tm-wrap\"><div class=\"tm-vc_cta3-headers tm-wrap-cell\"><h2 class=\"tm-custom-heading \">Ressources humaines<\/h2>\n<\/div><div class=\"heading-seperator\"><span><\/span><\/div><\/header><\/div><\/div><\/div>\t\t\t<\/div>\n\t\t<\/div>\n\t\t\t<div class=\"tm-iconbox-boxcontent\">\t\t\t\n\t\t\t<div class=\"tm-cta3-content-wrapper\">Avec une formation et des ann\u00e9es d&rsquo;exp\u00e9rience<\/div>\t\t\t\t<div class=\"themetechmount-iconbox-button\">\n\t\t\t\t\t\t\t\t\t<\/div>\n\t\t\t<\/div>\t\t\t\n\t<\/div>\t\n<\/div>\n[vc_separator border_width=\u00a0\u00bb3&Prime;][\/vc_column][vc_column width=\u00a0\u00bb1\/2&Prime;][vc_separator border_width=\u00a0\u00bb3&Prime;]<div class=\"themetechmount-iconbox themetechmount-iconbox-stylesix themetechmount-iconbox-style14 \">\n\t<div class=\"themetechmount-iconbox-inner tm-iconstyle-rounded\">\n\t\t<div class=\"tm-iconbox-wrapper tm-wrap\">\n\t\t\t<div class=\"themetechmount-iconbox-icon tm-wrap-cell\">\n\t\t\t\t<div class=\"tm-box-icon\"><i class=\"fa fa-check\"><\/i><\/div>\t\n\t\t\t<\/div>\n\t\t\t<div class=\"themetechmount-iconbox-heading tm-wrap-cell\">\n\t\t\t\t<div class=\"tm-vc_general tm-vc_cta3 tm-cta3-only tm-vc_cta3-style-classic tm-vc_cta3-shape-rounded tm-vc_cta3-align-left tm-vc_cta3-color-transparent tm-vc_cta3-icon-size-md tm-vc_cta3-actions-no tm-cta3-without-desc\"><div class=\"tm-vc_cta3_content-container\"><div class=\"tm-vc_cta3-content\"><header class=\"tm-vc_cta3-content-header tm-wrap\"><div class=\"tm-vc_cta3-headers tm-wrap-cell\"><h2 class=\"tm-custom-heading \">Machines modernes<\/h2>\n<\/div><div class=\"heading-seperator\"><span><\/span><\/div><\/header><\/div><\/div><\/div>\t\t\t<\/div>\n\t\t<\/div>\n\t\t\t<div class=\"tm-iconbox-boxcontent\">\t\t\t\n\t\t\t<div class=\"tm-cta3-content-wrapper\">Alli\u00e9 \u00e0 une \u00e9quipe form\u00e9e et comp\u00e9tente.<\/div>\t\t\t\t<div class=\"themetechmount-iconbox-button\">\n\t\t\t\t\t\t\t\t\t<\/div>\n\t\t\t<\/div>\t\t\t\n\t<\/div>\t\n<\/div>\n<div class=\"themetechmount-iconbox themetechmount-iconbox-stylesix themetechmount-iconbox-style14 \">\n\t<div class=\"themetechmount-iconbox-inner tm-iconstyle-rounded\">\n\t\t<div class=\"tm-iconbox-wrapper tm-wrap\">\n\t\t\t<div class=\"themetechmount-iconbox-icon tm-wrap-cell\">\n\t\t\t\t<div class=\"tm-box-icon\"><i class=\"fa fa-check\"><\/i><\/div>\t\n\t\t\t<\/div>\n\t\t\t<div class=\"themetechmount-iconbox-heading tm-wrap-cell\">\n\t\t\t\t<div class=\"tm-vc_general tm-vc_cta3 tm-cta3-only tm-vc_cta3-style-classic tm-vc_cta3-shape-rounded tm-vc_cta3-align-left tm-vc_cta3-color-transparent tm-vc_cta3-icon-size-md tm-vc_cta3-actions-no tm-cta3-without-desc\"><div class=\"tm-vc_cta3_content-container\"><div class=\"tm-vc_cta3-content\"><header class=\"tm-vc_cta3-content-header tm-wrap\"><div class=\"tm-vc_cta3-headers tm-wrap-cell\"><h2 class=\"tm-custom-heading \">Processus complet<\/h2>\n<\/div><div class=\"heading-seperator\"><span><\/span><\/div><\/header><\/div><\/div><\/div>\t\t\t<\/div>\n\t\t<\/div>\n\t\t\t<div class=\"tm-iconbox-boxcontent\">\t\t\t\n\t\t\t<div class=\"tm-cta3-content-wrapper\">De la conception, de la production, de l&#8217;emballage et de l&rsquo;\u00e9tiquetage \u00e0 la livraison.<\/div>\t\t\t\t<div class=\"themetechmount-iconbox-button\">\n\t\t\t\t\t\t\t\t\t<\/div>\n\t\t\t<\/div>\t\t\t\n\t<\/div>\t\n<\/div>\n[vc_separator border_width=\u00a0\u00bb3&Prime;][\/vc_column][\/vc_row][vc_row][vc_column]<div class=\"themetechmount-boxes themetechmount-boxes-portfolio themetechmount-boxes-view-default themetechmount-boxes-col-three themetechmount-boxes-sortable-no themetechmount-boxes-textalign-center tm-cta3-rev-heading\">\n\t\t<div class=\"themetechmount-boxes-inner themetechmount-boxes-portfolio-inner \"><div class=\"themetechmount-box-heading-wrapper tm-element-align-center\"><div class=\"tm-element-heading-wrapper tm-heading-inner tm-element-align-center tm-seperator-none tm-heading-style-vertical \"><section class=\"tm-vc_cta3-container\"><div class=\"tm-vc_general tm-vc_cta3 tm-cta3-only tm-vc_cta3-style-classic tm-vc_cta3-shape-rounded tm-vc_cta3-align-center tm-vc_cta3-color-transparent tm-vc_cta3-icon-size-md tm-vc_cta3-actions-no tm-cta3-with-desc\"><div class=\"tm-vc_cta3_content-container\"><div class=\"tm-vc_cta3-content\"><header class=\"tm-vc_cta3-content-header tm-wrap\"><div class=\"tm-vc_cta3-headers tm-wrap-cell\"><h2 class=\"tm-custom-heading \" >Quelques oeuvres<\/h2>\n<\/div><div class=\"heading-seperator\"><span><\/span><\/div><\/header><div class=\"tm-cta3-content-wrapper\"><p>D\u00e9couvrez quelques-unes de nos r\u00e9alisations.<\/p><\/div><\/div><\/div><\/div><\/section><\/div> <!-- .tm-element-heading-wrapper container --> <\/div> <!-- .tm-element-heading-wrapper container --> \n\t\t\t\t\n\t\t\t\t<div class=\"row multi-columns-row themetechmount-boxes-row-wrapper tm-box-masnory\">\n\t\t\t\t\t<div class=\"tm-box-col-wrapper col-lg-4 col-sm-6 col-md-4 col-xs-12 boxers-homem-fr\"><article class=\"themetechmount-box themetechmount-box-portfolio themetechmount-portfoliobox-style1 \">\n\t<div class=\"themetechmount-post-item tm-shadow-box\">\t\n\t\t<div class=\"themetechmount-post-item-inner\">\n\t\t\t<div class=\"tm-featured-wrapper tm-tm_portfolio-featured-wrapper\"><a href=\"https:\/\/goncalo.com.pt\/2026\/fr\/portfolio\/boxer-homme-100-coton\/\"><img loading=\"lazy\" decoding=\"async\" width=\"768\" height=\"1024\" src=\"https:\/\/goncalo.com.pt\/2026\/wp-content\/uploads\/2023\/09\/g-gregory-boxershorts-3er-pack-verschiedenen-mustern-0001794107-768x1024.jpg\" class=\"attachment-medium_large size-medium_large wp-post-image\" alt=\"boxer homem\" srcset=\"https:\/\/goncalo.com.pt\/2026\/wp-content\/uploads\/2023\/09\/g-gregory-boxershorts-3er-pack-verschiedenen-mustern-0001794107-768x1024.jpg 768w, https:\/\/goncalo.com.pt\/2026\/wp-content\/uploads\/2023\/09\/g-gregory-boxershorts-3er-pack-verschiedenen-mustern-0001794107-225x300.jpg 225w, https:\/\/goncalo.com.pt\/2026\/wp-content\/uploads\/2023\/09\/g-gregory-boxershorts-3er-pack-verschiedenen-mustern-0001794107-1152x1536.jpg 1152w, https:\/\/goncalo.com.pt\/2026\/wp-content\/uploads\/2023\/09\/g-gregory-boxershorts-3er-pack-verschiedenen-mustern-0001794107-1536x2048.jpg 1536w, https:\/\/goncalo.com.pt\/2026\/wp-content\/uploads\/2023\/09\/g-gregory-boxershorts-3er-pack-verschiedenen-mustern-0001794107-scaled.jpg 1920w\" sizes=\"auto, (max-width: 768px) 100vw, 768px\" data-id=\"2507\" \/><\/a><\/div>\t\t\t<div class=\"themetechmount-box-content themetechmount-overlay\">\n\t\t\t\t<div class=\"themetechmount-box-content-inner\">\n\t\t\t\t\t<div class=\"themetechmount-icon-box themetechmount-media-link\"><a class=\"tm_prettyphoto\" href=\"https:\/\/goncalo.com.pt\/2026\/wp-content\/uploads\/2023\/09\/g-gregory-boxershorts-3er-pack-verschiedenen-mustern-0001794107-scaled.jpg\"><i class=\"tm-fablio-icon-search\"><\/i><\/a><a href=\" https:\/\/goncalo.com.pt\/2026\/fr\/portfolio\/boxer-homme-100-coton\/\" class=\"themetechmount_pf_link\"><i class=\"tm-fablio-icon-shuffle\"><\/i><\/a><\/div>\n\t\t\t\t<\/div>\t\t\t\n\t\t\t<\/div>\n\t\t<\/div>\t\t\n\t\t<div class=\"themetechmount-box-bottom-content\">\t\t\t\t\t\t\n\t\t\t<div class=\"themetechmount-box-title\"><h4><a href=\"https:\/\/goncalo.com.pt\/2026\/fr\/portfolio\/boxer-homme-100-coton\/\">Boxer homme 100% coton<\/a><\/h4><\/div>\t\t\t<div class=\"themetechmount-box-desc\">\n\t\t\t\t<p>Boxer Homme 100% Coton avec patte de boutonnage et bouton sur le devant. Taille \u00e9lastique et doubl\u00e9e.<\/p>\n\t\t\t<\/div>\n\t\t<\/div>\n\t<\/div>\n<\/article><\/div><div class=\"tm-box-col-wrapper col-lg-4 col-sm-6 col-md-4 col-xs-12 \"><article class=\"themetechmount-box themetechmount-box-portfolio themetechmount-portfoliobox-style1 \">\n\t<div class=\"themetechmount-post-item tm-shadow-box\">\t\n\t\t<div class=\"themetechmount-post-item-inner\">\n\t\t\t<div class=\"tm-featured-wrapper tm-tm_portfolio-featured-wrapper\"><a href=\"https:\/\/goncalo.com.pt\/2026\/fr\/portfolio\/t-shirt-homem\/\"><img loading=\"lazy\" decoding=\"async\" width=\"568\" height=\"738\" src=\"https:\/\/goncalo.com.pt\/2026\/wp-content\/uploads\/2023\/09\/Capturarc.png\" class=\"attachment-medium_large size-medium_large wp-post-image\" alt=\"t-shirt interior Homem\" srcset=\"https:\/\/goncalo.com.pt\/2026\/wp-content\/uploads\/2023\/09\/Capturarc.png 568w, https:\/\/goncalo.com.pt\/2026\/wp-content\/uploads\/2023\/09\/Capturarc-231x300.png 231w\" sizes=\"auto, (max-width: 568px) 100vw, 568px\" data-id=\"2501\" \/><\/a><\/div>\t\t\t<div class=\"themetechmount-box-content themetechmount-overlay\">\n\t\t\t\t<div class=\"themetechmount-box-content-inner\">\n\t\t\t\t\t<div class=\"themetechmount-icon-box themetechmount-media-link\"><a class=\"tm_prettyphoto\" href=\"https:\/\/goncalo.com.pt\/2026\/wp-content\/uploads\/2023\/09\/Capturarc.png\"><i class=\"tm-fablio-icon-search\"><\/i><\/a><a href=\" https:\/\/goncalo.com.pt\/2026\/fr\/portfolio\/t-shirt-homem\/\" class=\"themetechmount_pf_link\"><i class=\"tm-fablio-icon-shuffle\"><\/i><\/a><\/div>\n\t\t\t\t<\/div>\t\t\t\n\t\t\t<\/div>\n\t\t<\/div>\t\t\n\t\t<div class=\"themetechmount-box-bottom-content\">\t\t\t\t\t\t\n\t\t\t<div class=\"themetechmount-box-title\"><h4><a href=\"https:\/\/goncalo.com.pt\/2026\/fr\/portfolio\/t-shirt-homem\/\">T-Shirt Homem<\/a><\/h4><\/div>\t\t\t<div class=\"themetechmount-box-desc\">\n\t\t\t\t<p>T-shirt de homem interior 95% Algod\u00e3o 5% Elastano com decote redondo. <\/p>\n\t\t\t<\/div>\n\t\t<\/div>\n\t<\/div>\n<\/article><\/div><div class=\"tm-box-col-wrapper col-lg-4 col-sm-6 col-md-4 col-xs-12 cueca-senhora-fr\"><article class=\"themetechmount-box themetechmount-box-portfolio themetechmount-portfoliobox-style1 \">\n\t<div class=\"themetechmount-post-item tm-shadow-box\">\t\n\t\t<div class=\"themetechmount-post-item-inner\">\n\t\t\t<div class=\"tm-featured-wrapper tm-tm_portfolio-featured-wrapper\"><a href=\"https:\/\/goncalo.com.pt\/2026\/fr\/portfolio\/cueca-senhora-estampado-digital\/\"><img loading=\"lazy\" decoding=\"async\" width=\"768\" height=\"576\" src=\"https:\/\/goncalo.com.pt\/2026\/wp-content\/uploads\/2023\/09\/aa05f212-fedb-4441-81a6-8571d7cc2684-768x576.jpg\" class=\"attachment-medium_large size-medium_large wp-post-image\" alt=\"cueca adalga\u00e7ante senhora\" srcset=\"https:\/\/goncalo.com.pt\/2026\/wp-content\/uploads\/2023\/09\/aa05f212-fedb-4441-81a6-8571d7cc2684-768x576.jpg 768w, https:\/\/goncalo.com.pt\/2026\/wp-content\/uploads\/2023\/09\/aa05f212-fedb-4441-81a6-8571d7cc2684-300x225.jpg 300w, https:\/\/goncalo.com.pt\/2026\/wp-content\/uploads\/2023\/09\/aa05f212-fedb-4441-81a6-8571d7cc2684-1024x768.jpg 1024w, https:\/\/goncalo.com.pt\/2026\/wp-content\/uploads\/2023\/09\/aa05f212-fedb-4441-81a6-8571d7cc2684-1536x1152.jpg 1536w, https:\/\/goncalo.com.pt\/2026\/wp-content\/uploads\/2023\/09\/aa05f212-fedb-4441-81a6-8571d7cc2684.jpg 2048w\" sizes=\"auto, (max-width: 768px) 100vw, 768px\" data-id=\"2494\" \/><\/a><\/div>\t\t\t<div class=\"themetechmount-box-content themetechmount-overlay\">\n\t\t\t\t<div class=\"themetechmount-box-content-inner\">\n\t\t\t\t\t<div class=\"themetechmount-icon-box themetechmount-media-link\"><a class=\"tm_prettyphoto\" href=\"https:\/\/goncalo.com.pt\/2026\/wp-content\/uploads\/2023\/09\/aa05f212-fedb-4441-81a6-8571d7cc2684.jpg\"><i class=\"tm-fablio-icon-search\"><\/i><\/a><a href=\" https:\/\/goncalo.com.pt\/2026\/fr\/portfolio\/cueca-senhora-estampado-digital\/\" class=\"themetechmount_pf_link\"><i class=\"tm-fablio-icon-shuffle\"><\/i><\/a><\/div>\n\t\t\t\t<\/div>\t\t\t\n\t\t\t<\/div>\n\t\t<\/div>\t\t\n\t\t<div class=\"themetechmount-box-bottom-content\">\t\t\t\t\t\t\n\t\t\t<div class=\"themetechmount-box-title\"><h4><a href=\"https:\/\/goncalo.com.pt\/2026\/fr\/portfolio\/cueca-senhora-estampado-digital\/\">Cueca Senhora Estampado Digital<\/a><\/h4><\/div>\t\t\t<div class=\"themetechmount-box-desc\">\n\t\t\t\t<p>Cueca senhora com estampado digital, 95% Algod\u00e3o 5% Elastano e encaixes laterais de mesh tulle 100% Polyester. Cintura e cava da perna el\u00e1stica. Refor\u00e7o na parte frontal.<\/p>\n\t\t\t<\/div>\n\t\t<\/div>\n\t<\/div>\n<\/article><\/div>\n\t\t\t\t<\/div>\n\t\t\t<\/div><!-- .themetechmount-boxes-inner -->   <\/div><!-- .themetechmount-boxes -->  [\/vc_column][\/vc_row][vc_row][vc_column width=\u00a0\u00bb1\/2&Prime;][\/vc_column][vc_column width=\u00a0\u00bb1\/2&Prime;][\/vc_column][\/vc_row]<\/p>\n<\/div>","protected":false},"excerpt":{"rendered":"<p>[vc_row][vc_column][\/vc_column][\/vc_row][vc_row][vc_column width=\u00a0\u00bb1\/2&Prime;][vc_separator border_width=\u00a0\u00bb3&Prime;][vc_separator border_width=\u00a0\u00bb3&Prime;][\/vc_column][vc_column width=\u00a0\u00bb1\/2&Prime;][vc_separator border_width=\u00a0\u00bb3&Prime;][vc_separator border_width=\u00a0\u00bb3&Prime;][\/vc_column][\/vc_row][vc_row][vc_column][\/vc_column][\/vc_row][vc_row][vc_column width=\u00a0\u00bb1\/2&Prime;][\/vc_column][vc_column width=\u00a0\u00bb1\/2&Prime;][\/vc_column][\/vc_row]<\/p>\n","protected":false},"author":1,"featured_media":0,"parent":0,"menu_order":0,"comment_status":"closed","ping_status":"closed","template":"","meta":{"footnotes":""},"class_list":["post-2645","page","type-page","status-publish","hentry"],"_links":{"self":[{"href":"https:\/\/goncalo.com.pt\/2026\/fr\/wp-json\/wp\/v2\/pages\/2645","targetHints":{"allow":["GET"]}}],"collection":[{"href":"https:\/\/goncalo.com.pt\/2026\/fr\/wp-json\/wp\/v2\/pages"}],"about":[{"href":"https:\/\/goncalo.com.pt\/2026\/fr\/wp-json\/wp\/v2\/types\/page"}],"author":[{"embeddable":true,"href":"https:\/\/goncalo.com.pt\/2026\/fr\/wp-json\/wp\/v2\/users\/1"}],"replies":[{"embeddable":true,"href":"https:\/\/goncalo.com.pt\/2026\/fr\/wp-json\/wp\/v2\/comments?post=2645"}],"version-history":[{"count":3,"href":"https:\/\/goncalo.com.pt\/2026\/fr\/wp-json\/wp\/v2\/pages\/2645\/revisions"}],"predecessor-version":[{"id":2662,"href":"https:\/\/goncalo.com.pt\/2026\/fr\/wp-json\/wp\/v2\/pages\/2645\/revisions\/2662"}],"wp:attachment":[{"href":"https:\/\/goncalo.com.pt\/2026\/fr\/wp-json\/wp\/v2\/media?parent=2645"}],"curies":[{"name":"wp","href":"https:\/\/api.w.org\/{rel}","templated":true}]}}