{"id":2789,"date":"2023-09-11T22:45:27","date_gmt":"2023-09-11T22:45:27","guid":{"rendered":"https:\/\/goncalo.com.pt\/2026\/home-pt\/"},"modified":"2023-09-12T10:01:38","modified_gmt":"2023-09-12T10:01:38","slug":"home-pt","status":"publish","type":"page","link":"https:\/\/goncalo.com.pt\/2026\/fr\/","title":{"rendered":"Maison"},"content":{"rendered":"<div class=\"wpb-content-wrapper\"><p>[vc_row tm_bgimagefixed=\u00a0\u00bb\u00a0\u00bb full_width=\u00a0\u00bbstretch_row\u00a0\u00bb tm_responsive_css=\u00a0\u00bb47482487|colbreak_no|||||||||colbreak_no|0px||||50px||60px||colbreak_no||||||||||colbreak_no|||||||||\u00a0\u00bb css=\u00a0\u00bb.vc_custom_1616565126588{margin-top: -175px !important;}\u00a0\u00bb][vc_column tm_col_bg_expand=\u00a0\u00bbleft\u00a0\u00bb tm_zindex=\u00a0\u00bb1&Prime; css=\u00a0\u00bb.vc_custom_1690297315936{margin-top: -50px !important;margin-bottom: -150px !important;margin-left: 70px !important;padding-top: 80px !important;padding-bottom: 200px !important;background-image: url(https:\/\/goncalo.com.pt\/2026\/wp-content\/uploads\/2021\/03\/row-bg-011-1.jpg?id=1580) !important;background-position: center !important;background-repeat: no-repeat !important;background-size: cover !important;}\u00a0\u00bb tm_responsive_css=\u00a0\u00bb64225822|colbreak_no|||||||||colbreak_no|-49px||0|0px|40px||30px||colbreak_no||||||||||colbreak_no|||||||||\u00a0\u00bb][vc_row_inner css=\u00a0\u00bb.vc_custom_1616564691076{margin-left: -85px !important;padding-right: 70px !important;}\u00a0\u00bb tm_responsive_css=\u00a0\u00bb52535592|colbreak_no|||||||||colbreak_no||||-15px||15px|||colbreak_no||||||||||colbreak_no|||||||||\u00a0\u00bb][vc_column_inner]<div class=\"tm-element-heading-wrapper tm-heading-inner tm-element-align-left tm-seperator-none tm-heading-style-horizontal \"><section class=\"tm-vc_cta3-container\"><div class=\"tm-vc_general tm-vc_cta3 tm-cta3-only tm-vc_cta3-style-classic tm-vc_cta3-shape-rounded tm-vc_cta3-align-left tm-vc_cta3-color-transparent tm-vc_cta3-icon-size-md tm-vc_cta3-actions-no tm-cta3-with-desc\"><div class=\"tm-vc_cta3_content-container\"><div class=\"tm-vc_cta3-content\"><header class=\"tm-vc_cta3-content-header tm-wrap\"><div class=\"tm-vc_cta3-headers tm-wrap-cell\"><h4 style=\"color:#9e7766;\" class=\"tm-custom-heading \" >PROPRE CONCEPTION ET PRODUCTION<\/h4>\n<h2 class=\"tm-custom-heading \" >Cr\u00e9ation, D\u00e9veloppement et Production<\/h2>\n<\/div><div class=\"heading-seperator\"><span><\/span><\/div><\/header><div class=\"tm-cta3-content-wrapper\"><p>Nous d\u00e9veloppons l&rsquo;ensemble du processus de cr\u00e9ation, de prototypage, de production, de conditionnement et de livraison, avec des garanties de qualit\u00e9 \u00e0 chaque \u00e9tape.<\/p><\/div><\/div><\/div><\/div><\/section><\/div> <!-- .tm-element-heading-wrapper container --> [\/vc_column_inner][\/vc_row_inner][\/vc_column][\/vc_row][vc_row tm_bgimagefixed=\u00a0\u00bb\u00a0\u00bb tm_zindex=\u00a0\u00bb2&Prime; css=\u00a0\u00bb.vc_custom_1690296917526{padding-top: 0px !important;padding-bottom: 0px !important;}\u00a0\u00bb tm_responsive_css=\u00a0\u00bb26591964|colbreak_no|||||||||colbreak_no|25px||||||0px||colbreak_no||||||||||colbreak_no|||||||||\u00a0\u00bb][vc_column tm_zindex=\u00a0\u00bb2&Prime; css=\u00a0\u00bb.vc_custom_1616418480005{margin-top: -60px !important;}\u00a0\u00bb]<div class=\"themetechmount-boxes themetechmount-boxes-service themetechmount-boxes-view-default themetechmount-boxes-col-three themetechmount-boxes-sortable-no themetechmount-boxes-textalign-center tm-cta3-rev-heading\">\n\t\t<div class=\"themetechmount-boxes-inner themetechmount-boxes-service-inner \">\n\t\t\t\t\n\t\t\t\t<div class=\"row multi-columns-row themetechmount-boxes-row-wrapper\">\n\t\t\t\t\t<div class=\"tm-box-col-wrapper col-lg-4 col-sm-6 col-md-4 col-xs-12 design-fr\"><article class=\"themetechmount-box themetechmount-box-service themetechmount-servicebox-styletwo \">\n\t<div class=\"themetechmount-post-item\">\n\t\t<div class=\"themetechmount-box-bottom-content\">\t\n\t\t\t<div class=\"tm-featured-wrapper tm-tm_service-featured-wrapper\"><a href=\"https:\/\/goncalo.com.pt\/2026\/fr\/service\/material-sourcing-et-design\/\"><img loading=\"lazy\" decoding=\"async\" width=\"768\" height=\"512\" src=\"https:\/\/goncalo.com.pt\/2026\/wp-content\/uploads\/2021\/02\/5-min-1-768x512.jpg\" class=\"attachment-medium_large size-medium_large wp-post-image\" alt=\"\" srcset=\"https:\/\/goncalo.com.pt\/2026\/wp-content\/uploads\/2021\/02\/5-min-1-768x512.jpg 768w, https:\/\/goncalo.com.pt\/2026\/wp-content\/uploads\/2021\/02\/5-min-1-300x200.jpg 300w, https:\/\/goncalo.com.pt\/2026\/wp-content\/uploads\/2021\/02\/5-min-1-1024x683.jpg 1024w, https:\/\/goncalo.com.pt\/2026\/wp-content\/uploads\/2021\/02\/5-min-1.jpg 1200w\" sizes=\"auto, (max-width: 768px) 100vw, 768px\" data-id=\"1736\" \/><\/a><\/div>\t\t\t<div class=\"tm-servicebox-detials\">\n\t\t\t\t<div class=\"tm-box-header\">\n\t\t\t\t\t<div class=\"themetechmount-box-title\"><h4><a href=\"https:\/\/goncalo.com.pt\/2026\/fr\/service\/material-sourcing-et-design\/\">Material Sourcing et Design<\/a><\/h4><\/div>\t\t\t\t\t<div class=\"tm-details-link\"><a href=\"https:\/\/goncalo.com.pt\/2026\/fr\/service\/material-sourcing-et-design\/\"><i class=\"themifyicon ti-arrow-top-right\"><\/i><\/a><\/div>\n\t\t\t\t<\/div>\n\t\t\t\t<div class=\"themetechmount-box-desc\">\n\t\t\t\t\t\t\t\t\t\t\t<div class=\"tm-short-desc\">\n\t\t\t\t\t\t\tDans notre d\u00e9partement de conception, nous pouvons aider votre entreprise \u00e0 concevoir votre produit\u00a0!\t\t\t\t\t\t<\/div>\n\t\t\t\t\t\t\t\t\t<\/div> \n\t\t\t<\/div>\n\t\t<\/div>\n\t<\/div>\n<\/article><\/div><div class=\"tm-box-col-wrapper col-lg-4 col-sm-6 col-md-4 col-xs-12 confecao-fr\"><article class=\"themetechmount-box themetechmount-box-service themetechmount-servicebox-styletwo \">\n\t<div class=\"themetechmount-post-item\">\n\t\t<div class=\"themetechmount-box-bottom-content\">\t\n\t\t\t<div class=\"tm-featured-wrapper tm-tm_service-featured-wrapper\"><a href=\"https:\/\/goncalo.com.pt\/2026\/fr\/service\/modelisation-et-decoupe-numerique\/\"><img loading=\"lazy\" decoding=\"async\" width=\"768\" height=\"576\" src=\"https:\/\/goncalo.com.pt\/2026\/wp-content\/uploads\/2023\/08\/2a6e6a1d-3656-4642-9976-62a7899d9b44-768x576.jpg\" class=\"attachment-medium_large size-medium_large wp-post-image\" alt=\"\" srcset=\"https:\/\/goncalo.com.pt\/2026\/wp-content\/uploads\/2023\/08\/2a6e6a1d-3656-4642-9976-62a7899d9b44-768x576.jpg 768w, https:\/\/goncalo.com.pt\/2026\/wp-content\/uploads\/2023\/08\/2a6e6a1d-3656-4642-9976-62a7899d9b44-300x225.jpg 300w, https:\/\/goncalo.com.pt\/2026\/wp-content\/uploads\/2023\/08\/2a6e6a1d-3656-4642-9976-62a7899d9b44.jpg 1024w\" sizes=\"auto, (max-width: 768px) 100vw, 768px\" data-id=\"2581\" \/><\/a><\/div>\t\t\t<div class=\"tm-servicebox-detials\">\n\t\t\t\t<div class=\"tm-box-header\">\n\t\t\t\t\t<div class=\"themetechmount-box-title\"><h4><a href=\"https:\/\/goncalo.com.pt\/2026\/fr\/service\/modelisation-et-decoupe-numerique\/\">Mod\u00e9lisation et d\u00e9coupe num\u00e9rique<\/a><\/h4><\/div>\t\t\t\t\t<div class=\"tm-details-link\"><a href=\"https:\/\/goncalo.com.pt\/2026\/fr\/service\/modelisation-et-decoupe-numerique\/\"><i class=\"themifyicon ti-arrow-top-right\"><\/i><\/a><\/div>\n\t\t\t\t<\/div>\n\t\t\t\t<div class=\"themetechmount-box-desc\">\n\t\t\t\t\t\t\t\t\t\t\t<div class=\"tm-short-desc\">\n\t\t\t\t\t\t\tNous fournissons des machines modernes et des solutions technologiques adapt\u00e9es \u00e0 chaque client, en le servant avec rapidit\u00e9, qualit\u00e9 et rigueur.\t\t\t\t\t\t<\/div>\n\t\t\t\t\t\t\t\t\t<\/div> \n\t\t\t<\/div>\n\t\t<\/div>\n\t<\/div>\n<\/article><\/div><div class=\"tm-box-col-wrapper col-lg-4 col-sm-6 col-md-4 col-xs-12 confecao-fr\"><article class=\"themetechmount-box themetechmount-box-service themetechmount-servicebox-styletwo \">\n\t<div class=\"themetechmount-post-item\">\n\t\t<div class=\"themetechmount-box-bottom-content\">\t\n\t\t\t<div class=\"tm-featured-wrapper tm-tm_service-featured-wrapper\"><a href=\"https:\/\/goncalo.com.pt\/2026\/fr\/service\/confection\/\"><img loading=\"lazy\" decoding=\"async\" width=\"768\" height=\"512\" src=\"https:\/\/goncalo.com.pt\/2026\/wp-content\/uploads\/2021\/02\/4-min-1-768x512.jpg\" class=\"attachment-medium_large size-medium_large wp-post-image\" alt=\"confe\u00e7\u00e3o Portugal\" srcset=\"https:\/\/goncalo.com.pt\/2026\/wp-content\/uploads\/2021\/02\/4-min-1-768x512.jpg 768w, https:\/\/goncalo.com.pt\/2026\/wp-content\/uploads\/2021\/02\/4-min-1-300x200.jpg 300w, https:\/\/goncalo.com.pt\/2026\/wp-content\/uploads\/2021\/02\/4-min-1-1024x683.jpg 1024w, https:\/\/goncalo.com.pt\/2026\/wp-content\/uploads\/2021\/02\/4-min-1.jpg 1200w\" sizes=\"auto, (max-width: 768px) 100vw, 768px\" data-id=\"1744\" \/><\/a><\/div>\t\t\t<div class=\"tm-servicebox-detials\">\n\t\t\t\t<div class=\"tm-box-header\">\n\t\t\t\t\t<div class=\"themetechmount-box-title\"><h4><a href=\"https:\/\/goncalo.com.pt\/2026\/fr\/service\/confection\/\">Confection<\/a><\/h4><\/div>\t\t\t\t\t<div class=\"tm-details-link\"><a href=\"https:\/\/goncalo.com.pt\/2026\/fr\/service\/confection\/\"><i class=\"themifyicon ti-arrow-top-right\"><\/i><\/a><\/div>\n\t\t\t\t<\/div>\n\t\t\t\t<div class=\"themetechmount-box-desc\">\n\t\t\t\t\t\t\t\t\t\t\t<div class=\"tm-short-desc\">\n\t\t\t\t\t\t\tAvec 40 ans d'exp\u00e9rience sur le march\u00e9 et notre propre fabrication, nous disposons d'\u00e9quipements ad\u00e9quats pour obtenir un produit final avec des finitions r\u00e9pondant aux normes de l'industrie.<br \/>\r\n\t\t\t\t\t\t<\/div>\n\t\t\t\t\t\t\t\t\t<\/div> \n\t\t\t<\/div>\n\t\t<\/div>\n\t<\/div>\n<\/article><\/div><div class=\"tm-box-col-wrapper col-lg-4 col-sm-6 col-md-4 col-xs-12 impressao-dtf-fr\"><article class=\"themetechmount-box themetechmount-box-service themetechmount-servicebox-styletwo \">\n\t<div class=\"themetechmount-post-item\">\n\t\t<div class=\"themetechmount-box-bottom-content\">\t\n\t\t\t<div class=\"tm-featured-wrapper tm-tm_service-featured-wrapper\"><a href=\"https:\/\/goncalo.com.pt\/2026\/fr\/service\/impression-dtf-un-processus-revolutionnaire\/\"><img loading=\"lazy\" decoding=\"async\" width=\"768\" height=\"576\" src=\"https:\/\/goncalo.com.pt\/2026\/wp-content\/uploads\/2023\/08\/976cb0fd-4f62-4829-8723-a37f94ca7132-768x576.jpg\" class=\"attachment-medium_large size-medium_large wp-post-image\" alt=\"\" srcset=\"https:\/\/goncalo.com.pt\/2026\/wp-content\/uploads\/2023\/08\/976cb0fd-4f62-4829-8723-a37f94ca7132-768x576.jpg 768w, https:\/\/goncalo.com.pt\/2026\/wp-content\/uploads\/2023\/08\/976cb0fd-4f62-4829-8723-a37f94ca7132-300x225.jpg 300w, https:\/\/goncalo.com.pt\/2026\/wp-content\/uploads\/2023\/08\/976cb0fd-4f62-4829-8723-a37f94ca7132.jpg 1024w\" sizes=\"auto, (max-width: 768px) 100vw, 768px\" data-id=\"2523\" \/><\/a><\/div>\t\t\t<div class=\"tm-servicebox-detials\">\n\t\t\t\t<div class=\"tm-box-header\">\n\t\t\t\t\t<div class=\"themetechmount-box-title\"><h4><a href=\"https:\/\/goncalo.com.pt\/2026\/fr\/service\/impression-dtf-un-processus-revolutionnaire\/\">Impression DTF \u2013 Un processus r\u00e9volutionnaire<\/a><\/h4><\/div>\t\t\t\t\t<div class=\"tm-details-link\"><a href=\"https:\/\/goncalo.com.pt\/2026\/fr\/service\/impression-dtf-un-processus-revolutionnaire\/\"><i class=\"themifyicon ti-arrow-top-right\"><\/i><\/a><\/div>\n\t\t\t\t<\/div>\n\t\t\t\t<div class=\"themetechmount-box-desc\">\n\t\t\t\t\t\t\t\t\t\t\t<div class=\"tm-short-desc\">\n\t\t\t\t\t\t\tLe DTF est un syst\u00e8me d'impression qui consiste \u00e0 imprimer en couleur sur un film, soit en compl\u00e9ment de notre production, soit pour la vente directe.\t\t\t\t\t\t<\/div>\n\t\t\t\t\t\t\t\t\t<\/div> \n\t\t\t<\/div>\n\t\t<\/div>\n\t<\/div>\n<\/article><\/div><div class=\"tm-box-col-wrapper col-lg-4 col-sm-6 col-md-4 col-xs-12 embalamento-fr\"><article class=\"themetechmount-box themetechmount-box-service themetechmount-servicebox-styletwo \">\n\t<div class=\"themetechmount-post-item\">\n\t\t<div class=\"themetechmount-box-bottom-content\">\t\n\t\t\t<div class=\"tm-featured-wrapper tm-tm_service-featured-wrapper\"><a href=\"https:\/\/goncalo.com.pt\/2026\/fr\/service\/emballage-et-etiquetage\/\"><img loading=\"lazy\" decoding=\"async\" width=\"768\" height=\"576\" src=\"https:\/\/goncalo.com.pt\/2026\/wp-content\/uploads\/2023\/08\/embalagem_2-768x576.png\" class=\"attachment-medium_large size-medium_large wp-post-image\" alt=\"embalagem\" srcset=\"https:\/\/goncalo.com.pt\/2026\/wp-content\/uploads\/2023\/08\/embalagem_2-768x576.png 768w, https:\/\/goncalo.com.pt\/2026\/wp-content\/uploads\/2023\/08\/embalagem_2-300x225.png 300w, https:\/\/goncalo.com.pt\/2026\/wp-content\/uploads\/2023\/08\/embalagem_2.png 1024w\" sizes=\"auto, (max-width: 768px) 100vw, 768px\" data-id=\"3175\" \/><\/a><\/div>\t\t\t<div class=\"tm-servicebox-detials\">\n\t\t\t\t<div class=\"tm-box-header\">\n\t\t\t\t\t<div class=\"themetechmount-box-title\"><h4><a href=\"https:\/\/goncalo.com.pt\/2026\/fr\/service\/emballage-et-etiquetage\/\">Emballage et \u00e9tiquetage<\/a><\/h4><\/div>\t\t\t\t\t<div class=\"tm-details-link\"><a href=\"https:\/\/goncalo.com.pt\/2026\/fr\/service\/emballage-et-etiquetage\/\"><i class=\"themifyicon ti-arrow-top-right\"><\/i><\/a><\/div>\n\t\t\t\t<\/div>\n\t\t\t\t<div class=\"themetechmount-box-desc\">\n\t\t\t\t\t\t\t\t\t\t\t<div class=\"tm-short-desc\">\n\t\t\t\t\t\t\tLa marchandise est emball\u00e9e selon les sp\u00e9cifications du client et exp\u00e9di\u00e9e vers n'importe quelle destination dans le monde.\t\t\t\t\t\t<\/div>\n\t\t\t\t\t\t\t\t\t<\/div> \n\t\t\t<\/div>\n\t\t<\/div>\n\t<\/div>\n<\/article><\/div><div class=\"tm-box-col-wrapper col-lg-4 col-sm-6 col-md-4 col-xs-12 armazenamento-fr\"><article class=\"themetechmount-box themetechmount-box-service themetechmount-servicebox-styletwo \">\n\t<div class=\"themetechmount-post-item\">\n\t\t<div class=\"themetechmount-box-bottom-content\">\t\n\t\t\t<div class=\"tm-featured-wrapper tm-tm_service-featured-wrapper\"><a href=\"https:\/\/goncalo.com.pt\/2026\/fr\/service\/stockage-et-expedition\/\"><img loading=\"lazy\" decoding=\"async\" width=\"768\" height=\"512\" src=\"https:\/\/goncalo.com.pt\/2026\/wp-content\/uploads\/2023\/08\/young-courier-his-colleague-unloading-cardboard-boxes-from-delivery-van-768x512.jpg\" class=\"attachment-medium_large size-medium_large wp-post-image\" alt=\"\" srcset=\"https:\/\/goncalo.com.pt\/2026\/wp-content\/uploads\/2023\/08\/young-courier-his-colleague-unloading-cardboard-boxes-from-delivery-van-768x512.jpg 768w, https:\/\/goncalo.com.pt\/2026\/wp-content\/uploads\/2023\/08\/young-courier-his-colleague-unloading-cardboard-boxes-from-delivery-van-300x200.jpg 300w, https:\/\/goncalo.com.pt\/2026\/wp-content\/uploads\/2023\/08\/young-courier-his-colleague-unloading-cardboard-boxes-from-delivery-van-1024x683.jpg 1024w, https:\/\/goncalo.com.pt\/2026\/wp-content\/uploads\/2023\/08\/young-courier-his-colleague-unloading-cardboard-boxes-from-delivery-van-1536x1024.jpg 1536w, https:\/\/goncalo.com.pt\/2026\/wp-content\/uploads\/2023\/08\/young-courier-his-colleague-unloading-cardboard-boxes-from-delivery-van-2048x1365.jpg 2048w, https:\/\/goncalo.com.pt\/2026\/wp-content\/uploads\/2023\/08\/young-courier-his-colleague-unloading-cardboard-boxes-from-delivery-van-1200x800.jpg 1200w\" sizes=\"auto, (max-width: 768px) 100vw, 768px\" data-id=\"2325\" \/><\/a><\/div>\t\t\t<div class=\"tm-servicebox-detials\">\n\t\t\t\t<div class=\"tm-box-header\">\n\t\t\t\t\t<div class=\"themetechmount-box-title\"><h4><a href=\"https:\/\/goncalo.com.pt\/2026\/fr\/service\/stockage-et-expedition\/\">Stockage et exp\u00e9dition<\/a><\/h4><\/div>\t\t\t\t\t<div class=\"tm-details-link\"><a href=\"https:\/\/goncalo.com.pt\/2026\/fr\/service\/stockage-et-expedition\/\"><i class=\"themifyicon ti-arrow-top-right\"><\/i><\/a><\/div>\n\t\t\t\t<\/div>\n\t\t\t\t<div class=\"themetechmount-box-desc\">\n\t\t\t\t\t\t\t\t\t\t\t<div class=\"tm-short-desc\">\n\t\t\t\t\t\t\tAvec un entrep\u00f4t moderne et s\u00e9curis\u00e9 \u00e0 proximit\u00e9 des principaux axes de communication, vous pouvez compter sur des livraisons dans les d\u00e9lais impartis.\t\t\t\t\t\t<\/div>\n\t\t\t\t\t\t\t\t\t<\/div> \n\t\t\t<\/div>\n\t\t<\/div>\n\t<\/div>\n<\/article><\/div>\n\t\t\t\t<\/div>\n\t\t\t<\/div><!-- .themetechmount-boxes-inner -->   <\/div><!-- .themetechmount-boxes -->  [vc_row_inner][vc_column_inner css=\u00a0\u00bb.vc_custom_1616566006620{padding-top: 30px !important;}\u00a0\u00bb tm_responsive_css=\u00a0\u00bb61364416|colbreak_no|||||||||colbreak_no|||||35px||20px||colbreak_no||||||||||colbreak_no|||||||||\u00a0\u00bb]\r\n\t\t<div class=\"tm-vc_btn3-container tm-vc_btn3-center\"><a class=\"tm-vc_general tm-vc_btn3 tm-vc_btn3-size-md tm-vc_btn3-shape-square tm-vc_btn3-style-outline tm-vc_btn3-weight-no tm-vc_btn3-color-black\" href=\"https:\/\/goncalo.com.pt\/2026\/servicos\" title=\"Servi\u00e7os\">Voir tous nos services!<\/a><\/div>[\/vc_column_inner][\/vc_row_inner][\/vc_column][\/vc_row]<\/p>\n<\/div>","protected":false},"excerpt":{"rendered":"<p>[vc_row tm_bgimagefixed=\u00a0\u00bb\u00a0\u00bb full_width=\u00a0\u00bbstretch_row\u00a0\u00bb tm_responsive_css=\u00a0\u00bb47482487|colbreak_no|||||||||colbreak_no|0px||||50px||60px||colbreak_no||||||||||colbreak_no|||||||||\u00a0\u00bb css=\u00a0\u00bb.vc_custom_1616565126588{margin-top: -175px !important;}\u00a0\u00bb][vc_column tm_col_bg_expand=\u00a0\u00bbleft\u00a0\u00bb tm_zindex=\u00a0\u00bb1&Prime; css=\u00a0\u00bb.vc_custom_1690297315936{margin-top: -50px !important;margin-bottom: -150px !important;margin-left: 70px !important;padding-top: 80px !important;padding-bottom: 200px !important;background-image: url(https:\/\/goncalo.com.pt\/2026\/wp-content\/uploads\/2021\/03\/row-bg-011-1.jpg?id=1580) !important;background-position: center !important;background-repeat: no-repeat !important;background-size: cover !important;}\u00a0\u00bb tm_responsive_css=\u00a0\u00bb64225822|colbreak_no|||||||||colbreak_no|-49px||0|0px|40px||30px||colbreak_no||||||||||colbreak_no|||||||||\u00a0\u00bb][vc_row_inner css=\u00a0\u00bb.vc_custom_1616564691076{margin-left: -85px !important;padding-right: 70px !important;}\u00a0\u00bb tm_responsive_css=\u00a0\u00bb52535592|colbreak_no|||||||||colbreak_no||||-15px||15px|||colbreak_no||||||||||colbreak_no|||||||||\u00a0\u00bb][vc_column_inner][\/vc_column_inner][\/vc_row_inner][\/vc_column][\/vc_row][vc_row tm_bgimagefixed=\u00a0\u00bb\u00a0\u00bb tm_zindex=\u00a0\u00bb2&Prime; css=\u00a0\u00bb.vc_custom_1690296917526{padding-top: 0px !important;padding-bottom: 0px !important;}\u00a0\u00bb tm_responsive_css=\u00a0\u00bb26591964|colbreak_no|||||||||colbreak_no|25px||||||0px||colbreak_no||||||||||colbreak_no|||||||||\u00a0\u00bb][vc_column tm_zindex=\u00a0\u00bb2&Prime; css=\u00a0\u00bb.vc_custom_1616418480005{margin-top: -60px !important;}\u00a0\u00bb][vc_row_inner][vc_column_inner css=\u00a0\u00bb.vc_custom_1616566006620{padding-top: 30px !important;}\u00a0\u00bb tm_responsive_css=\u00a0\u00bb61364416|colbreak_no|||||||||colbreak_no|||||35px||20px||colbreak_no||||||||||colbreak_no|||||||||\u00a0\u00bb][\/vc_column_inner][\/vc_row_inner][\/vc_column][\/vc_row]<\/p>\n","protected":false},"author":1,"featured_media":0,"parent":0,"menu_order":0,"comment_status":"closed","ping_status":"closed","template":"","meta":{"footnotes":""},"class_list":["post-2789","page","type-page","status-publish","hentry"],"_links":{"self":[{"href":"https:\/\/goncalo.com.pt\/2026\/fr\/wp-json\/wp\/v2\/pages\/2789","targetHints":{"allow":["GET"]}}],"collection":[{"href":"https:\/\/goncalo.com.pt\/2026\/fr\/wp-json\/wp\/v2\/pages"}],"about":[{"href":"https:\/\/goncalo.com.pt\/2026\/fr\/wp-json\/wp\/v2\/types\/page"}],"author":[{"embeddable":true,"href":"https:\/\/goncalo.com.pt\/2026\/fr\/wp-json\/wp\/v2\/users\/1"}],"replies":[{"embeddable":true,"href":"https:\/\/goncalo.com.pt\/2026\/fr\/wp-json\/wp\/v2\/comments?post=2789"}],"version-history":[{"count":4,"href":"https:\/\/goncalo.com.pt\/2026\/fr\/wp-json\/wp\/v2\/pages\/2789\/revisions"}],"predecessor-version":[{"id":2837,"href":"https:\/\/goncalo.com.pt\/2026\/fr\/wp-json\/wp\/v2\/pages\/2789\/revisions\/2837"}],"wp:attachment":[{"href":"https:\/\/goncalo.com.pt\/2026\/fr\/wp-json\/wp\/v2\/media?parent=2789"}],"curies":[{"name":"wp","href":"https:\/\/api.w.org\/{rel}","templated":true}]}}