{"id":1662,"date":"2023-07-20T21:53:09","date_gmt":"2023-07-20T21:53:09","guid":{"rendered":"https:\/\/goncalo.com.pt\/2026\/?page_id=1662"},"modified":"2023-07-20T21:53:09","modified_gmt":"2023-07-20T21:53:09","slug":"politica-de-privacidade","status":"publish","type":"page","link":"https:\/\/goncalo.com.pt\/2026\/politica-de-privacidade\/","title":{"rendered":"Pol\u00edtica de Privacidade"},"content":{"rendered":"<div class=\"page-content  \">\n<div class=\"page-content-wrap\">\n<div id=\"post-11656\" class=\"post-11656 page type-page status-publish hentry\">\n<div class=\"entry-content\">\n<article id=\"post-7565\" class=\"post-7565 page type-page status-publish hentry\">\n<div class=\"entry-content\">\n<div class=\"entry-content\">\n<div class=\"entry-content\">\n<p><strong>POL\u00cdTICA DE PRIVACIDADE<\/strong><\/p>\n<p>Na<strong> Gon\u00e7alo Confe\u00e7\u00f5es, Lda<\/strong>, temos uma importante responsabilidade e compromisso no que respeita \u00e0 seguran\u00e7a do nosso site e \u00e0 prote\u00e7\u00e3o dos dados dos nossos clientes e visitantes.<\/p>\n<p>A nossa pol\u00edtica de privacidade \u00e9 apresentada em seguida. Qualquer altera\u00e7\u00e3o a esta pol\u00edtica ser\u00e1 disponibilizada aqui, nesta declara\u00e7\u00e3o.<\/p>\n<p><strong>Que informa\u00e7\u00e3o recolhemos?<\/strong><\/p>\n<p>Na <strong>Gon\u00e7alo Confe\u00e7\u00f5es, Lda<\/strong>, recolhemos o nome, n\u00famero de telefone, endere\u00e7o postal, endere\u00e7o de email e idade do cliente para uso em campanhas de marketing, pr\u00e9mios e newsletters. Al\u00e9m disso, quando efetuar uma compra no nosso site, recolheremos tamb\u00e9m informa\u00e7\u00f5es sobre a morada de entrega e detalhes de pagamento e, eventualmente N\u00famero de Identifica\u00e7\u00e3o Fiscal.<\/p>\n<p>Podemos tamb\u00e9m recolher outras informa\u00e7\u00f5es sobre a experi\u00eancia do cliente no nosso site que contribuem para a melhoria do nosso servi\u00e7o.<\/p>\n<p><strong>Para que efeito s\u00e3o utilizados os dados recolhidos?<\/strong><\/p>\n<p>Os dados do cliente permitem aos nossos colaboradores processar as suas encomendas, notific\u00e1-lo acerca de altera\u00e7\u00f5es importantes nas funcionalidades do site, realizar inqu\u00e9ritos e obter informa\u00e7\u00f5es para efeitos estat\u00edsticos.<\/p>\n<p>Podemos tamb\u00e9m enviar-lhe periodicamente por e-mail informa\u00e7\u00f5es sobre produtos e servi\u00e7os, campanhas, promo\u00e7\u00f5es e ofertas especiais. Se o cliente n\u00e3o desejar ser contactado para estes efeitos, poder\u00e1 cancelar a subscri\u00e7\u00e3o da newsletter na sua conta pessoal.<\/p>\n<p>Por trabalharem em equipa e, de modo a poder proporcionar o melhor atendimento e cuidado, os profissionais da\u00a0<strong>Gon\u00e7alo Confe\u00e7\u00f5es, Lda<\/strong> poder\u00e3o partilhar entre si os Dados Pessoais recolhidos.<\/p>\n<p>Tendo em considera\u00e7\u00e3o a atividade que a\u00a0<strong>Gon\u00e7alo Confe\u00e7\u00f5es, Lda<\/strong> desenvolve, poder\u00e1 transmitir determinadas informa\u00e7\u00f5es a entidades p\u00fablicas, a fornecedores e demais parceiros, como empresas de transporte, CTT e Chronopost com o objetivo de avisar a hora de entrega e informar sobre altera\u00e7\u00f5es no envio, comprometendo-se, todavia, a proteger os dados dos clientes. Aquando do processamento da encomenda do cliente, \u00e9 poss\u00edvel que os seus dados, como o endere\u00e7o e c\u00f3digo postal, sejam divulgados para efeitos de preven\u00e7\u00e3o e dete\u00e7\u00e3o de fraudes.<\/p>\n<p><strong>O que s\u00e3o os Cookies e para que s\u00e3o<\/strong><\/p>\n<p>Clique aqui para ver a nossa<strong> Pol\u00edtica de Cookies<\/strong>.<\/p>\n<p>Um cookie \u00e9 um pequeno ficheiro enviado para o computador do cliente que fica guardado no seu disco.<\/p>\n<p>Ao criar uma conta no nosso site, o computador do cliente guardar\u00e1 um cookie que lhe permitir\u00e1 ser automaticamente identificado sempre que voltar a visitar o nosso site.<\/p>\n<p>Os cookies s\u00e3o tamb\u00e9m utilizados para que o nosso sistema consiga seguir os passos do cliente numa sess\u00e3o de compra. Se o cliente n\u00e3o aceitar a utiliza\u00e7\u00e3o de cookies, n\u00e3o conseguir\u00e1 utilizar este site<\/p>\n<p><strong>ATUALIZA\u00c7\u00c3O DOS DADOS DO CLIENTE<\/strong><\/p>\n<p>Se o cliente desejar verificar os dados que submeteu a <strong>Gon\u00e7alo Confe\u00e7\u00f5es, Lda<\/strong>, poder\u00e1 faz\u00ea-lo na sua conta pessoal.<\/p>\n<p>O cliente dever\u00e1 manter os dados de acesso \u00e0 sua conta seguros, dado que toda e qualquer a\u00e7\u00e3o ou pedido efetuados atrav\u00e9s da sua conta ser\u00e3o da sua responsabilidade.<\/p>\n<p>Recomendamos que o cliente n\u00e3o guarde a sua palavra-passe no browser, uma vez que outra pessoa com acesso ao seu computador pode ver e utilizar a sua informa\u00e7\u00e3o pessoal.<\/p>\n<p>Relembramos que enquanto titular dos dados, tem direito a retirar o consentimento relativamente ao tratamento efetuado aos dados pessoais; a opor-se \u00e0 continua\u00e7\u00e3o do tratamento dos dados; a solicitar o acesso e consulta dos dados, retifica\u00e7\u00e3o, elimina\u00e7\u00e3o ou restri\u00e7\u00e3o de tratamento; a solicitar o direito a ser esquecido; a requerer a portabilidade dos dados e, no caso de tratamento il\u00edcito de dados pessoais, a apresentar queixa junto da Comiss\u00e3o Nacional de Prote\u00e7\u00e3o de Dados.<\/p>\n<p>Qualquer pedido, esclarecimento ou assunto que considere conveniente, deve ser remetido por escrito, ao nosso Encarregado de Prote\u00e7\u00e3o de Dados, atrav\u00e9s do envio de um email para geral@goncalo.com.t<\/p>\n<p><strong>SEGURAN\u00c7A<\/strong><\/p>\n<p>A\u00a0<strong>Gon\u00e7alo Confe\u00e7\u00f5es, Lda<\/strong> utiliza um dos sistemas de encomendas online mais seguros que existem e est\u00e1 constantemente a melhorar o seu software, de forma a oferecer a maior seguran\u00e7a poss\u00edvel aos seus clientes.<\/p>\n<p>Utilizamos um certificado de servidor, tamb\u00e9m conhecido por certificado digital, que assegura a nossa identidade, assim como uma encripta\u00e7\u00e3o SSL (Secure Sockets Layer \u2013 Protocolo de Camada de Sockets Segura) dos dados transmitidos.<\/p>\n<p><strong>PROPRIEDADE INTELECTUAL E CONTE\u00daDOS<\/strong><\/p>\n<p>Todos os direitos de propriedade intelectual de software e conte\u00fados dispon\u00edveis atrav\u00e9s deste site s\u00e3o propriedade da\u00a0<strong>Gon\u00e7alo Confe\u00e7\u00f5es, Lda<\/strong> e est\u00e3o licenciados e protegidos por leis e tratados em todo o mundo. Todos esses direitos est\u00e3o reservados a\u00a0<strong>Gon\u00e7alo Confe\u00e7\u00f5es, Lda<\/strong> e aos seus fornecedores.<\/p>\n<p>O cliente pode guardar, imprimir ou apresentar os conte\u00fados deste site apenas para o seu uso pessoal.<\/p>\n<p>N\u00e3o \u00e9 permitida a publica\u00e7\u00e3o, manipula\u00e7\u00e3o, distribui\u00e7\u00e3o ou reprodu\u00e7\u00e3o, em qualquer formato, de qualquer conte\u00fado deste site, nem a liga\u00e7\u00e3o do mesmo a qualquer neg\u00f3cio ou empresa.<\/p>\n<\/div>\n<\/div>\n<\/div>\n<\/article>\n<\/div>\n<\/div>\n<\/div>\n<\/div>\n","protected":false},"excerpt":{"rendered":"<p>POL\u00cdTICA DE PRIVACIDADE Na Gon\u00e7alo Confe\u00e7\u00f5es, Lda, temos uma importante responsabilidade e compromisso no que respeita \u00e0 seguran\u00e7a do nosso site e \u00e0 prote\u00e7\u00e3o dos dados dos nossos clientes e visitantes. A nossa pol\u00edtica de privacidade \u00e9 apresentada em seguida. Qualquer altera\u00e7\u00e3o a esta pol\u00edtica ser\u00e1 disponibilizada aqui, nesta declara\u00e7\u00e3o. Que informa\u00e7\u00e3o recolhemos? Na Gon\u00e7alo &hellip; <a href=\"https:\/\/goncalo.com.pt\/2026\/politica-de-privacidade\/\" class=\"more-link\">Continue reading <span class=\"screen-reader-text\">Pol\u00edtica de Privacidade<\/span><\/a><\/p>\n","protected":false},"author":1,"featured_media":0,"parent":0,"menu_order":0,"comment_status":"closed","ping_status":"open","template":"","meta":{"footnotes":""},"class_list":["post-1662","page","type-page","status-publish","hentry"],"_links":{"self":[{"href":"https:\/\/goncalo.com.pt\/2026\/wp-json\/wp\/v2\/pages\/1662","targetHints":{"allow":["GET"]}}],"collection":[{"href":"https:\/\/goncalo.com.pt\/2026\/wp-json\/wp\/v2\/pages"}],"about":[{"href":"https:\/\/goncalo.com.pt\/2026\/wp-json\/wp\/v2\/types\/page"}],"author":[{"embeddable":true,"href":"https:\/\/goncalo.com.pt\/2026\/wp-json\/wp\/v2\/users\/1"}],"replies":[{"embeddable":true,"href":"https:\/\/goncalo.com.pt\/2026\/wp-json\/wp\/v2\/comments?post=1662"}],"version-history":[{"count":1,"href":"https:\/\/goncalo.com.pt\/2026\/wp-json\/wp\/v2\/pages\/1662\/revisions"}],"predecessor-version":[{"id":1663,"href":"https:\/\/goncalo.com.pt\/2026\/wp-json\/wp\/v2\/pages\/1662\/revisions\/1663"}],"wp:attachment":[{"href":"https:\/\/goncalo.com.pt\/2026\/wp-json\/wp\/v2\/media?parent=1662"}],"curies":[{"name":"wp","href":"https:\/\/api.w.org\/{rel}","templated":true}]}}