{"id":1665,"date":"2023-07-20T21:54:45","date_gmt":"2023-07-20T21:54:45","guid":{"rendered":"https:\/\/goncalo.com.pt\/2026\/?page_id=1665"},"modified":"2023-07-20T21:54:45","modified_gmt":"2023-07-20T21:54:45","slug":"resolucao-de-litigios","status":"publish","type":"page","link":"https:\/\/goncalo.com.pt\/2026\/resolucao-de-litigios\/","title":{"rendered":"Resolu\u00e7\u00e3o de Lit\u00edgios"},"content":{"rendered":"<div class=\"page-content  \">\n<div class=\"page-content-wrap\">\n<div id=\"post-11658\" class=\"post-11658 page type-page status-publish hentry\">\n<div class=\"entry-content\">\n<article id=\"post-7563\" class=\"post-7563 page type-page status-publish hentry\">\n<div class=\"entry-content\">\n<div class=\"entry-content\">\n<div class=\"entry-content\">\n<div class=\"entry-content\">\n<div id=\"main\" class=\"site-main clearfix\" role=\"main\">\n<p>Em caso de lit\u00edgio, o consumidor pode recorrer a uma Entidade de Resolu\u00e7\u00e3o de Lit\u00edgios de Consumo:<\/p>\n<p>&nbsp;<\/p>\n<p><b>Centro de Informa\u00e7\u00e3o, Media\u00e7\u00e3o e Arbitragem de Consumo (Tribunal Arbitral de Consumo)<\/b><br \/>\nBRAGA: Rua D Afonso Henriques, n\u00ba 1 (Ed Junta de Freguesia da S\u00e9)<br \/>\n4700 \u2013 030 Braga<\/p>\n<p>Em caso de lit\u00edgio de consumo no online, o consumidor pode recorrer a um sistema de resolu\u00e7\u00e3o de lit\u00edgios em \u201clinha\u201d (RLL), a Plataforma ODR (\u201conline dispute resolution\u201d), com compet\u00eancia para resolu\u00e7\u00e3o de lit\u00edgios relativos \u00e0s obriga\u00e7\u00f5es contratuais resultantes de contratos de venda ou de servi\u00e7os online.<\/p>\n<p>Aceda aqui \u00e0 Plataforma Eletr\u00f3nica de Resolu\u00e7\u00e3o Alternativa de Lit\u00edgios nos contratos de venda ou de servi\u00e7os online.<\/p>\n<p>Mais informa\u00e7\u00f5es em Portal do Consumidor (www.consumidor.pt)<\/p>\n<\/div>\n<\/div>\n<\/div>\n<\/div>\n<\/div>\n<\/article>\n<\/div>\n<\/div>\n<\/div>\n<\/div>\n","protected":false},"excerpt":{"rendered":"<p>Em caso de lit\u00edgio, o consumidor pode recorrer a uma Entidade de Resolu\u00e7\u00e3o de Lit\u00edgios de Consumo: &nbsp; Centro de Informa\u00e7\u00e3o, Media\u00e7\u00e3o e Arbitragem de Consumo (Tribunal Arbitral de Consumo) BRAGA: Rua D Afonso Henriques, n\u00ba 1 (Ed Junta de Freguesia da S\u00e9) 4700 \u2013 030 Braga Em caso de lit\u00edgio de consumo no online, &hellip; <a href=\"https:\/\/goncalo.com.pt\/2026\/resolucao-de-litigios\/\" class=\"more-link\">Continue reading <span class=\"screen-reader-text\">Resolu\u00e7\u00e3o de Lit\u00edgios<\/span><\/a><\/p>\n","protected":false},"author":1,"featured_media":0,"parent":0,"menu_order":0,"comment_status":"closed","ping_status":"open","template":"","meta":{"footnotes":""},"class_list":["post-1665","page","type-page","status-publish","hentry"],"_links":{"self":[{"href":"https:\/\/goncalo.com.pt\/2026\/wp-json\/wp\/v2\/pages\/1665","targetHints":{"allow":["GET"]}}],"collection":[{"href":"https:\/\/goncalo.com.pt\/2026\/wp-json\/wp\/v2\/pages"}],"about":[{"href":"https:\/\/goncalo.com.pt\/2026\/wp-json\/wp\/v2\/types\/page"}],"author":[{"embeddable":true,"href":"https:\/\/goncalo.com.pt\/2026\/wp-json\/wp\/v2\/users\/1"}],"replies":[{"embeddable":true,"href":"https:\/\/goncalo.com.pt\/2026\/wp-json\/wp\/v2\/comments?post=1665"}],"version-history":[{"count":1,"href":"https:\/\/goncalo.com.pt\/2026\/wp-json\/wp\/v2\/pages\/1665\/revisions"}],"predecessor-version":[{"id":1666,"href":"https:\/\/goncalo.com.pt\/2026\/wp-json\/wp\/v2\/pages\/1665\/revisions\/1666"}],"wp:attachment":[{"href":"https:\/\/goncalo.com.pt\/2026\/wp-json\/wp\/v2\/media?parent=1665"}],"curies":[{"name":"wp","href":"https:\/\/api.w.org\/{rel}","templated":true}]}}