{"id":1667,"date":"2023-07-20T21:55:32","date_gmt":"2023-07-20T21:55:32","guid":{"rendered":"https:\/\/goncalo.com.pt\/2026\/?page_id=1667"},"modified":"2023-07-20T21:55:32","modified_gmt":"2023-07-20T21:55:32","slug":"cookies","status":"publish","type":"page","link":"https:\/\/goncalo.com.pt\/2026\/cookies\/","title":{"rendered":"Cookies"},"content":{"rendered":"<div class=\"page-content  \">\n<div class=\"page-content-wrap\">\n<div id=\"post-11652\" class=\"post-11652 page type-page status-publish hentry\">\n<div class=\"entry-content\">\n<p><strong>O que s\u00e3o Cookies?<\/strong><\/p>\n<p>Os cookies s\u00e3o pequenos ficheiros de texto enviados para o seu computador ou dispositivo m\u00f3vel quando visita websites. Os cookies ajudam os websites a armazenar e recuperar informa\u00e7\u00e3o sobre os seus h\u00e1bitos de navega\u00e7\u00e3o por forma a personalizar a navega\u00e7\u00e3o de acordo com as suas prefer\u00eancias.<\/p>\n<p><strong>Que tipos de cookies utiliza www.goncalo.com.pt?<\/strong><\/p>\n<p>\u2022 Cookies de sess\u00e3o: s\u00e3o cookies tempor\u00e1rias que permanecem em arquivo de cookies do navegador at\u00e9 que este abandone a p\u00e1gina web, pelo que n\u00e3o fica qualquer registo no disco r\u00edgido do usu\u00e1rio. A Informa\u00e7\u00e3o recolhida por estes cookies servem para analizar padr\u00f5es de tr\u00e1fego do site. Em \u00faltima an\u00e1lise, isso permite-nos melhorar o conte\u00fado e melhorar a usabilidade do site.<\/p>\n<p>\u2022 Cookies de an\u00e1lise: S\u00e3o aqueles que bem tratados por n\u00f3s ou por terceiros, nos permitem quantificar o n\u00famero de usu\u00e1rios e realizar a medi\u00e7\u00e3o e an\u00e1lise estat\u00edstica de como os usu\u00e1rios usam o servi\u00e7o oferecido. Examinamos a sua navega\u00e7\u00e3o no nosso site, com o objectivo de melhorar o fornecimento de produtos ou servi\u00e7os que lhe disponibilizamos.<\/p>\n<p>\u2022 Cookies publicit\u00e1rias: S\u00e3o aqueles que bem tratadas por n\u00f3s ou por terceiros, nos permitem gerir de uma forma mais eficaz a oferta de espa\u00e7os publicit\u00e1rios que existem no site, podendo analizar os seus h\u00e1bitos de navega\u00e7\u00e3o e mostrar-lhe publicidade relacionada com o seu perfil de navage\u00e7\u00e3o,<\/p>\n<p><strong>Quais s\u00e3o os cookies que utilizamos no nosso site?<\/strong><\/p>\n<p>Cookies pr\u00f3prias<\/p>\n<p>sr_selected_store : Utilizada para a Reserva em loja para manter a loja selecionada pelo usu\u00e1rio<br \/>\ne524cfbb4aad511d59e5e179d95c521b (32 characters hash) : Cookie de sess\u00e3o<br \/>\nCART : Associa\u00e7\u00e3o com o carrinho de compras<br \/>\nCATEGORY_INFO : Armazena a informa\u00e7\u00e3o de categoria para mostrar as p\u00e1ginas de forma mais r\u00e1pida<br \/>\nCOMPARE : Produtos para compara\u00e7\u00e3o<br \/>\nCurrency : Moeda utilizada<br \/>\nCUSTOMER : Vers\u00e3o encriptada do ID de cliente na loja<br \/>\nCUSTOMER_AUTH : Indica se est\u00e1 atualmente logado no site<br \/>\nCUSTOMER_INFO : Vers\u00e3o encriptada do grupo de cliente ao qual pertence<br \/>\nCUSTOMER_SEGMENT_IDS : Armazena o ID de segmento de cliente<br \/>\nEXTERNAL_NO_CACHE : Indica se a cache est\u00e1 habilitada ou n\u00e3o<br \/>\nFRONTEND : ID de sess\u00e3o no servidor<br \/>\nGUEST-VIEW : Permite ao usu\u00e1rio n\u00e3o registado editar os seus pedidos<br \/>\nLAST_CATEGORY : Ultima categoria visualizada<br \/>\nLAST_PRODUCT : Ultimo produto visualizado<br \/>\nNEWMESSAGE : Indica se uma nova mensagem foi recebida<br \/>\nNO_CACHE : Indica se est\u00e1 autorizado a utilizar cache<br \/>\nPERSISTENT_SHOPPING_CART : Link de informa\u00e7\u00e3o sobre o carrinho de compras e hist\u00f3rico de pedidos<br \/>\nPOLL : ID de qualquer retorno de pesquisa<br \/>\nPOLLN : Informa\u00e7\u00e3o sobre pesquisas<br \/>\nRECENTLYCOMPARED : Produtos comparados<br \/>\nSTF : Informa\u00e7\u00e3o sobre produtos enviados por correio electr\u00f3nico a amigos<br \/>\nSTORE : Loja ou idioma selecionado<br \/>\nUSER_ALLOWED_SAVE_COOKIE : Indica se o usu\u00e1rio autoriza o uso de cookies<br \/>\nVIEWED_PRODUCT_IDS : Produtos recentemente visualizados<br \/>\nWHISLIST : Lista encriptada de produtos adicionados \u00e0 Wish List<br \/>\nWHISLIS T_CNT : N\u00famero de produtos da Wish List<br \/>\nLTU : Identifica o utilizador depois de estar logado<\/p>\n<p>Cookies de terceiros<\/p>\n<p>_utma : Utilizada para distinguir usu\u00e1rios e sess\u00f5es<br \/>\n_utmb y _utmc : Utilizadas para determinar novas visitas, sess\u00f5es<br \/>\n_utmz : Armazena a fonte de tr\u00e1fego para explicar como o usu\u00e1rio chega ao site<br \/>\nAPISID, SID y HSID : Utilizam-se para identificar usu\u00e1rios e prevenir usos fraudulentos de dados de usu\u00e1rios e proteger dados de usu\u00e1rios de terceiros<br \/>\nNID : Utilizada para personalizar publicidade em redes de Publisher<br \/>\nPREF : Permite ao site recordar prefer\u00eancias de navega\u00e7\u00e3o, idioma, regi\u00e3o<br \/>\nV1ST<br \/>\nAnal\u00edticas web e v\u00eddeos<br \/>\nDetermina que servidor mostra a informa\u00e7\u00e3o ao usu\u00e1rio<br \/>\nSegue as sess\u00f5es ativas<br \/>\nDetermina se as cookies est\u00e3o ativas<br \/>\nMede o tempo de resposta dos usu\u00e1rios<br \/>\nIdentifica quantas vezes nos visitou um usu\u00e1rio, que produtos comprou e a que pre\u00e7o<br \/>\nmbox : Cookie de rendimento<br \/>\nIS_RETURNING : Permite saber se \u00e9 a primeira visita ao site ou n\u00e3o<\/p>\n<p><strong>O que implica n\u00e3o autorizar o uso de cookies?<\/strong><\/p>\n<p>Se preferir n\u00e3o permitir cookies tem a possibilidade de desativar os cookies no navegador de internet (browser) que utiliza, mas dever\u00e1 ter em conta que poder\u00e1 impedir que algumas p\u00e1ginas Web sejam apresentadas corretamente.<\/p>\n<p><strong>Como configurar o meu navegador?<\/strong><\/p>\n<p>Google Chrome<\/p>\n<p>Clique no \u00edcone do menu do Google Chrome .<br \/>\nSelecione Configura\u00e7\u00f5es.<br \/>\nNa parte inferior da p\u00e1gina, clique em Mostrar configura\u00e7\u00f5es avan\u00e7adas.<br \/>\nNa se\u00e7\u00e3o \u201cPrivacidade\u201d, clique em Configura\u00e7\u00f5es de conte\u00fado.<br \/>\nAtivar ou desativar cookies:<br \/>\nPara ativar os cookies, selecione Permitir a configura\u00e7\u00e3o de dados locais (recomendado).<br \/>\nPara desativar os cookies, selecione Bloquear as configura\u00e7\u00f5es de quaisquer dados por sites.<\/p>\n<p>Internet Explorer<\/p>\n<p>Abrir o Internet Explorer clicando no bot\u00e3o Iniciar e, em seguida, clicando em Internet Explorer.<br \/>\nClique no bot\u00e3o Ferramentas e, em seguida, clique em Op\u00e7\u00f5es da Internet.<br \/>\nClique no separador Privacidade e, em Defini\u00e7\u00f5es, mova o controlo de deslize para o topo para bloquear todos os cookies ou para o fundo para permitir todos os cookies e, em seguida, clique em OK.<\/p>\n<p>Firefox<\/p>\n<p>Seleccione Ferramentas &gt; Op\u00e7\u00f5es e aceda ao painel Privacidade.<br \/>\nNo menu Guardar at\u00e9, seleccione a op\u00e7\u00e3o fechar o Firefox.<\/p>\n<p>Se deseja permitir aos sites em que confia a possibilidade de armazenar cookies permanentemente (por exemplo, para permitir a autentica\u00e7\u00e3o autom\u00e1tica num determinado site), pressione Excep\u00e7\u00f5es\u2026, introduza o endere\u00e7o do site e pressione Permitir.<\/p>\n<p>Safari<\/p>\n<p>Clique em \u201cEdit\u201d (Editar);<br \/>\nSelecione \u201cPreferences\u201d (Prefer\u00eancias);<br \/>\nNo painel superior, selecione o \u00edcone \u201cSecurity\u201d (Seguran\u00e7a)<br \/>\nNa sec\u00e7\u00e3o \u201cAccept Cookies\u201d (Aceitar cookies), selecione \u201cNever\u201d(Nunca).<\/p>\n<p>Opera<\/p>\n<p>Clique em Settings<br \/>\nSelecione Preferences &gt; Advanced &gt; Cookies &gt; Enable or disable cookies<\/p>\n<\/div>\n<\/div>\n<\/div>\n<\/div>\n","protected":false},"excerpt":{"rendered":"<p>O que s\u00e3o Cookies? Os cookies s\u00e3o pequenos ficheiros de texto enviados para o seu computador ou dispositivo m\u00f3vel quando visita websites. Os cookies ajudam os websites a armazenar e recuperar informa\u00e7\u00e3o sobre os seus h\u00e1bitos de navega\u00e7\u00e3o por forma a personalizar a navega\u00e7\u00e3o de acordo com as suas prefer\u00eancias. Que tipos de cookies utiliza &hellip; <a href=\"https:\/\/goncalo.com.pt\/2026\/cookies\/\" class=\"more-link\">Continue reading <span class=\"screen-reader-text\">Cookies<\/span><\/a><\/p>\n","protected":false},"author":1,"featured_media":0,"parent":0,"menu_order":0,"comment_status":"closed","ping_status":"open","template":"","meta":{"footnotes":""},"class_list":["post-1667","page","type-page","status-publish","hentry"],"_links":{"self":[{"href":"https:\/\/goncalo.com.pt\/2026\/wp-json\/wp\/v2\/pages\/1667","targetHints":{"allow":["GET"]}}],"collection":[{"href":"https:\/\/goncalo.com.pt\/2026\/wp-json\/wp\/v2\/pages"}],"about":[{"href":"https:\/\/goncalo.com.pt\/2026\/wp-json\/wp\/v2\/types\/page"}],"author":[{"embeddable":true,"href":"https:\/\/goncalo.com.pt\/2026\/wp-json\/wp\/v2\/users\/1"}],"replies":[{"embeddable":true,"href":"https:\/\/goncalo.com.pt\/2026\/wp-json\/wp\/v2\/comments?post=1667"}],"version-history":[{"count":1,"href":"https:\/\/goncalo.com.pt\/2026\/wp-json\/wp\/v2\/pages\/1667\/revisions"}],"predecessor-version":[{"id":1668,"href":"https:\/\/goncalo.com.pt\/2026\/wp-json\/wp\/v2\/pages\/1667\/revisions\/1668"}],"wp:attachment":[{"href":"https:\/\/goncalo.com.pt\/2026\/wp-json\/wp\/v2\/media?parent=1667"}],"curies":[{"name":"wp","href":"https:\/\/api.w.org\/{rel}","templated":true}]}}