{"id":2415,"date":"2023-08-09T16:03:36","date_gmt":"2023-08-09T16:03:36","guid":{"rendered":"https:\/\/goncalo.com.pt\/2026\/?page_id=2415"},"modified":"2024-11-14T16:28:41","modified_gmt":"2024-11-14T16:28:41","slug":"servicos","status":"publish","type":"page","link":"https:\/\/goncalo.com.pt\/2026\/servicos\/","title":{"rendered":"Servi\u00e7os"},"content":{"rendered":"<div class=\"wpb-content-wrapper\"><p>[vc_row][vc_column]<div class=\"themetechmount-boxes themetechmount-boxes-service themetechmount-boxes-view-default themetechmount-boxes-col-three themetechmount-boxes-sortable-no themetechmount-boxes-textalign-center tm-cta3-rev-heading\">\n\t\t<div class=\"themetechmount-boxes-inner themetechmount-boxes-service-inner \"><div class=\"themetechmount-box-heading-wrapper tm-element-align-center\"><div class=\"tm-element-heading-wrapper tm-heading-inner tm-element-align-center tm-seperator-none tm-heading-style-vertical \"><section class=\"tm-vc_cta3-container\"><div class=\"tm-vc_general tm-vc_cta3 tm-cta3-only tm-vc_cta3-style-classic tm-vc_cta3-shape-rounded tm-vc_cta3-align-center tm-vc_cta3-color-transparent tm-vc_cta3-icon-size-md tm-vc_cta3-actions-no tm-cta3-without-desc\"><div class=\"tm-vc_cta3_content-container\"><div class=\"tm-vc_cta3-content\"><header class=\"tm-vc_cta3-content-header tm-wrap\"><div class=\"tm-vc_cta3-headers tm-wrap-cell\"><h4 class=\"tm-custom-heading \" >Desde a conce\u00e7\u00e3o at\u00e9 \u00e0 entrega.<\/h4>\n<h2 class=\"tm-custom-heading \" >O que fazemos na Gon\u00e7alo Group?<\/h2>\n<\/div><div class=\"heading-seperator\"><span><\/span><\/div><\/header><\/div><\/div><\/div><\/section><\/div> <!-- .tm-element-heading-wrapper container --> <\/div> <!-- .tm-element-heading-wrapper container --> \n\t\t\t\t\n\t\t\t\t<div class=\"row multi-columns-row themetechmount-boxes-row-wrapper\">\n\t\t\t\t\t<div class=\"tm-box-col-wrapper col-lg-4 col-sm-6 col-md-4 col-xs-12 confecao\"><article class=\"themetechmount-box themetechmount-box-service themetechmount-servicebox-styletwo \">\n\t<div class=\"themetechmount-post-item\">\n\t\t<div class=\"themetechmount-box-bottom-content\">\t\n\t\t\t<div class=\"tm-featured-wrapper tm-tm_service-featured-wrapper\"><a href=\"https:\/\/goncalo.com.pt\/2026\/service\/modelagem-digital-e-corte\/\"><img loading=\"lazy\" decoding=\"async\" width=\"768\" height=\"576\" src=\"https:\/\/goncalo.com.pt\/2026\/wp-content\/uploads\/2023\/08\/2a6e6a1d-3656-4642-9976-62a7899d9b44-768x576.jpg\" class=\"attachment-medium_large size-medium_large wp-post-image\" alt=\"\" srcset=\"https:\/\/goncalo.com.pt\/2026\/wp-content\/uploads\/2023\/08\/2a6e6a1d-3656-4642-9976-62a7899d9b44-768x576.jpg 768w, https:\/\/goncalo.com.pt\/2026\/wp-content\/uploads\/2023\/08\/2a6e6a1d-3656-4642-9976-62a7899d9b44-300x225.jpg 300w, https:\/\/goncalo.com.pt\/2026\/wp-content\/uploads\/2023\/08\/2a6e6a1d-3656-4642-9976-62a7899d9b44.jpg 1024w\" sizes=\"auto, (max-width: 768px) 100vw, 768px\" data-id=\"2579\" \/><\/a><\/div>\t\t\t<div class=\"tm-servicebox-detials\">\n\t\t\t\t<div class=\"tm-box-header\">\n\t\t\t\t\t<div class=\"themetechmount-box-title\"><h4><a href=\"https:\/\/goncalo.com.pt\/2026\/service\/modelagem-digital-e-corte\/\">Modelagem Digital e Corte<\/a><\/h4><\/div>\t\t\t\t\t<div class=\"tm-details-link\"><a href=\"https:\/\/goncalo.com.pt\/2026\/service\/modelagem-digital-e-corte\/\"><i class=\"themifyicon ti-arrow-top-right\"><\/i><\/a><\/div>\n\t\t\t\t<\/div>\n\t\t\t\t<div class=\"themetechmount-box-desc\">\n\t\t\t\t\t\t\t\t\t\t\t<div class=\"tm-short-desc\">\n\t\t\t\t\t\t\tDisponibilizamos de maquinaria moderna e solu\u00e7\u00f5es tecnol\u00f3gicas adaptadas a cada cliente, servindo-o com rapidez, qualidade e rigor.\t\t\t\t\t\t<\/div>\n\t\t\t\t\t\t\t\t\t<\/div> \n\t\t\t<\/div>\n\t\t<\/div>\n\t<\/div>\n<\/article><\/div><div class=\"tm-box-col-wrapper col-lg-4 col-sm-6 col-md-4 col-xs-12 confecao\"><article class=\"themetechmount-box themetechmount-box-service themetechmount-servicebox-styletwo \">\n\t<div class=\"themetechmount-post-item\">\n\t\t<div class=\"themetechmount-box-bottom-content\">\t\n\t\t\t<div class=\"tm-featured-wrapper tm-tm_service-featured-wrapper\"><a href=\"https:\/\/goncalo.com.pt\/2026\/service\/confecao\/\"><img loading=\"lazy\" decoding=\"async\" width=\"768\" height=\"512\" src=\"https:\/\/goncalo.com.pt\/2026\/wp-content\/uploads\/2021\/02\/4-min-1-768x512.jpg\" class=\"attachment-medium_large size-medium_large wp-post-image\" alt=\"confe\u00e7\u00e3o Portugal\" srcset=\"https:\/\/goncalo.com.pt\/2026\/wp-content\/uploads\/2021\/02\/4-min-1-768x512.jpg 768w, https:\/\/goncalo.com.pt\/2026\/wp-content\/uploads\/2021\/02\/4-min-1-300x200.jpg 300w, https:\/\/goncalo.com.pt\/2026\/wp-content\/uploads\/2021\/02\/4-min-1-1024x683.jpg 1024w, https:\/\/goncalo.com.pt\/2026\/wp-content\/uploads\/2021\/02\/4-min-1.jpg 1200w\" sizes=\"auto, (max-width: 768px) 100vw, 768px\" data-id=\"426\" \/><\/a><\/div>\t\t\t<div class=\"tm-servicebox-detials\">\n\t\t\t\t<div class=\"tm-box-header\">\n\t\t\t\t\t<div class=\"themetechmount-box-title\"><h4><a href=\"https:\/\/goncalo.com.pt\/2026\/service\/confecao\/\">Confe\u00e7\u00e3o<\/a><\/h4><\/div>\t\t\t\t\t<div class=\"tm-details-link\"><a href=\"https:\/\/goncalo.com.pt\/2026\/service\/confecao\/\"><i class=\"themifyicon ti-arrow-top-right\"><\/i><\/a><\/div>\n\t\t\t\t<\/div>\n\t\t\t\t<div class=\"themetechmount-box-desc\">\n\t\t\t\t\t\t\t\t\t\t\t<div class=\"tm-short-desc\">\n\t\t\t\t\t\t\tCom 40 anos no mercado e confe\u00e7\u00e3o pr\u00f3pria, possu\u00edmos equipamentos adequados para obter um produto final com acabamentos \u00e0 altura do padr\u00e3o da ind\u00fastria.<br \/>\r\n\t\t\t\t\t\t<\/div>\n\t\t\t\t\t\t\t\t\t<\/div> \n\t\t\t<\/div>\n\t\t<\/div>\n\t<\/div>\n<\/article><\/div><div class=\"tm-box-col-wrapper col-lg-4 col-sm-6 col-md-4 col-xs-12 impressao-dtf\"><article class=\"themetechmount-box themetechmount-box-service themetechmount-servicebox-styletwo \">\n\t<div class=\"themetechmount-post-item\">\n\t\t<div class=\"themetechmount-box-bottom-content\">\t\n\t\t\t<div class=\"tm-featured-wrapper tm-tm_service-featured-wrapper\"><a href=\"https:\/\/goncalo.com.pt\/2026\/service\/impressao-dtf\/\"><img loading=\"lazy\" decoding=\"async\" width=\"768\" height=\"576\" src=\"https:\/\/goncalo.com.pt\/2026\/wp-content\/uploads\/2023\/08\/976cb0fd-4f62-4829-8723-a37f94ca7132-768x576.jpg\" class=\"attachment-medium_large size-medium_large wp-post-image\" alt=\"\" srcset=\"https:\/\/goncalo.com.pt\/2026\/wp-content\/uploads\/2023\/08\/976cb0fd-4f62-4829-8723-a37f94ca7132-768x576.jpg 768w, https:\/\/goncalo.com.pt\/2026\/wp-content\/uploads\/2023\/08\/976cb0fd-4f62-4829-8723-a37f94ca7132-300x225.jpg 300w, https:\/\/goncalo.com.pt\/2026\/wp-content\/uploads\/2023\/08\/976cb0fd-4f62-4829-8723-a37f94ca7132.jpg 1024w\" sizes=\"auto, (max-width: 768px) 100vw, 768px\" data-id=\"2521\" \/><\/a><\/div>\t\t\t<div class=\"tm-servicebox-detials\">\n\t\t\t\t<div class=\"tm-box-header\">\n\t\t\t\t\t<div class=\"themetechmount-box-title\"><h4><a href=\"https:\/\/goncalo.com.pt\/2026\/service\/impressao-dtf\/\">Impress\u00e3o DTF<\/a><\/h4><\/div>\t\t\t\t\t<div class=\"tm-details-link\"><a href=\"https:\/\/goncalo.com.pt\/2026\/service\/impressao-dtf\/\"><i class=\"themifyicon ti-arrow-top-right\"><\/i><\/a><\/div>\n\t\t\t\t<\/div>\n\t\t\t\t<div class=\"themetechmount-box-desc\">\n\t\t\t\t\t\t\t\t\t\t\t<div class=\"tm-short-desc\">\n\t\t\t\t\t\t\tO DTF \u00e9 um sistema de impress\u00e3o que consiste na impress\u00e3o a cores sobre uma pel\u00edcula, seja para complementar a nossa produ\u00e7\u00e3o ou para venda direta. \t\t\t\t\t\t<\/div>\n\t\t\t\t\t\t\t\t\t<\/div> \n\t\t\t<\/div>\n\t\t<\/div>\n\t<\/div>\n<\/article><\/div><div class=\"tm-box-col-wrapper col-lg-4 col-sm-6 col-md-4 col-xs-12 armazenamento\"><article class=\"themetechmount-box themetechmount-box-service themetechmount-servicebox-styletwo \">\n\t<div class=\"themetechmount-post-item\">\n\t\t<div class=\"themetechmount-box-bottom-content\">\t\n\t\t\t<div class=\"tm-featured-wrapper tm-tm_service-featured-wrapper\"><a href=\"https:\/\/goncalo.com.pt\/2026\/service\/armazenamento-e-envio\/\"><img loading=\"lazy\" decoding=\"async\" width=\"768\" height=\"512\" src=\"https:\/\/goncalo.com.pt\/2026\/wp-content\/uploads\/2023\/08\/young-courier-his-colleague-unloading-cardboard-boxes-from-delivery-van-768x512.jpg\" class=\"attachment-medium_large size-medium_large wp-post-image\" alt=\"\" srcset=\"https:\/\/goncalo.com.pt\/2026\/wp-content\/uploads\/2023\/08\/young-courier-his-colleague-unloading-cardboard-boxes-from-delivery-van-768x512.jpg 768w, https:\/\/goncalo.com.pt\/2026\/wp-content\/uploads\/2023\/08\/young-courier-his-colleague-unloading-cardboard-boxes-from-delivery-van-300x200.jpg 300w, https:\/\/goncalo.com.pt\/2026\/wp-content\/uploads\/2023\/08\/young-courier-his-colleague-unloading-cardboard-boxes-from-delivery-van-1024x683.jpg 1024w, https:\/\/goncalo.com.pt\/2026\/wp-content\/uploads\/2023\/08\/young-courier-his-colleague-unloading-cardboard-boxes-from-delivery-van-1536x1024.jpg 1536w, https:\/\/goncalo.com.pt\/2026\/wp-content\/uploads\/2023\/08\/young-courier-his-colleague-unloading-cardboard-boxes-from-delivery-van-2048x1365.jpg 2048w, https:\/\/goncalo.com.pt\/2026\/wp-content\/uploads\/2023\/08\/young-courier-his-colleague-unloading-cardboard-boxes-from-delivery-van-1200x800.jpg 1200w\" sizes=\"auto, (max-width: 768px) 100vw, 768px\" data-id=\"2323\" \/><\/a><\/div>\t\t\t<div class=\"tm-servicebox-detials\">\n\t\t\t\t<div class=\"tm-box-header\">\n\t\t\t\t\t<div class=\"themetechmount-box-title\"><h4><a href=\"https:\/\/goncalo.com.pt\/2026\/service\/armazenamento-e-envio\/\">Armazenamento e Envio<\/a><\/h4><\/div>\t\t\t\t\t<div class=\"tm-details-link\"><a href=\"https:\/\/goncalo.com.pt\/2026\/service\/armazenamento-e-envio\/\"><i class=\"themifyicon ti-arrow-top-right\"><\/i><\/a><\/div>\n\t\t\t\t<\/div>\n\t\t\t\t<div class=\"themetechmount-box-desc\">\n\t\t\t\t\t\t\t\t\t\t\t<div class=\"tm-short-desc\">\n\t\t\t\t\t\t\tCom armaz\u00e9m moderno, seguro e perto das principais vias de comunica\u00e7\u00e3o, conte com entregas dentro dos prazos estipulados.\t\t\t\t\t\t<\/div>\n\t\t\t\t\t\t\t\t\t<\/div> \n\t\t\t<\/div>\n\t\t<\/div>\n\t<\/div>\n<\/article><\/div>\n\t\t\t\t<\/div>\n\t\t\t<\/div><!-- .themetechmount-boxes-inner -->   <\/div><!-- .themetechmount-boxes -->  [\/vc_column][\/vc_row]<\/p>\n<\/div>","protected":false},"excerpt":{"rendered":"<p>[vc_row][vc_column][\/vc_column][\/vc_row]<\/p>\n","protected":false},"author":1,"featured_media":0,"parent":0,"menu_order":0,"comment_status":"closed","ping_status":"closed","template":"","meta":{"footnotes":""},"class_list":["post-2415","page","type-page","status-publish","hentry"],"_links":{"self":[{"href":"https:\/\/goncalo.com.pt\/2026\/wp-json\/wp\/v2\/pages\/2415","targetHints":{"allow":["GET"]}}],"collection":[{"href":"https:\/\/goncalo.com.pt\/2026\/wp-json\/wp\/v2\/pages"}],"about":[{"href":"https:\/\/goncalo.com.pt\/2026\/wp-json\/wp\/v2\/types\/page"}],"author":[{"embeddable":true,"href":"https:\/\/goncalo.com.pt\/2026\/wp-json\/wp\/v2\/users\/1"}],"replies":[{"embeddable":true,"href":"https:\/\/goncalo.com.pt\/2026\/wp-json\/wp\/v2\/comments?post=2415"}],"version-history":[{"count":8,"href":"https:\/\/goncalo.com.pt\/2026\/wp-json\/wp\/v2\/pages\/2415\/revisions"}],"predecessor-version":[{"id":3181,"href":"https:\/\/goncalo.com.pt\/2026\/wp-json\/wp\/v2\/pages\/2415\/revisions\/3181"}],"wp:attachment":[{"href":"https:\/\/goncalo.com.pt\/2026\/wp-json\/wp\/v2\/media?parent=2415"}],"curies":[{"name":"wp","href":"https:\/\/api.w.org\/{rel}","templated":true}]}}