{"id":2992,"date":"2024-02-07T13:33:17","date_gmt":"2024-02-07T13:33:17","guid":{"rendered":"https:\/\/goncalo.com.pt\/2026\/?page_id=2992"},"modified":"2024-02-07T13:47:13","modified_gmt":"2024-02-07T13:47:13","slug":"publicidade-2","status":"publish","type":"page","link":"https:\/\/goncalo.com.pt\/2026\/publicidade-2\/","title":{"rendered":"Publicidade"},"content":{"rendered":"<div class=\"wpb-content-wrapper\"><p>[vc_row][vc_column]<div class=\"themetechmount-boxes themetechmount-boxes-service themetechmount-boxes-view-default themetechmount-boxes-col-three themetechmount-boxes-sortable-no themetechmount-boxes-textalign-center tm-cta3-rev-heading\">\n\t\t<div class=\"themetechmount-boxes-inner themetechmount-boxes-service-inner \"><div class=\"themetechmount-box-heading-wrapper tm-element-align-center\"><div class=\"tm-element-heading-wrapper tm-heading-inner tm-element-align-center tm-seperator-none tm-heading-style-vertical \"><section class=\"tm-vc_cta3-container\"><div class=\"tm-vc_general tm-vc_cta3 tm-cta3-only tm-vc_cta3-style-classic tm-vc_cta3-shape-rounded tm-vc_cta3-align-center tm-vc_cta3-color-transparent tm-vc_cta3-icon-size-md tm-vc_cta3-actions-no tm-cta3-with-desc\"><div class=\"tm-vc_cta3_content-container\"><div class=\"tm-vc_cta3-content\"><header class=\"tm-vc_cta3-content-header tm-wrap\"><div class=\"tm-vc_cta3-headers tm-wrap-cell\"><h2 class=\"tm-custom-heading \" >Produzimos material publicit\u00e1rio!<\/h2>\n<\/div><div class=\"heading-seperator\"><span><\/span><\/div><\/header><div class=\"tm-cta3-content-wrapper\">\n<div class=\"wpb_text_column wpb_content_element \">\n<div class=\"wpb_wrapper\">\n<p style=\"text-align: center;\">Dentro do nosso departamento de Design, temos profissionais vocacionados para a elabora\u00e7\u00e3o e produ\u00e7\u00e3o de projetos de publicidade de grande formato, como lonas, expositores, vitrines, outdoors, carros, muppis, etc.<\/p>\n<p style=\"text-align: center;\">Possu\u00edmos plotter de corte e impress\u00e3o. Vinil de alta qualidade para o seu neg\u00f3cio, al\u00e9m de uma equipa de coloca\u00e7\u00e3o dos mesmos.<\/p>\n<\/div>\n<\/div>\n<p><\/div><\/div><\/div><\/div><\/section><\/div> <!-- .tm-element-heading-wrapper container --> <\/div> <!-- .tm-element-heading-wrapper container --> \n\t\t\t\t\n\t\t\t\t<div class=\"row multi-columns-row themetechmount-boxes-row-wrapper\">\n\t\t\t\t\t<div class=\"tm-box-col-wrapper col-lg-4 col-sm-6 col-md-4 col-xs-12 publicidade\"><article class=\"themetechmount-box themetechmount-box-service themetechmount-servicebox-styletwo \">\n\t<div class=\"themetechmount-post-item\">\n\t\t<div class=\"themetechmount-box-bottom-content\">\t\n\t\t\t<div class=\"tm-featured-wrapper tm-tm_service-featured-wrapper\"><a href=\"https:\/\/goncalo.com.pt\/2026\/service\/decoracao-de-viaturas-com-vinil\/\"><img loading=\"lazy\" decoding=\"async\" width=\"768\" height=\"364\" src=\"https:\/\/goncalo.com.pt\/2026\/wp-content\/uploads\/2024\/02\/carro_vinil_4-768x364.png\" class=\"attachment-medium_large size-medium_large wp-post-image\" alt=\"aplica\u00e7\u00e3o de vinil em viaturas\" srcset=\"https:\/\/goncalo.com.pt\/2026\/wp-content\/uploads\/2024\/02\/carro_vinil_4-768x364.png 768w, https:\/\/goncalo.com.pt\/2026\/wp-content\/uploads\/2024\/02\/carro_vinil_4-300x142.png 300w, https:\/\/goncalo.com.pt\/2026\/wp-content\/uploads\/2024\/02\/carro_vinil_4.png 1024w\" sizes=\"auto, (max-width: 768px) 100vw, 768px\" data-id=\"3138\" \/><\/a><\/div>\t\t\t<div class=\"tm-servicebox-detials\">\n\t\t\t\t<div class=\"tm-box-header\">\n\t\t\t\t\t<div class=\"themetechmount-box-title\"><h4><a href=\"https:\/\/goncalo.com.pt\/2026\/service\/decoracao-de-viaturas-com-vinil\/\">Decora\u00e7\u00e3o De Viaturas Com Vinil<\/a><\/h4><\/div>\t\t\t\t\t<div class=\"tm-details-link\"><a href=\"https:\/\/goncalo.com.pt\/2026\/service\/decoracao-de-viaturas-com-vinil\/\"><i class=\"themifyicon ti-arrow-top-right\"><\/i><\/a><\/div>\n\t\t\t\t<\/div>\n\t\t\t\t<div class=\"themetechmount-box-desc\">\n\t\t\t\t\t\t\t\t\t\t\t<div class=\"tm-short-desc\">\n\t\t\t\t\t\t\tDecoramos a sua viatura com vinil de corte ou de impress\u00e3o, com lamina\u00e7\u00e3o , coloca\u00e7\u00e3o na nossa ou sua sede.\t\t\t\t\t\t<\/div>\n\t\t\t\t\t\t\t\t\t<\/div> \n\t\t\t<\/div>\n\t\t<\/div>\n\t<\/div>\n<\/article><\/div><div class=\"tm-box-col-wrapper col-lg-4 col-sm-6 col-md-4 col-xs-12 publicidade\"><article class=\"themetechmount-box themetechmount-box-service themetechmount-servicebox-styletwo \">\n\t<div class=\"themetechmount-post-item\">\n\t\t<div class=\"themetechmount-box-bottom-content\">\t\n\t\t\t<div class=\"tm-featured-wrapper tm-tm_service-featured-wrapper\"><a href=\"https:\/\/goncalo.com.pt\/2026\/service\/decoracao-de-montras-com-vinil\/\"><img loading=\"lazy\" decoding=\"async\" width=\"768\" height=\"480\" src=\"https:\/\/goncalo.com.pt\/2026\/wp-content\/uploads\/2024\/02\/6-768x480.png\" class=\"attachment-medium_large size-medium_large wp-post-image\" alt=\"aplica\u00e7\u00e3o de vinil em montra\" srcset=\"https:\/\/goncalo.com.pt\/2026\/wp-content\/uploads\/2024\/02\/6-768x480.png 768w, https:\/\/goncalo.com.pt\/2026\/wp-content\/uploads\/2024\/02\/6-300x188.png 300w, https:\/\/goncalo.com.pt\/2026\/wp-content\/uploads\/2024\/02\/6-1024x640.png 1024w, https:\/\/goncalo.com.pt\/2026\/wp-content\/uploads\/2024\/02\/6.png 1280w\" sizes=\"auto, (max-width: 768px) 100vw, 768px\" data-id=\"3032\" \/><\/a><\/div>\t\t\t<div class=\"tm-servicebox-detials\">\n\t\t\t\t<div class=\"tm-box-header\">\n\t\t\t\t\t<div class=\"themetechmount-box-title\"><h4><a href=\"https:\/\/goncalo.com.pt\/2026\/service\/decoracao-de-montras-com-vinil\/\">Decora\u00e7\u00e3o de Montras com Vinil<\/a><\/h4><\/div>\t\t\t\t\t<div class=\"tm-details-link\"><a href=\"https:\/\/goncalo.com.pt\/2026\/service\/decoracao-de-montras-com-vinil\/\"><i class=\"themifyicon ti-arrow-top-right\"><\/i><\/a><\/div>\n\t\t\t\t<\/div>\n\t\t\t\t<div class=\"themetechmount-box-desc\">\n\t\t\t\t\t\t\t\t\t\t\t<div class=\"tm-short-desc\">\n\t\t\t\t\t\t\tDecoramos a montra da sua loja ou empresa com vinil de corte ou de impress\u00e3o, com lamina\u00e7\u00e3o.\t\t\t\t\t\t<\/div>\n\t\t\t\t\t\t\t\t\t<\/div> \n\t\t\t<\/div>\n\t\t<\/div>\n\t<\/div>\n<\/article><\/div><div class=\"tm-box-col-wrapper col-lg-4 col-sm-6 col-md-4 col-xs-12 publicidade\"><article class=\"themetechmount-box themetechmount-box-service themetechmount-servicebox-styletwo \">\n\t<div class=\"themetechmount-post-item\">\n\t\t<div class=\"themetechmount-box-bottom-content\">\t\n\t\t\t<div class=\"tm-featured-wrapper tm-tm_service-featured-wrapper\"><a href=\"https:\/\/goncalo.com.pt\/2026\/service\/impressao-lona-e-vinil\/\"><img loading=\"lazy\" decoding=\"async\" width=\"768\" height=\"480\" src=\"https:\/\/goncalo.com.pt\/2026\/wp-content\/uploads\/2024\/02\/5-768x480.png\" class=\"attachment-medium_large size-medium_large wp-post-image\" alt=\"\" srcset=\"https:\/\/goncalo.com.pt\/2026\/wp-content\/uploads\/2024\/02\/5-768x480.png 768w, https:\/\/goncalo.com.pt\/2026\/wp-content\/uploads\/2024\/02\/5-300x188.png 300w, https:\/\/goncalo.com.pt\/2026\/wp-content\/uploads\/2024\/02\/5-1024x640.png 1024w, https:\/\/goncalo.com.pt\/2026\/wp-content\/uploads\/2024\/02\/5.png 1280w\" sizes=\"auto, (max-width: 768px) 100vw, 768px\" data-id=\"3027\" \/><\/a><\/div>\t\t\t<div class=\"tm-servicebox-detials\">\n\t\t\t\t<div class=\"tm-box-header\">\n\t\t\t\t\t<div class=\"themetechmount-box-title\"><h4><a href=\"https:\/\/goncalo.com.pt\/2026\/service\/impressao-lona-e-vinil\/\">Impress\u00e3o Lona e Vinil<\/a><\/h4><\/div>\t\t\t\t\t<div class=\"tm-details-link\"><a href=\"https:\/\/goncalo.com.pt\/2026\/service\/impressao-lona-e-vinil\/\"><i class=\"themifyicon ti-arrow-top-right\"><\/i><\/a><\/div>\n\t\t\t\t<\/div>\n\t\t\t\t<div class=\"themetechmount-box-desc\">\n\t\t\t\t\t\t\t\t\t\t\t<div class=\"tm-short-desc\">\n\t\t\t\t\t\t\tFazemos impress\u00e3o de grande formato com lamina\u00e7\u00e3o . Outdoors, lonas, muppies, vinis para montras, paredes, placas, etc.\t\t\t\t\t\t<\/div>\n\t\t\t\t\t\t\t\t\t<\/div> \n\t\t\t<\/div>\n\t\t<\/div>\n\t<\/div>\n<\/article><\/div><div class=\"tm-box-col-wrapper col-lg-4 col-sm-6 col-md-4 col-xs-12 publicidade\"><article class=\"themetechmount-box themetechmount-box-service themetechmount-servicebox-styletwo \">\n\t<div class=\"themetechmount-post-item\">\n\t\t<div class=\"themetechmount-box-bottom-content\">\t\n\t\t\t<div class=\"tm-featured-wrapper tm-tm_service-featured-wrapper\"><a href=\"https:\/\/goncalo.com.pt\/2026\/service\/reclamos-publicitarios\/\"><img loading=\"lazy\" decoding=\"async\" width=\"768\" height=\"480\" src=\"https:\/\/goncalo.com.pt\/2026\/wp-content\/uploads\/2024\/02\/4-768x480.png\" class=\"attachment-medium_large size-medium_large wp-post-image\" alt=\"\" srcset=\"https:\/\/goncalo.com.pt\/2026\/wp-content\/uploads\/2024\/02\/4-768x480.png 768w, https:\/\/goncalo.com.pt\/2026\/wp-content\/uploads\/2024\/02\/4-300x188.png 300w, https:\/\/goncalo.com.pt\/2026\/wp-content\/uploads\/2024\/02\/4-1024x640.png 1024w, https:\/\/goncalo.com.pt\/2026\/wp-content\/uploads\/2024\/02\/4.png 1280w\" sizes=\"auto, (max-width: 768px) 100vw, 768px\" data-id=\"3022\" \/><\/a><\/div>\t\t\t<div class=\"tm-servicebox-detials\">\n\t\t\t\t<div class=\"tm-box-header\">\n\t\t\t\t\t<div class=\"themetechmount-box-title\"><h4><a href=\"https:\/\/goncalo.com.pt\/2026\/service\/reclamos-publicitarios\/\">Reclamos Publicit\u00e1rios<\/a><\/h4><\/div>\t\t\t\t\t<div class=\"tm-details-link\"><a href=\"https:\/\/goncalo.com.pt\/2026\/service\/reclamos-publicitarios\/\"><i class=\"themifyicon ti-arrow-top-right\"><\/i><\/a><\/div>\n\t\t\t\t<\/div>\n\t\t\t\t<div class=\"themetechmount-box-desc\">\n\t\t\t\t\t\t\t\t\t\t\t<div class=\"tm-short-desc\">\n\t\t\t\t\t\t\tDesenhamos, projetamos , produzimos e fazemos a coloca\u00e7\u00e3o de reclamos publicit\u00e1rios para a sua empresa\t\t\t\t\t\t<\/div>\n\t\t\t\t\t\t\t\t\t<\/div> \n\t\t\t<\/div>\n\t\t<\/div>\n\t<\/div>\n<\/article><\/div><div class=\"tm-box-col-wrapper col-lg-4 col-sm-6 col-md-4 col-xs-12 publicidade\"><article class=\"themetechmount-box themetechmount-box-service themetechmount-servicebox-styletwo \">\n\t<div class=\"themetechmount-post-item\">\n\t\t<div class=\"themetechmount-box-bottom-content\">\t\n\t\t\t<div class=\"tm-featured-wrapper tm-tm_service-featured-wrapper\"><a href=\"https:\/\/goncalo.com.pt\/2026\/service\/peliculas-termicas\/\"><img loading=\"lazy\" decoding=\"async\" width=\"768\" height=\"480\" src=\"https:\/\/goncalo.com.pt\/2026\/wp-content\/uploads\/2024\/02\/3-768x480.png\" class=\"attachment-medium_large size-medium_large wp-post-image\" alt=\"\" srcset=\"https:\/\/goncalo.com.pt\/2026\/wp-content\/uploads\/2024\/02\/3-768x480.png 768w, https:\/\/goncalo.com.pt\/2026\/wp-content\/uploads\/2024\/02\/3-300x188.png 300w, https:\/\/goncalo.com.pt\/2026\/wp-content\/uploads\/2024\/02\/3-1024x640.png 1024w, https:\/\/goncalo.com.pt\/2026\/wp-content\/uploads\/2024\/02\/3.png 1280w\" sizes=\"auto, (max-width: 768px) 100vw, 768px\" data-id=\"3017\" \/><\/a><\/div>\t\t\t<div class=\"tm-servicebox-detials\">\n\t\t\t\t<div class=\"tm-box-header\">\n\t\t\t\t\t<div class=\"themetechmount-box-title\"><h4><a href=\"https:\/\/goncalo.com.pt\/2026\/service\/peliculas-termicas\/\">Pel\u00edculas T\u00e9rmicas<\/a><\/h4><\/div>\t\t\t\t\t<div class=\"tm-details-link\"><a href=\"https:\/\/goncalo.com.pt\/2026\/service\/peliculas-termicas\/\"><i class=\"themifyicon ti-arrow-top-right\"><\/i><\/a><\/div>\n\t\t\t\t<\/div>\n\t\t\t\t<div class=\"themetechmount-box-desc\">\n\t\t\t\t\t\t\t\t\t\t\t<div class=\"tm-short-desc\">\n\t\t\t\t\t\t\tA luz e calor que entra pelas suas janelas s\u00e3o respons\u00e1veis pela maior porte do desconforto t\u00e9rmico. Colocamos\t\t\t\t\t\t<\/div>\n\t\t\t\t\t\t\t\t\t<\/div> \n\t\t\t<\/div>\n\t\t<\/div>\n\t<\/div>\n<\/article><\/div><div class=\"tm-box-col-wrapper col-lg-4 col-sm-6 col-md-4 col-xs-12 publicidade\"><article class=\"themetechmount-box themetechmount-box-service themetechmount-servicebox-styletwo \">\n\t<div class=\"themetechmount-post-item\">\n\t\t<div class=\"themetechmount-box-bottom-content\">\t\n\t\t\t<div class=\"tm-featured-wrapper tm-tm_service-featured-wrapper\"><a href=\"https:\/\/goncalo.com.pt\/2026\/service\/peliculas-protectora-malas-de-mota\/\"><img loading=\"lazy\" decoding=\"async\" width=\"768\" height=\"480\" src=\"https:\/\/goncalo.com.pt\/2026\/wp-content\/uploads\/2024\/02\/2-768x480.png\" class=\"attachment-medium_large size-medium_large wp-post-image\" alt=\"\" srcset=\"https:\/\/goncalo.com.pt\/2026\/wp-content\/uploads\/2024\/02\/2-768x480.png 768w, https:\/\/goncalo.com.pt\/2026\/wp-content\/uploads\/2024\/02\/2-300x188.png 300w, https:\/\/goncalo.com.pt\/2026\/wp-content\/uploads\/2024\/02\/2-1024x640.png 1024w, https:\/\/goncalo.com.pt\/2026\/wp-content\/uploads\/2024\/02\/2.png 1280w\" sizes=\"auto, (max-width: 768px) 100vw, 768px\" data-id=\"3012\" \/><\/a><\/div>\t\t\t<div class=\"tm-servicebox-detials\">\n\t\t\t\t<div class=\"tm-box-header\">\n\t\t\t\t\t<div class=\"themetechmount-box-title\"><h4><a href=\"https:\/\/goncalo.com.pt\/2026\/service\/peliculas-protectora-malas-de-mota\/\">Pel\u00edcula Protectora Malas De Mota<\/a><\/h4><\/div>\t\t\t\t\t<div class=\"tm-details-link\"><a href=\"https:\/\/goncalo.com.pt\/2026\/service\/peliculas-protectora-malas-de-mota\/\"><i class=\"themifyicon ti-arrow-top-right\"><\/i><\/a><\/div>\n\t\t\t\t<\/div>\n\t\t\t\t<div class=\"themetechmount-box-desc\">\n\t\t\t\t\t\t\t\t\t\t\t<div class=\"tm-short-desc\">\n\t\t\t\t\t\t\tProte\u00e7\u00e3o Dur\u00e1vel para Suas Malas de Moto com Pel\u00edcula Protetora\t\t\t\t\t\t<\/div>\n\t\t\t\t\t\t\t\t\t<\/div> \n\t\t\t<\/div>\n\t\t<\/div>\n\t<\/div>\n<\/article><\/div><div class=\"tm-box-col-wrapper col-lg-4 col-sm-6 col-md-4 col-xs-12 publicidade\"><article class=\"themetechmount-box themetechmount-box-service themetechmount-servicebox-styletwo \">\n\t<div class=\"themetechmount-post-item\">\n\t\t<div class=\"themetechmount-box-bottom-content\">\t\n\t\t\t<div class=\"tm-featured-wrapper tm-tm_service-featured-wrapper\"><a href=\"https:\/\/goncalo.com.pt\/2026\/service\/quadros-e-telas\/\"><img loading=\"lazy\" decoding=\"async\" width=\"768\" height=\"480\" src=\"https:\/\/goncalo.com.pt\/2026\/wp-content\/uploads\/2024\/02\/1-768x480.png\" class=\"attachment-medium_large size-medium_large wp-post-image\" alt=\"\" srcset=\"https:\/\/goncalo.com.pt\/2026\/wp-content\/uploads\/2024\/02\/1-768x480.png 768w, https:\/\/goncalo.com.pt\/2026\/wp-content\/uploads\/2024\/02\/1-300x188.png 300w, https:\/\/goncalo.com.pt\/2026\/wp-content\/uploads\/2024\/02\/1-1024x640.png 1024w, https:\/\/goncalo.com.pt\/2026\/wp-content\/uploads\/2024\/02\/1.png 1280w\" sizes=\"auto, (max-width: 768px) 100vw, 768px\" data-id=\"3007\" \/><\/a><\/div>\t\t\t<div class=\"tm-servicebox-detials\">\n\t\t\t\t<div class=\"tm-box-header\">\n\t\t\t\t\t<div class=\"themetechmount-box-title\"><h4><a href=\"https:\/\/goncalo.com.pt\/2026\/service\/quadros-e-telas\/\">Quadros e Telas<\/a><\/h4><\/div>\t\t\t\t\t<div class=\"tm-details-link\"><a href=\"https:\/\/goncalo.com.pt\/2026\/service\/quadros-e-telas\/\"><i class=\"themifyicon ti-arrow-top-right\"><\/i><\/a><\/div>\n\t\t\t\t<\/div>\n\t\t\t\t<div class=\"themetechmount-box-desc\">\n\t\t\t\t\t\t\t\t\t\t\t<div class=\"tm-short-desc\">\n\t\t\t\t\t\t\tPersonalize aqui a sua tela interior totalmente ao seu gosto e com o tamanho que desenhar.\t\t\t\t\t\t<\/div>\n\t\t\t\t\t\t\t\t\t<\/div> \n\t\t\t<\/div>\n\t\t<\/div>\n\t<\/div>\n<\/article><\/div>\n\t\t\t\t<\/div>\n\t\t\t<\/div><!-- .themetechmount-boxes-inner -->   <\/div><!-- .themetechmount-boxes -->  [\/vc_column][\/vc_row]<\/p>\n<\/div>","protected":false},"excerpt":{"rendered":"<p>[vc_row][vc_column][\/vc_column][\/vc_row]<\/p>\n","protected":false},"author":1,"featured_media":0,"parent":0,"menu_order":0,"comment_status":"closed","ping_status":"closed","template":"","meta":{"footnotes":""},"class_list":["post-2992","page","type-page","status-publish","hentry"],"_links":{"self":[{"href":"https:\/\/goncalo.com.pt\/2026\/wp-json\/wp\/v2\/pages\/2992","targetHints":{"allow":["GET"]}}],"collection":[{"href":"https:\/\/goncalo.com.pt\/2026\/wp-json\/wp\/v2\/pages"}],"about":[{"href":"https:\/\/goncalo.com.pt\/2026\/wp-json\/wp\/v2\/types\/page"}],"author":[{"embeddable":true,"href":"https:\/\/goncalo.com.pt\/2026\/wp-json\/wp\/v2\/users\/1"}],"replies":[{"embeddable":true,"href":"https:\/\/goncalo.com.pt\/2026\/wp-json\/wp\/v2\/comments?post=2992"}],"version-history":[{"count":5,"href":"https:\/\/goncalo.com.pt\/2026\/wp-json\/wp\/v2\/pages\/2992\/revisions"}],"predecessor-version":[{"id":3004,"href":"https:\/\/goncalo.com.pt\/2026\/wp-json\/wp\/v2\/pages\/2992\/revisions\/3004"}],"wp:attachment":[{"href":"https:\/\/goncalo.com.pt\/2026\/wp-json\/wp\/v2\/media?parent=2992"}],"curies":[{"name":"wp","href":"https:\/\/api.w.org\/{rel}","templated":true}]}}